{"id":3195,"date":"2024-10-30T12:14:13","date_gmt":"2024-10-30T11:14:13","guid":{"rendered":"https:\/\/www.banksandsaving.com\/termos-e-condicoes\/"},"modified":"2024-11-04T13:21:25","modified_gmt":"2024-11-04T12:21:25","slug":"termos-e-condicoes","status":"publish","type":"page","link":"https:\/\/www.banksandsaving.com\/pt-pt\/termos-e-condicoes\/","title":{"rendered":"Termos e condi\u00e7\u00f5es"},"content":{"rendered":"<div class=\"col\">\n<p><strong>INFORMA\u00c7\u00d5ES ADICIONAIS<\/strong><\/p>\n<p><strong>1) Quem \u00e9 o respons\u00e1vel pelo tratamento dos dados?<\/strong><\/p>\n<p>ADSALSA S.L.U.<\/p>\n<p>Fila Cord\u00f3n 36, Pol\u00edgono Industrial Cotes Altes Alcoy, Alicante, Espa\u00f1a<\/p>\n<p>B42599308<\/p>\n<p>Tel\u00e9fono: 965334670<\/p>\n<p>Contacto com o respons\u00e1vel pela prote\u00e7\u00e3o de dados: dpo@adsalsa.com<\/p>\n<p>&nbsp;<\/p>\n<p><strong>2) Qual \u00e9 a finalidade do tratamento dos seus dados?<\/strong><\/p>\n<p>Processamos os seus dados para:<\/p>\n<ul>\n<li>Presta\u00e7\u00e3o de servi\u00e7os de informa\u00e7\u00e3o sobre empr\u00e9stimos, cr\u00e9ditos e\/ou produtos financeiros: A informa\u00e7\u00e3o poder\u00e1 ser enviada diretamente pela ADSALSA, S.L.U. ou pelos seus colaboradores em fun\u00e7\u00e3o dos dados introduzidos no formul\u00e1rio de inscri\u00e7\u00e3o pelos interessados. A informa\u00e7\u00e3o ser\u00e1 sempre sobre empr\u00e9stimos, cr\u00e9ditos e\/ou produtos financeiros. Para que a informa\u00e7\u00e3o sobre empr\u00e9stimos, cr\u00e9ditos e\/ou produtos financeiros possa ser enviada pelos colaboradores da ADSALSA ao interessado, ser\u00e1 necess\u00e1rio que os dados recolhidos atrav\u00e9s do formul\u00e1rio de registo sejam previamente enviados ao colaborador via API para que este possa avaliar o perfil do interessado e decidir se algum dos produtos financeiros que oferece responde \u00e0s necessidades do interessado.<\/li>\n<li>Defini\u00e7\u00e3o de perfis para decidir que informa\u00e7\u00f5es sobre cr\u00e9ditos, empr\u00e9stimos ou servi\u00e7os financeiros enviar ao interessado: tendo em conta apenas os dados fornecidos pelos interessados no formul\u00e1rio de registo, por vezes as campanhas publicit\u00e1rias s\u00e3o segmentadas com o \u00fanico objetivo de aumentar o sucesso da campanha (por exemplo: enviar informa\u00e7\u00f5es sobre um empr\u00e9stimo que cumpra o par\u00e2metro ASNEF sim ou n\u00e3o). Neste tipo de segmenta\u00e7\u00e3o, o n\u00edvel de intromiss\u00e3o na esfera privada da pessoa em causa \u00e9 m\u00ednimo, uma vez que apenas s\u00e3o utilizados os dados fornecidos pela pr\u00f3pria pessoa em causa no seu registo, sem em caso algum seguir as pessoas atrav\u00e9s de diferentes s\u00edtios Web, dispositivos e\/ou servi\u00e7os.<\/li>\n<li>Se der o seu consentimento, comunicaremos os seus dados a empresas ou entidades terceiras para fins de publicidade\/marketing e\/ou estudos de mercado pertencentes a v\u00e1rios sectores de atividade. Pode consultar os sectores de atividade a que pertencem as empresas \u00e0s quais podemos comunicar os seus dados no ponto 5 do presente documento.<\/li>\n<\/ul>\n<p>&nbsp;<\/p>\n<p><strong>3) Durante quanto tempo conservaremos os seus dados?<\/strong><\/p>\n<p>Conservaremos os seus dados durante os seguintes per\u00edodos::<\/p>\n<ul>\n<li>Presta\u00e7\u00e3o de servi\u00e7os de informa\u00e7\u00e3o sobre empr\u00e9stimos, cr\u00e9ditos e\/ou produtos financeiros: por tempo indeterminado, enquanto a pessoa em causa n\u00e3o exercer o seu direito de oposi\u00e7\u00e3o e\/ou de supress\u00e3o.<\/li>\n<li>Defini\u00e7\u00e3o de perfis para poder decidir quais as informa\u00e7\u00f5es sobre cr\u00e9dito, empr\u00e9stimos ou servi\u00e7os financeiros a enviar \u00e0 pessoa em causa: Indefinido at\u00e9 que a pessoa em causa exer\u00e7a o seu direito de obje\u00e7\u00e3o e\/ou apagamento.<\/li>\n<li>Comunica\u00e7\u00e3o de dados a empresas\/entidades terceiras para fins de publicidade\/marketing e\/ou estudos de mercado: 5 anos.<\/li>\n<\/ul>\n<p>&nbsp;<\/p>\n<p><strong>4) Qual \u00e9 a legitimidade do tratamento dos seus dados pessoais?<\/strong><\/p>\n<ul>\n<li>Presta\u00e7\u00e3o de servi\u00e7os de informa\u00e7\u00e3o sobre empr\u00e9stimos, cr\u00e9ditos e\/ou produtos financeiros: Execu\u00e7\u00e3o de um contrato ou aplica\u00e7\u00e3o de medidas pr\u00e9-contratuais, Os dados recolhidos s\u00e3o: Nome, apelido, telefone, e-mail, c\u00f3digo postal, montante solicitado, rendimento mensal, finalidade, prazo de reembolso, situa\u00e7\u00e3o profissional, n\u00famero de identifica\u00e7\u00e3o, ASNEF (sim ou n\u00e3o), se tem ve\u00edculo e a idade do ve\u00edculo, se for o caso.<\/li>\n<li>Defini\u00e7\u00e3o de perfis para poder decidir quais as informa\u00e7\u00f5es sobre cr\u00e9dito, empr\u00e9stimos ou servi\u00e7os financeiros a enviar \u00e0 pessoa em causa: <\/li>\n<li>Comunica\u00e7\u00e3o de dados a empresas\/entidades terceiras para fins de publicidade\/marketing e\/ou estudos de mercado: Consentimento da pessoa em causa.<\/li>\n<\/ul>\n<p>&nbsp;<\/p>\n<p><strong>5) A que destinat\u00e1rios ser\u00e3o comunicados os seus dados?<\/strong><\/p>\n<p>Como j\u00e1 indic\u00e1mos anteriormente, os seus dados de identifica\u00e7\u00e3o e perfil ser\u00e3o comunicados \u00e0s empresas colaboradoras da ADSALSA para que estas possam, com base nos dados introduzidos por si no formul\u00e1rio de registo, oferecer-lhe informa\u00e7\u00e3o sobre os produtos que melhor se adaptam \u00e0s suas necessidades.<\/p>\n<p>Al\u00e9m disso, e apenas se der o seu consentimento, os seus dados de identifica\u00e7\u00e3o poder\u00e3o tamb\u00e9m ser comunicados a empresas, organiza\u00e7\u00f5es e\/ou entidades interessadas em dirigir-lhe actividades publicit\u00e1rias nos sectores de atividade abaixo indicados, ou para efeitos de estudos de mercado. Tal implicar\u00e1 necessariamente a necessidade de submeter os seus dados pessoais a opera\u00e7\u00f5es de normaliza\u00e7\u00e3o, deduplica\u00e7\u00e3o, filtragem e verifica\u00e7\u00e3o. A publicidade ser\u00e1 enviada por essas empresas terceiras.<\/p>\n<p>&nbsp;<\/p>\n<p>Os sectores de atividade a que podem pertencer os terceiros a quem os dados s\u00e3o divulgados s\u00e3o os seguintes<\/p>\n<p>&nbsp;<\/p>\n<ul>\n<li>Telecomunica\u00e7\u00f5es: Produtos e servi\u00e7os de telecomunica\u00e7\u00f5es e tecnologia.<\/li>\n<li>Financeira: Fornecida por institui\u00e7\u00f5es financeiras, de seguros e de seguran\u00e7a social. Intermedia\u00e7\u00e3o financeira e intermedia\u00e7\u00e3o de seguros.<\/li>\n<li>Lazer: Edi\u00e7\u00e3o, Turismo, Desporto, Colecionismo, Fotografia, Hobbies, Brinquedos, Transportes, Jardinagem, Passatempos, Lotarias, Clubes de lotaria, Comunica\u00e7\u00e3o e entretenimento. Vision\u00e1rio.<\/li>\n<li>Bens de consumo: Eletr\u00f3nica, Inform\u00e1tica, T\u00eaxteis, Imagem e Som, Acess\u00f3rios, Casa, Bazar, Cuidados pessoais (Cosm\u00e9tica, Perfumaria, Parafarm\u00e1cia, Especialidades farmac\u00eauticas publicit\u00e1rias) Mobili\u00e1rio, Alimenta\u00e7\u00e3o e Bebidas, Utens\u00edlios de cozinha. Moda e decora\u00e7\u00e3o.<\/li>\n<li>\u00d3tica e optometria.<\/li>\n<li>Autom\u00f3vel: Produtos e servi\u00e7os relacionados com Autom\u00f3veis, Motociclos, Cami\u00f5es.<\/li>\n<li>Propaganda eleitoral.<\/li>\n<li>Educa\u00e7\u00e3o.<\/li>\n<li>Energia e \u00e1gua: Produtos relacionados com a eletricidade, hidrocarbonetos, g\u00e1s e \u00e1gua.<\/li>\n<li>ONG: Produtos e servi\u00e7os relacionados com as ONG \u0301s.<\/li>\n<li>Empresas de marketing\/centros de atendimento telef\u00f3nico.<\/li>\n<li>Consultoria t\u00e9cnico-jur\u00eddica: Servi\u00e7os jur\u00eddicos administrativos e profissionais, consultoria e auditoria fiscal, contabil\u00edstica, laboral, civil e comercial.<\/li>\n<li><\/li>\n<\/ul>\n<p>&nbsp;<\/p>\n<p>As ac\u00e7\u00f5es de publicidade podem ser realizadas atrav\u00e9s dos seguintes canais:<\/p>\n<ul>\n<li>correio eletr\u00f3nico,\/li>\n<li>correio postal,<\/li>\n<li>chamadas telef\u00f3nicas para telefones fixos ou telem\u00f3veis,<\/li>\n<li>envio de mensagens SMS e\/ou MMS,<\/li>\n<li>servi\u00e7os de mensagens multiplataforma, chat<\/li>\n<li>chamadas automatizadas sem interven\u00e7\u00e3o humana,<\/li>\n<li>notifica\u00e7\u00f5es push,<\/li>\n<li>ou qualquer outro tipo de comunica\u00e7\u00e3o an\u00e1loga,<\/li>\n<\/ul>\n<p>&nbsp;<\/p>\n<p>6) Transfer\u00eancias internacionais.<\/p>\n<p>A plataforma tecnol\u00f3gica que utilizamos para enviar comunica\u00e7\u00f5es por via eletr\u00f3nica est\u00e1 localizada num pa\u00eds fora do Espa\u00e7o Econ\u00f3mico Europeu e foram cumpridos todos os requisitos legais na sua contrata\u00e7\u00e3o.<\/p>\n<p>&nbsp;<\/p>\n<p>7) Quais s\u00e3o os seus direitos quando nos fornece os seus dados e como pode exerc\u00ea-los?<\/p>\n<p>&nbsp;<\/p>\n<p>Tem o direito de:<\/p>\n<ul>\n<li>Acesso aos seus dados pessoais.<\/li>\n<li>Solicitar a sua retifica\u00e7\u00e3o.<\/li>\n<li>Solicitar a sua supress\u00e3o.<\/li>\n<li>Opor-se ao seu tratamento.<\/li>\n<li>Solicitar a limita\u00e7\u00e3o do seu tratamento.<\/li>\n<li>A portabilidade dos dados pessoais.<\/li>\n<\/ul>\n<p>&nbsp;<\/p>\n<p>O utilizador pode exercer os seus direitos atrav\u00e9s de comunica\u00e7\u00e3o escrita dirigida \u00e0 ADSALSA S.L.U., Fila Cord\u00f3n 36, Pol\u00edgono Industrial Cotes Altes, 03804, Alcoy, Alicante, Espa\u00f1a o para o seguinte endere\u00e7o eletr\u00f3nico<\/p>\n<p><a href=\"mailto:usuario@adsalsa.com\">usuario@adsalsa.com<\/a><\/p>\n<p>O pedido deve incluir a data, o nome e apelido(s), o pedido em que \u00e9 efectuado e o endere\u00e7o para efeitos de notifica\u00e7\u00e3o. Se considerar que o seu pedido n\u00e3o foi corretamente resolvido, pode dirigir-se \u00e0 Ag\u00eancia Espanhola de Prote\u00e7\u00e3o de Dados, cujos dados podem ser consultados em en<\/p>\n<p><a href=\"https:\/\/www.aepd.es\/\" target=\"_blank\" rel=\"noopener\">www.aepd.es<\/a><\/p>\n<\/div>\n","protected":false},"excerpt":{"rendered":"<p>INFORMA\u00c7\u00d5ES ADICIONAIS 1) Quem \u00e9 o respons\u00e1vel pelo tratamento dos dados? ADSALSA S.L.U. Fila Cord\u00f3n 36, Pol\u00edgono Industrial Cotes Altes Alcoy, Alicante, Espa\u00f1a B42599308 Tel\u00e9fono: 965334670 Contacto com o respons\u00e1vel pela prote\u00e7\u00e3o de dados: dpo@adsalsa.com &nbsp; 2) Qual \u00e9 a finalidade do tratamento dos seus dados? Processamos os seus dados para: Presta\u00e7\u00e3o de servi\u00e7os de [&hellip;]<\/p>\n","protected":false},"author":2,"featured_media":0,"parent":0,"menu_order":0,"comment_status":"closed","ping_status":"closed","template":"","meta":{"_et_pb_use_builder":"","_et_pb_old_content":"","_et_gb_content_width":"","footnotes":""},"class_list":["post-3195","page","type-page","status-publish","hentry"],"_links":{"self":[{"href":"https:\/\/www.banksandsaving.com\/pt-pt\/wp-json\/wp\/v2\/pages\/3195","targetHints":{"allow":["GET"]}}],"collection":[{"href":"https:\/\/www.banksandsaving.com\/pt-pt\/wp-json\/wp\/v2\/pages"}],"about":[{"href":"https:\/\/www.banksandsaving.com\/pt-pt\/wp-json\/wp\/v2\/types\/page"}],"author":[{"embeddable":true,"href":"https:\/\/www.banksandsaving.com\/pt-pt\/wp-json\/wp\/v2\/users\/2"}],"replies":[{"embeddable":true,"href":"https:\/\/www.banksandsaving.com\/pt-pt\/wp-json\/wp\/v2\/comments?post=3195"}],"version-history":[{"count":1,"href":"https:\/\/www.banksandsaving.com\/pt-pt\/wp-json\/wp\/v2\/pages\/3195\/revisions"}],"predecessor-version":[{"id":4629,"href":"https:\/\/www.banksandsaving.com\/pt-pt\/wp-json\/wp\/v2\/pages\/3195\/revisions\/4629"}],"wp:attachment":[{"href":"https:\/\/www.banksandsaving.com\/pt-pt\/wp-json\/wp\/v2\/media?parent=3195"}],"curies":[{"name":"wp","href":"https:\/\/api.w.org\/{rel}","templated":true}]}}