{"id":3165,"date":"2024-10-30T10:36:30","date_gmt":"2024-10-30T09:36:30","guid":{"rendered":"https:\/\/www.banksandsaving.com\/cookies\/"},"modified":"2024-11-04T13:21:23","modified_gmt":"2024-11-04T12:21:23","slug":"cookies","status":"publish","type":"page","link":"https:\/\/www.banksandsaving.com\/pt-pt\/cookies\/","title":{"rendered":"Cookies"},"content":{"rendered":"<p>O QUE S\u00c3O BOLACHAS?<\/p>\n<p>Um cookie \u00e9 um ficheiro que \u00e9 descarregado para o seu computador quando acede a determinados s\u00edtios Web. Os cookies permitem a um s\u00edtio Web, entre outras coisas, armazenar e recuperar informa\u00e7\u00f5es sobre os h\u00e1bitos de navega\u00e7\u00e3o de um utilizador ou do seu computador e, dependendo das informa\u00e7\u00f5es que cont\u00eam e da forma como utiliza o seu computador, podem ser utilizados para reconhecer o utilizador.<\/p>\n<p>Os cookies que utilizamos s\u00e3o os seguintes:<\/p>\n<p>Cookies pr\u00f3prios: S\u00e3o aqueles que s\u00e3o enviados para o equipamento terminal do utilizador a partir de um computador ou dom\u00ednio gerido pelo pr\u00f3prio editor e a partir do qual \u00e9 prestado o servi\u00e7o solicitado pelo utilizador.<\/p>\n<p>Cookies de terceiros: S\u00e3o aqueles que s\u00e3o enviados para o equipamento terminal do utilizador a partir de um computador ou dom\u00ednio que n\u00e3o \u00e9 gerido pelo editor, mas por outra entidade que processa os dados obtidos atrav\u00e9s dos cookies.<\/p>\n<p>Cookies de sess\u00e3o: S\u00e3o um tipo de cookie concebido para recolher e armazenar dados enquanto o utilizador acede a uma p\u00e1gina web.<\/p>\n<p>Cookies persistentes: S\u00e3o um tipo de cookie em que os dados ficam armazenados no terminal e podem ser acedidos e tratados durante um per\u00edodo definido pelo respons\u00e1vel pelo cookie, que pode ir de alguns minutos a v\u00e1rios anos.<\/p>\n<p>Cookies t\u00e9cnicos: S\u00e3o aqueles que permitem ao utilizador navegar atrav\u00e9s de um s\u00edtio web, plataforma ou aplica\u00e7\u00e3o e a utiliza\u00e7\u00e3o das diferentes op\u00e7\u00f5es ou servi\u00e7os que nela existam como, por exemplo, controlar o tr\u00e1fego e a comunica\u00e7\u00e3o de dados, identificar a sess\u00e3o, aceder a partes de acesso restringido, recordar os elementos que comp\u00f5em um pedido, realizar o processo de compra de um pedido, realizar o pedido de inscri\u00e7\u00e3o ou participa\u00e7\u00e3o num evento, utilizar elementos de seguran\u00e7a durante a navega\u00e7\u00e3o, armazenar conte\u00fados para difus\u00e3o de v\u00eddeo ou som ou partilhar conte\u00fados atrav\u00e9s das redes sociais.<\/p>\n<p>Cookies de personaliza\u00e7\u00e3o: Estes cookies permitem ao utilizador aceder ao servi\u00e7o com algumas carater\u00edsticas gerais predefinidas em fun\u00e7\u00e3o de uma s\u00e9rie de crit\u00e9rios no terminal do utilizador, tais como o idioma, o tipo de navegador utilizado para aceder ao servi\u00e7o, a configura\u00e7\u00e3o regional a partir da qual se acede ao servi\u00e7o, etc.<\/p>\n<p>Cookies de an\u00e1lisis: Son aqu\u00e9llas que permiten al responsable de las mismas, el seguimiento y an\u00e1lisis del comportamiento de los usuarios de los sitios web a los que est\u00e1n vinculadas. La informaci\u00f3n recogida mediante este tipo de cookies se utiliza en la medici\u00f3n de la actividad de los sitios web, aplicaci\u00f3n o plataforma y para la elaboraci\u00f3n de perfiles de navegaci\u00f3n de los usuarios de dichos sitios, aplicaciones y plataformas, con el fin de introducir mejoras en funci\u00f3n del an\u00e1lisis de los datos de uso que hacen los usuarios del servicio.<\/p>\n<p>Cookies publicit\u00e1rios: S\u00e3o aqueles que permitem gerir, da forma mais eficaz poss\u00edvel, os espa\u00e7os publicit\u00e1rios que, se for caso disso, o editor tenha inclu\u00eddo num s\u00edtio Web, aplica\u00e7\u00e3o ou plataforma a partir da qual presta o servi\u00e7o solicitado, com base em crit\u00e9rios como o conte\u00fado editado ou a frequ\u00eancia com que os an\u00fancios s\u00e3o apresentados.<\/p>\n<p>Cookies de publicidade comportamental: Estes cookies permitem gerir, da forma mais eficaz poss\u00edvel, os espa\u00e7os publicit\u00e1rios que, se for caso disso, o editor tenha inclu\u00eddo num s\u00edtio Web, aplica\u00e7\u00e3o ou plataforma a partir da qual presta o servi\u00e7o solicitado. Estes cookies armazenam informa\u00e7\u00f5es sobre o comportamento dos utilizadores obtidas atrav\u00e9s da observa\u00e7\u00e3o cont\u00ednua dos seus h\u00e1bitos de navega\u00e7\u00e3o, o que permite desenvolver um perfil espec\u00edfico para apresentar publicidade com base no mesmo.<br \/>\nConcretamente, las cookies utilizadas en esta p\u00e1gina web son:<\/p>\n<table class=\"cookies\" border=\"1\" width=\"100%\">\n<tbody>\n<tr>\n<td style=\"text-align: center;\" colspan=\"4\">COKIES PR\u00d3PRIAS<\/td>\n<\/tr>\n<tr>\n<td style=\"text-align: center;\" width=\"97\">Dom\u00ednio sob o qual o cookie aparece<\/td>\n<td style=\"text-align: center;\" width=\"149\">Nome<\/td>\n<td style=\"text-align: center;\" width=\"114\">Objetivo<\/td>\n<td style=\"text-align: center;\" width=\"119\">Mais informa\u00e7\u00f5es<\/td>\n<\/tr>\n<tr>\n<td style=\"text-align: left;\" width=\"97\">banksandsaving.com<\/td>\n<td style=\"text-align: left;\" width=\"149\">wpml_browser_redirect_test, _icl_visitor_lang_js<\/td>\n<td style=\"text-align: left;\" width=\"114\">S\u00e3o utilizados para detetar e guardar a configura\u00e7\u00e3o lingu\u00edstica.<\/td>\n<td style=\"text-align: center;\" width=\"119\"><\/td>\n<\/tr>\n<tr>\n<td rowspan=\"9\" width=\"97\">banksandsaving.com<\/td>\n<td width=\"149\">wpca_cc, wpca_consent<\/td>\n<td width=\"114\">S\u00e3o utilizados para guardar as defini\u00e7\u00f5es de cookies definidas pelo utilizador.<\/td>\n<td width=\"119\"><\/td>\n<\/tr>\n<\/tbody>\n<\/table>\n<p>&nbsp;<\/p>\n<p>&nbsp;<\/p>\n<table class=\"cookies\" border=\"1\" width=\"100%\">\n<tbody>\n<tr>\n<td style=\"text-align: center;\" colspan=\"4\">COOKIES DE TERCEIROS<\/td>\n<\/tr>\n<tr>\n<td style=\"text-align: center;\" width=\"97\">Dom\u00ednio sob o qual o cookie aparece<\/td>\n<td style=\"text-align: center;\" width=\"149\">Nome<\/td>\n<td style=\"text-align: center;\" width=\"114\">Objetivo<\/td>\n<td style=\"text-align: center;\" width=\"119\">Mais informa\u00e7\u00f5es<\/td>\n<\/tr>\n<tr>\n<td style=\"text-align: center;\" width=\"97\"><\/td>\n<td><\/td>\n<td width=\"114\"><\/td>\n<td style=\"text-align: center;\" width=\"119\"><\/td>\n<\/tr>\n<tr>\n<td><\/td>\n<td><\/td>\n<td><\/td>\n<td><\/td>\n<\/tr>\n<\/tbody>\n<\/table>\n<p>O utilizador pode, a qualquer momento, permitir, bloquear ou apagar os cookies instalados no seu computador, configurando as op\u00e7\u00f5es do seu browser:<\/p>\n<p>Google Chrome: Como gerir os cookies e os dados do s\u00edtio.<br \/>\nFirefox: Ativar e desativar os cookies que os s\u00edtios Web utilizam para seguir as suas prefer\u00eancias.<br \/>\nInternet Explorer: Bloquear ou permitir cookies.<br \/>\nSafari: Navegar na Internet. Sec\u00e7\u00e3o \u201cProteger informa\u00e7\u00f5es pessoais\u201d (na parte inferior da p\u00e1gina)<\/p>\n","protected":false},"excerpt":{"rendered":"<p>O QUE S\u00c3O BOLACHAS? Um cookie \u00e9 um ficheiro que \u00e9 descarregado para o seu computador quando acede a determinados s\u00edtios Web. Os cookies permitem a um s\u00edtio Web, entre outras coisas, armazenar e recuperar informa\u00e7\u00f5es sobre os h\u00e1bitos de navega\u00e7\u00e3o de um utilizador ou do seu computador e, dependendo das informa\u00e7\u00f5es que cont\u00eam e [&hellip;]<\/p>\n","protected":false},"author":1,"featured_media":0,"parent":0,"menu_order":0,"comment_status":"closed","ping_status":"closed","template":"","meta":{"_et_pb_use_builder":"","_et_pb_old_content":"","_et_gb_content_width":"","footnotes":""},"class_list":["post-3165","page","type-page","status-publish","hentry"],"_links":{"self":[{"href":"https:\/\/www.banksandsaving.com\/pt-pt\/wp-json\/wp\/v2\/pages\/3165","targetHints":{"allow":["GET"]}}],"collection":[{"href":"https:\/\/www.banksandsaving.com\/pt-pt\/wp-json\/wp\/v2\/pages"}],"about":[{"href":"https:\/\/www.banksandsaving.com\/pt-pt\/wp-json\/wp\/v2\/types\/page"}],"author":[{"embeddable":true,"href":"https:\/\/www.banksandsaving.com\/pt-pt\/wp-json\/wp\/v2\/users\/1"}],"replies":[{"embeddable":true,"href":"https:\/\/www.banksandsaving.com\/pt-pt\/wp-json\/wp\/v2\/comments?post=3165"}],"version-history":[{"count":1,"href":"https:\/\/www.banksandsaving.com\/pt-pt\/wp-json\/wp\/v2\/pages\/3165\/revisions"}],"predecessor-version":[{"id":4626,"href":"https:\/\/www.banksandsaving.com\/pt-pt\/wp-json\/wp\/v2\/pages\/3165\/revisions\/4626"}],"wp:attachment":[{"href":"https:\/\/www.banksandsaving.com\/pt-pt\/wp-json\/wp\/v2\/media?parent=3165"}],"curies":[{"name":"wp","href":"https:\/\/api.w.org\/{rel}","templated":true}]}}