{"id":3161,"date":"2024-10-30T10:25:39","date_gmt":"2024-10-30T09:25:39","guid":{"rendered":"https:\/\/www.banksandsaving.com\/clara-duarte\/"},"modified":"2024-11-11T10:45:20","modified_gmt":"2024-11-11T09:45:20","slug":"clara-duarte","status":"publish","type":"page","link":"https:\/\/www.banksandsaving.com\/pt-pt\/clara-duarte\/","title":{"rendered":"Clara Duarte"},"content":{"rendered":"<p>[et_pb_section fb_built=&#8221;1&#8243; admin_label=&#8221;section&#8221; _builder_version=&#8221;4.16&#8243; global_colors_info=&#8221;{}&#8221;][et_pb_row column_structure=&#8221;1_2,1_2&#8243; _builder_version=&#8221;4.19.0&#8243; _module_preset=&#8221;default&#8221; global_colors_info=&#8221;{}&#8221;][et_pb_column type=&#8221;1_2&#8243; _builder_version=&#8221;4.19.0&#8243; _module_preset=&#8221;default&#8221; global_colors_info=&#8221;{}&#8221;][et_pb_image src=&#8221;https:\/\/www.banksandsaving.com\/wp-content\/uploads\/2022\/11\/perfil_chica_corp02.png&#8221; alt=&#8221;Clara Duarte&#8221; title_text=&#8221;perfil_chica_corp02&#8243; _builder_version=&#8221;4.19.0&#8243; _module_preset=&#8221;default&#8221; width=&#8221;100%&#8221; max_width=&#8221;56%&#8221; module_alignment=&#8221;center&#8221; global_colors_info=&#8221;{}&#8221;][\/et_pb_image][\/et_pb_column][et_pb_column type=&#8221;1_2&#8243; _builder_version=&#8221;4.19.0&#8243; _module_preset=&#8221;default&#8221; global_colors_info=&#8221;{}&#8221;][et_pb_text _builder_version=&#8221;4.19.0&#8243; _module_preset=&#8221;default&#8221; custom_margin=&#8221;50px|0px||0px|false|true&#8221; custom_padding=&#8221;|0px||0px|false|true&#8221; custom_padding_tablet=&#8221;|0px||0px|false|true&#8221; custom_padding_phone=&#8221;|0px||0px|false|true&#8221; custom_padding_last_edited=&#8221;on|desktop&#8221; global_colors_info=&#8221;{}&#8221;]<\/p>\n<p>Eu sou a Clara Duarte, a vossa especialista em empr\u00e9stimos e dicas para poupar dinheiro. Dar-lhe-ei as melhores ideias para poupar dinheiro e dicas sobre como analisar e escolher os melhores empr\u00e9stimos para as suas necessidades pessoais.<\/p>\n<p>Quando pensamos em pedir um empr\u00e9stimo ou em procurar novas formas de poupar, surgem sempre d\u00favidas. \u00c9 por isso que, se tiver d\u00favidas sobre este assunto, pode faz\u00ea-lo utilizando o<a href=\"https:\/\/www.banksandsaving.com\/pt-pt\/contacto\/\">formul\u00e1rio de contacto<\/a>.<\/p>\n<p>[\/et_pb_text][et_pb_image src=&#8221;https:\/\/www.banksandsaving.com\/wp-content\/uploads\/2022\/11\/sigueme_en_linkedin.png&#8221; alt=&#8221;LinkedIn Clara Duarte&#8221; title_text=&#8221;sigueme_en_linkedin&#8221; url=&#8221;https:\/\/www.linkedin.com\/in\/clara-duarte-5a5640256\/&#8221; _builder_version=&#8221;4.19.0&#8243; _module_preset=&#8221;default&#8221; global_colors_info=&#8221;{}&#8221;][\/et_pb_image][\/et_pb_column][\/et_pb_row][et_pb_row _builder_version=&#8221;4.19.0&#8243; _module_preset=&#8221;default&#8221; global_colors_info=&#8221;{}&#8221;][et_pb_column type=&#8221;4_4&#8243; _builder_version=&#8221;4.19.0&#8243; _module_preset=&#8221;default&#8221; global_colors_info=&#8221;{}&#8221;][et_pb_text _builder_version=&#8221;4.19.0&#8243; _module_preset=&#8221;default&#8221; global_colors_info=&#8221;{}&#8221;]<\/p>\n<p><span style=\"font-weight: 400;\">Como consultor financeiro, a minha miss\u00e3o \u00e9<\/span><b>ajudar as pessoas a tomar decis\u00f5es financeiras<\/b><span style=\"font-weight: 400;\"> para os tornar t\u00e3o exactos quanto poss\u00edvel.<\/span><\/p>\n<p><b>Posso procurar, comparar e gerir produtos financeiros<\/b><span style=\"font-weight: 400;\"> de pa\u00edses como a Su\u00e9cia, a Finl\u00e2ndia, a Noruega ou a Espanha, incluindo empr\u00e9stimos, cart\u00f5es de cr\u00e9dito e contas banc\u00e1rias.<\/span><\/p>\n<p><span style=\"font-weight: 400;\">Os meus conselhos sobre quest\u00f5es financeiras incluem <\/span><b>recomenda\u00e7\u00e3o de solu\u00e7\u00f5es completas e adaptadas <\/b><span style=\"font-weight: 400;\">\u00e0 situa\u00e7\u00e3o financeira de cada cliente, para que possa poupar o mais poss\u00edvel.<\/span><\/p>\n<p><span style=\"font-weight: 400;\">Quanto aos tipos de <b>empr\u00e9stimos <\/b>Com quem trabalho, destacam-se as seguintes:<\/span><\/p>\n<p>[\/et_pb_text][\/et_pb_column][\/et_pb_row][et_pb_row _builder_version=&#8221;4.19.0&#8243; _module_preset=&#8221;default&#8221; global_colors_info=&#8221;{}&#8221;][et_pb_column type=&#8221;4_4&#8243; _builder_version=&#8221;4.19.0&#8243; _module_preset=&#8221;default&#8221; global_colors_info=&#8221;{}&#8221;][et_pb_accordion _builder_version=&#8221;4.19.0&#8243; _module_preset=&#8221;default&#8221; global_colors_info=&#8221;{}&#8221;][et_pb_accordion_item title=&#8221;Empr\u00e9stimos pessoais&#8221; open=&#8221;on&#8221; _builder_version=&#8221;4.19.0&#8243; _module_preset=&#8221;default&#8221; global_colors_info=&#8221;{}&#8221;]<\/p>\n<p><span style=\"font-weight: 400;\">S\u00e3o frequentemente utilizados para financiar viagens ou equipamento dom\u00e9stico. O prazo de reembolso \u00e9 curto e as taxas de juro s\u00e3o elevadas.<\/span><\/p>\n<p>[\/et_pb_accordion_item][et_pb_accordion_item title=&#8221;Empr\u00e9stimos r\u00e1pidos.&#8221; _builder_version=&#8221;4.19.0&#8243; _module_preset=&#8221;default&#8221; global_colors_info=&#8221;{}&#8221; open=&#8221;off&#8221;]<\/p>\n<p><span style=\"font-weight: 400;\">\u00a0Este tipo de financiamento \u00e9 pr\u00e1tico quando a liquidez \u00e9 necess\u00e1ria num momento espec\u00edfico para pagar sal\u00e1rios ou resolver uma emerg\u00eancia. Normalmente, n\u00e3o existem muitos requisitos e as respostas aos pedidos s\u00e3o r\u00e1pidas.<\/span><\/p>\n<p>[\/et_pb_accordion_item][et_pb_accordion_item title=&#8221;Mini-cr\u00e9ditos&#8221; _builder_version=&#8221;4.19.0&#8243; _module_preset=&#8221;default&#8221; global_colors_info=&#8221;{}&#8221; open=&#8221;off&#8221;]<\/p>\n<p><span style=\"font-weight: 400;\">Trata-se de empr\u00e9stimos entre 100 e 500 euros e que n\u00e3o excedem 1 000 euros. S\u00e3o utilizados para a repara\u00e7\u00e3o de ve\u00edculos ou para o pagamento de facturas no final do m\u00eas. S\u00e3o concedidos instantaneamente e o seu prazo de reembolso n\u00e3o ultrapassa geralmente os 60 dias.<\/span><\/p>\n<p>[\/et_pb_accordion_item][et_pb_accordion_item title=&#8221;Cr\u00e9dito autom\u00f3vel&#8221; _builder_version=&#8221;4.19.0&#8243; _module_preset=&#8221;default&#8221; global_colors_info=&#8221;{}&#8221; open=&#8221;off&#8221;]<\/p>\n<p><span style=\"font-weight: 400;\">\u00c9 processado atrav\u00e9s da empresa que vende o ve\u00edculo. Os prazos de reembolso variam geralmente entre 12 e 60 meses e as taxas de juro variam consoante o prazo de reembolso do empr\u00e9stimo.<\/span><\/p>\n<p>[\/et_pb_accordion_item][et_pb_accordion_item title=&#8221;Cr\u00e9dito hipotec\u00e1rio&#8221; _builder_version=&#8221;4.19.0&#8243; _module_preset=&#8221;default&#8221; global_colors_info=&#8221;{}&#8221; open=&#8221;off&#8221;]<\/p>\n<p><span style=\"font-weight: 400;\">Este tipo de empr\u00e9stimo \u00e9 o mais importante e \u00e9 utilizado para comprar uma casa. O per\u00edodo de reembolso \u00e9 longo, geralmente de 20 a 40 anos, e a taxa de juro \u00e9 a mais baixa em compara\u00e7\u00e3o com outros empr\u00e9stimos. Os bancos exigem como garantia para o reembolso do empr\u00e9stimo a casa que est\u00e1 a ser comprada.<\/span><\/p>\n<p>[\/et_pb_accordion_item][et_pb_accordion_item title=&#8221;Consolida\u00e7\u00e3o de v\u00e1rios empr\u00e9stimos&#8221; _builder_version=&#8221;4.19.0&#8243; _module_preset=&#8221;default&#8221; global_colors_info=&#8221;{}&#8221; open=&#8221;off&#8221;]<\/p>\n<p><span style=\"font-weight: 400;\">\u00c9 uma op\u00e7\u00e3o para converter o pagamento de v\u00e1rias d\u00edvidas, como a hipoteca e o empr\u00e9stimo autom\u00f3vel, num \u00fanico pagamento.<\/span><\/p>\n<p>[\/et_pb_accordion_item][et_pb_accordion_item title=&#8221;Empr\u00e9stimos com a Asnef&#8221; _builder_version=&#8221;4.19.0&#8243; _module_preset=&#8221;default&#8221; global_colors_info=&#8221;{}&#8221; open=&#8221;off&#8221;]<\/p>\n<p><span style=\"font-weight: 400;\">Trata-se de empr\u00e9stimos que podem ser solicitados por pessoas que constam da lista de inadimplentes. Esta op\u00e7\u00e3o exige uma fonte de rendimento, prazos de reembolso curtos e montantes geralmente baixos.<\/span><\/p>\n<p>[\/et_pb_accordion_item][\/et_pb_accordion][\/et_pb_column][\/et_pb_row][et_pb_row _builder_version=&#8221;4.19.0&#8243; _module_preset=&#8221;default&#8221; global_colors_info=&#8221;{}&#8221;][et_pb_column type=&#8221;4_4&#8243; _builder_version=&#8221;4.19.0&#8243; _module_preset=&#8221;default&#8221; global_colors_info=&#8221;{}&#8221;][et_pb_text _builder_version=&#8221;4.19.0&#8243; _module_preset=&#8221;default&#8221; text_orientation=&#8221;center&#8221; global_colors_info=&#8221;{}&#8221;]<\/p>\n<p><span style=\"font-weight: 400;\">Posso tamb\u00e9m oferecer-lhe outros <\/span><b>produtos financeiros<\/b><span style=\"font-weight: 400;\">, como contas ou cart\u00f5es, todos adaptados \u00e0s suas prefer\u00eancias e necessidades.<\/span><\/p>\n<p><span style=\"font-weight: 400;\">Para al\u00e9m disso, e em liga\u00e7\u00e3o com o que precede, posso dar-lhe <\/span><b>dicas sobre como gerir as suas finan\u00e7as<\/b><span style=\"font-weight: 400;\"> pessoal ou profissional da forma mais eficiente, obtendo o m\u00e1ximo de poupan\u00e7a: profissionais da forma mais eficiente, obtendo o m\u00e1ximo de poupan\u00e7a:<\/span><\/p>\n<p>[\/et_pb_text][\/et_pb_column][\/et_pb_row][et_pb_row column_structure=&#8221;1_4,1_4,1_4,1_4&#8243; _builder_version=&#8221;4.19.0&#8243; _module_preset=&#8221;default&#8221; global_colors_info=&#8221;{}&#8221;][et_pb_column type=&#8221;1_4&#8243; _builder_version=&#8221;4.19.0&#8243; _module_preset=&#8221;default&#8221; global_colors_info=&#8221;{}&#8221;][et_pb_text _builder_version=&#8221;4.19.0&#8243; _module_preset=&#8221;default&#8221; text_orientation=&#8221;center&#8221; global_colors_info=&#8221;{}&#8221;]<\/p>\n<p><b>Analisar a sua situa\u00e7\u00e3o econ\u00f3mica<\/b><span style=\"font-weight: 400;\">.<\/span><\/p>\n<p>[\/et_pb_text][et_pb_text _builder_version=&#8221;4.19.0&#8243; _module_preset=&#8221;default&#8221; text_orientation=&#8221;center&#8221; global_colors_info=&#8221;{}&#8221;]<\/p>\n<p><span style=\"font-weight: 400;\">\u00c9 necess\u00e1rio conhecer em pormenor as despesas mensais e di\u00e1rias para conhecer a origem da situa\u00e7\u00e3o econ\u00f3mica.<\/span><\/p>\n<p>[\/et_pb_text][\/et_pb_column][et_pb_column type=&#8221;1_4&#8243; _builder_version=&#8221;4.19.0&#8243; _module_preset=&#8221;default&#8221; global_colors_info=&#8221;{}&#8221;][et_pb_text _builder_version=&#8221;4.19.0&#8243; _module_preset=&#8221;default&#8221; text_orientation=&#8221;center&#8221; global_colors_info=&#8221;{}&#8221;]<\/p>\n<p><b>Identificar os problemas<\/b><span style=\"font-weight: 400;\">.<\/span><\/p>\n<p>[\/et_pb_text][et_pb_text _builder_version=&#8221;4.19.0&#8243; _module_preset=&#8221;default&#8221; text_orientation=&#8221;center&#8221; global_colors_info=&#8221;{}&#8221;]<\/p>\n<p><span style=\"font-weight: 400;\">Ao observar os movimentos das receitas e das despesas, ser\u00e1 poss\u00edvel identificar as despesas que podem ser eliminadas para aumentar o dinheiro dispon\u00edvel.<\/span><\/p>\n<p>[\/et_pb_text][\/et_pb_column][et_pb_column type=&#8221;1_4&#8243; _builder_version=&#8221;4.19.0&#8243; _module_preset=&#8221;default&#8221; global_colors_info=&#8221;{}&#8221;][et_pb_text _builder_version=&#8221;4.19.0&#8243; _module_preset=&#8221;default&#8221; text_orientation=&#8221;center&#8221; global_colors_info=&#8221;{}&#8221;]<\/p>\n<p><b>Organizar o dinheiro<\/b><span style=\"font-weight: 400;\">.<\/span><\/p>\n<p>[\/et_pb_text][et_pb_text _builder_version=&#8221;4.19.0&#8243; _module_preset=&#8221;default&#8221; text_orientation=&#8221;center&#8221; global_colors_info=&#8221;{}&#8221;]<\/p>\n<p><span style=\"font-weight: 400;\">\u00c9 essencial separar as despesas fixas das outras despesas, como a alimenta\u00e7\u00e3o ou a manuten\u00e7\u00e3o pessoal, para evitar gastar dinheiro em despesas desnecess\u00e1rias.<\/span><\/p>\n<p>[\/et_pb_text][\/et_pb_column][et_pb_column type=&#8221;1_4&#8243; _builder_version=&#8221;4.19.0&#8243; _module_preset=&#8221;default&#8221; global_colors_info=&#8221;{}&#8221;][et_pb_text _builder_version=&#8221;4.19.0&#8243; _module_preset=&#8221;default&#8221; text_orientation=&#8221;center&#8221; global_colors_info=&#8221;{}&#8221;]<\/p>\n<p><b>Compara\u00e7\u00e3o de financiamentos<\/b><span style=\"font-weight: 400;\">.<\/span><\/p>\n<p>[\/et_pb_text][et_pb_text _builder_version=&#8221;4.19.0&#8243; _module_preset=&#8221;default&#8221; text_orientation=&#8221;center&#8221; global_colors_info=&#8221;{}&#8221;]<\/p>\n<p><span style=\"font-weight: 400;\">Ao avaliar as diferentes op\u00e7\u00f5es de empr\u00e9stimo e cr\u00e9dito, pode candidatar-se ao tipo de empr\u00e9stimo ou cr\u00e9dito mais adequado \u00e0s suas necessidades financeiras actuais.<\/span><\/p>\n<p>[\/et_pb_text][\/et_pb_column][\/et_pb_row][et_pb_row _builder_version=&#8221;4.19.0&#8243; _module_preset=&#8221;default&#8221; global_colors_info=&#8221;{}&#8221;][et_pb_column type=&#8221;4_4&#8243; _builder_version=&#8221;4.19.0&#8243; _module_preset=&#8221;default&#8221; global_colors_info=&#8221;{}&#8221;][et_pb_text _builder_version=&#8221;4.19.0&#8243; _module_preset=&#8221;default&#8221; text_orientation=&#8221;center&#8221; global_colors_info=&#8221;{}&#8221;]<\/p>\n<p><span style=\"font-weight: 400;\">Se estes passos simples forem executados corretamente, a situa\u00e7\u00e3o financeira pode melhorar significativamente, passando de resultados negativos a poupan\u00e7as. <\/span><span style=\"font-weight: 400;\">Se precisa de um empr\u00e9stimo ou se a sua situa\u00e7\u00e3o financeira n\u00e3o \u00e9 a que deseja, n\u00e3o hesite em contactar-me para que eu possa ajud\u00e1-lo em todas as suas quest\u00f5es sobre financiamento, produtos financeiros e poupan\u00e7a.<\/span><\/p>\n<p>[\/et_pb_text][\/et_pb_column][\/et_pb_row][et_pb_row _builder_version=&#8221;4.19.0&#8243; _module_preset=&#8221;default&#8221; global_colors_info=&#8221;{}&#8221;][et_pb_column type=&#8221;4_4&#8243; _builder_version=&#8221;4.19.0&#8243; _module_preset=&#8221;default&#8221; global_colors_info=&#8221;{}&#8221;][et_pb_text _builder_version=&#8221;4.19.0&#8243; _module_preset=&#8221;default&#8221; text_orientation=&#8221;center&#8221; global_colors_info=&#8221;{}&#8221;]<\/p>\n<p>N\u00e3o se esque\u00e7a que escrevemos conte\u00fados de qualidade, publicando regularmente artigos no nosso blogue. De certeza que tem curiosidade em saber como pedir um empr\u00e9stimo, ou por exemplo o que s\u00e3o empr\u00e9stimos pr\u00e9-aprovados entre muitas outras d\u00favidas.<\/p>\n<p>Veja os \u00faltimos posts que public\u00e1mos! Esperamos que sejam \u00fateis.<\/p>\n<p>[\/et_pb_text][et_pb_blog fullwidth=&#8221;off&#8221; posts_number=&#8221;3&#8243; include_categories=&#8221;all&#8221; excerpt_length=&#8221;150&#8243; show_author=&#8221;off&#8221; show_date=&#8221;off&#8221; use_overlay=&#8221;on&#8221; overlay_icon_color=&#8221;#FFFFFF&#8221; hover_overlay_color=&#8221;rgba(14,234,197,0.69)&#8221; hover_icon=&#8221;&#xf4d5;||fa||400&#8243; _builder_version=&#8221;4.27.2&#8243; _module_preset=&#8221;default&#8221; meta_text_color=&#8221;#0EEAC5&#8243; pagination_text_color=&#8221;#0EEAC5&#8243; hover_enabled=&#8221;0&#8243; border_width_bottom_image=&#8221;2px&#8221; border_color_bottom_image=&#8221;#0EEAC5&#8243; box_shadow_style=&#8221;preset2&#8243; global_colors_info=&#8221;{}&#8221; sticky_enabled=&#8221;0&#8243;][\/et_pb_blog][\/et_pb_column][\/et_pb_row][\/et_pb_section]<\/p>\n","protected":false},"excerpt":{"rendered":"<p>Eu sou a Clara Duarte, a vossa especialista em empr\u00e9stimos e dicas para poupar dinheiro. Dar-lhe-ei as melhores ideias para poupar dinheiro e dicas sobre como analisar e escolher os melhores empr\u00e9stimos para as suas necessidades pessoais. Quando pensamos em pedir um empr\u00e9stimo ou em procurar novas formas de poupar, surgem sempre d\u00favidas. \u00c9 por [&hellip;]<\/p>\n","protected":false},"author":5,"featured_media":0,"parent":0,"menu_order":0,"comment_status":"closed","ping_status":"closed","template":"","meta":{"_et_pb_use_builder":"on","_et_pb_old_content":"","_et_gb_content_width":"","footnotes":""},"class_list":["post-3161","page","type-page","status-publish","hentry"],"_links":{"self":[{"href":"https:\/\/www.banksandsaving.com\/pt-pt\/wp-json\/wp\/v2\/pages\/3161","targetHints":{"allow":["GET"]}}],"collection":[{"href":"https:\/\/www.banksandsaving.com\/pt-pt\/wp-json\/wp\/v2\/pages"}],"about":[{"href":"https:\/\/www.banksandsaving.com\/pt-pt\/wp-json\/wp\/v2\/types\/page"}],"author":[{"embeddable":true,"href":"https:\/\/www.banksandsaving.com\/pt-pt\/wp-json\/wp\/v2\/users\/5"}],"replies":[{"embeddable":true,"href":"https:\/\/www.banksandsaving.com\/pt-pt\/wp-json\/wp\/v2\/comments?post=3161"}],"version-history":[{"count":4,"href":"https:\/\/www.banksandsaving.com\/pt-pt\/wp-json\/wp\/v2\/pages\/3161\/revisions"}],"predecessor-version":[{"id":5275,"href":"https:\/\/www.banksandsaving.com\/pt-pt\/wp-json\/wp\/v2\/pages\/3161\/revisions\/5275"}],"wp:attachment":[{"href":"https:\/\/www.banksandsaving.com\/pt-pt\/wp-json\/wp\/v2\/media?parent=3161"}],"curies":[{"name":"wp","href":"https:\/\/api.w.org\/{rel}","templated":true}]}}