{"id":3160,"date":"2024-10-30T09:50:15","date_gmt":"2024-10-30T08:50:15","guid":{"rendered":"https:\/\/www.banksandsaving.com\/aviso-legal\/"},"modified":"2024-11-04T13:21:20","modified_gmt":"2024-11-04T12:21:20","slug":"aviso-legal","status":"publish","type":"page","link":"https:\/\/www.banksandsaving.com\/pt-pt\/aviso-legal\/","title":{"rendered":"Aviso Legal"},"content":{"rendered":"<p>CONDI\u00c7\u00d5ES GERAIS DE UTILIZA\u00c7\u00c3O DO PORTAL WEB As condi\u00e7\u00f5es gerais contidas no presente aviso legal regulam o acesso e a utiliza\u00e7\u00e3o do site que a ADSALSA, S.L.U., em princ\u00edpio, coloca \u00e0 disposi\u00e7\u00e3o dos utilizadores da Internet de forma gratuita, sem preju\u00edzo de que esta circunst\u00e2ncia possa mudar no futuro. O acesso ao mesmo implica a aceita\u00e7\u00e3o sem reservas das presentes condi\u00e7\u00f5es. A utiliza\u00e7\u00e3o de determinados servi\u00e7os oferecidos neste site reger-se-\u00e1 igualmente pelas condi\u00e7\u00f5es particulares estipuladas em cada caso, que se entender\u00e3o aceites pela simples utiliza\u00e7\u00e3o dos mesmos. Traduzido com a vers\u00e3o gratuita do tradutor &#8211; DeepL.com AUTORIZA\u00c7\u00c3O A visualiza\u00e7\u00e3o, impress\u00e3o e descarregamento parcial do conte\u00fado do s\u00edtio Web \u00e9 autorizada \u00fanica e exclusivamente nas seguintes condi\u00e7\u00f5es 1. que seja compat\u00edvel com as finalidades do s\u00edtio Web. 2. que seja efectuada com o \u00fanico objetivo de obter a informa\u00e7\u00e3o contida no mesmo para uso pessoal e privado. \u00c9 expressamente proibida a sua utiliza\u00e7\u00e3o para fins comerciais ou para a sua distribui\u00e7\u00e3o, comunica\u00e7\u00e3o p\u00fablica, transforma\u00e7\u00e3o ou descompila\u00e7\u00e3o. 3. Que nenhum dos conte\u00fados relacionados com o s\u00edtio Web seja modificado de forma alguma. 4. Que nenhum gr\u00e1fico, \u00edcone ou imagem dispon\u00edvel no s\u00edtio Web seja utilizado, copiado ou distribu\u00eddo separadamente do resto das imagens que o acompanham. A utiliza\u00e7\u00e3o n\u00e3o autorizada da informa\u00e7\u00e3o contida no s\u00edtio Web, a sua revenda, bem como qualquer infra\u00e7\u00e3o dos direitos de propriedade intelectual ou industrial da ADSALSA, S.L.U. dar\u00e1 lugar \u00e0s responsabilidades legalmente estabelecidas. RESPONSABILIDADES &gt; EM GERAL Tanto o acesso ao s\u00edtio Web como qualquer utiliza\u00e7\u00e3o n\u00e3o autorizada que possa ser feita das informa\u00e7\u00f5es nele contidas s\u00e3o da exclusiva responsabilidade do utilizador. Funcionamento e disponibilidade do s\u00edtio Web A ADSALSA, S.L.U. reserva-se o direito de efetuar, em qualquer momento e sem aviso pr\u00e9vio, modifica\u00e7\u00f5es e actualiza\u00e7\u00f5es da informa\u00e7\u00e3o contida no s\u00edtio Web, da sua configura\u00e7\u00e3o e apresenta\u00e7\u00e3o e das condi\u00e7\u00f5es de acesso. A ADSALSA, S.L.U. n\u00e3o se responsabiliza pelos erros de seguran\u00e7a que possam ocorrer ou pelos danos que possam ser causados ao sistema inform\u00e1tico do utilizador (hardware e software), ou aos ficheiros ou documentos armazenados no mesmo, como consequ\u00eancia de: <\/p>\n<p>1. A presen\u00e7a de um v\u00edrus no computador do utilizador que \u00e9 utilizado para se ligar aos servi\u00e7os e conte\u00fados do s\u00edtio Web;<\/p>\n<p>2. Um mau funcionamento do navegador;<\/p>\n<p>3. A utiliza\u00e7\u00e3o de vers\u00f5es n\u00e3o actualizadas do mesmo.<\/p>\n<p>A ADSALSA, S.L.U. utiliza programas de dete\u00e7\u00e3o de v\u00edrus para controlar todos os Conte\u00fados que introduz no Site. No entanto, a ADSALSA, S.L.U. n\u00e3o garante a aus\u00eancia de v\u00edrus ou outros elementos no Site introduzidos por terceiros alheios \u00e0 ADSALSA, S.L.U. que possam provocar altera\u00e7\u00f5es nos sistemas f\u00edsicos ou l\u00f3gicos dos Utilizadores ou nos documentos electr\u00f3nicos e ficheiros armazenados nos seus sistemas. Consequentemente, a ADSALSA, S.L.U. n\u00e3o ser\u00e1 respons\u00e1vel, em caso algum, pelos danos e preju\u00edzos de qualquer natureza que possam derivar da presen\u00e7a de v\u00edrus ou outros elementos que possam provocar altera\u00e7\u00f5es nos sistemas f\u00edsicos ou l\u00f3gicos, documentos electr\u00f3nicos ou ficheiros dos Utilizadores.<\/p>\n<p>A ADSALSA, S.L.U. tamb\u00e9m utiliza diversas medidas para proteger o seu Site contra ataques inform\u00e1ticos de terceiros. No entanto, a ADSALSA, S.L.U. n\u00e3o garante que terceiros n\u00e3o autorizados n\u00e3o possam ter acesso ao tipo de utiliza\u00e7\u00e3o que o Utilizador faz do S\u00edtio Web, nem \u00e0s condi\u00e7\u00f5es, carater\u00edsticas e circunst\u00e2ncias em que essa utiliza\u00e7\u00e3o \u00e9 feita. <\/p>\n<p>Consequentemente, a ADSALSA, S.L.U. n\u00e3o ser\u00e1 respons\u00e1vel, em caso algum, pelos danos e preju\u00edzos que possam resultar do referido acesso n\u00e3o autorizado. A ADSALSA, S.L.U. n\u00e3o garante a inexist\u00eancia de interrup\u00e7\u00f5es ou erros no acesso ao s\u00edtio Web ou ao seu conte\u00fado, nem a sua atualiza\u00e7\u00e3o. A ADSALSA, S.L.U. realizar\u00e1, sempre que n\u00e3o existam causas que impossibilitem ou dificultem a sua realiza\u00e7\u00e3o e assim que tenha conhecimento dos erros, desconex\u00f5es ou falta de atualiza\u00e7\u00e3o dos conte\u00fados, todas as tarefas destinadas a corrigir os erros, restabelecer a comunica\u00e7\u00e3o e atualizar os conte\u00fados. <\/p>\n<p>A ADSALSA, S.L.U. reserva-se o direito de interromper o acesso ao seu s\u00edtio Web ou a qualquer dos seus conte\u00fados em qualquer momento e sem aviso pr\u00e9vio. <\/p>\n<p>A ADSALSA, S.L.U. n\u00e3o assume qualquer responsabilidade pelos conte\u00fados ligados ao s\u00edtio Web, sempre que n\u00e3o estejam relacionados com o mesmo, nem garante a aus\u00eancia de v\u00edrus ou outros elementos nos mesmos que possam provocar altera\u00e7\u00f5es no sistema inform\u00e1tico (hardware e software), nos documentos ou ficheiros do utilizador, excluindo qualquer responsabilidade pelos danos e preju\u00edzos de qualquer natureza causados ao utilizador por este motivo.<br \/>\nNo caso de qualquer utilizador, cliente ou terceiro considerar que os conte\u00fados ou servi\u00e7os fornecidos pelas p\u00e1ginas ligadas s\u00e3o il\u00edcitos ou lesivos dos bens ou direitos do pr\u00f3prio utilizador, de um cliente ou de um terceiro suscet\u00edvel de indemniza\u00e7\u00e3o e, em particular, consistem em <\/p>\n<p>1. actividades ou conte\u00fados suscept\u00edveis de serem considerados delituosos nos termos da legisla\u00e7\u00e3o penal espanhola. <\/p>\n<p>2. Actividades ou conte\u00fados que violem os direitos de propriedade intelectual ou industrial. <\/p>\n<p>3. Actividades ou conte\u00fados que ponham em perigo a ordem p\u00fablica, a investiga\u00e7\u00e3o criminal, a seguran\u00e7a p\u00fablica e a defesa nacional.<\/p>\n<p>4. Actividades ou conte\u00fados que ponham em perigo a prote\u00e7\u00e3o da sa\u00fade p\u00fablica, o respeito pela dignidade da pessoa humana e o princ\u00edpio da n\u00e3o discrimina\u00e7\u00e3o, bem como a prote\u00e7\u00e3o da sa\u00fade e da inf\u00e2ncia. A ADSALSA, S.L.U. poder\u00e1 notificar a ADSALSA, S.L.U., no entanto, a rece\u00e7\u00e3o da referida notifica\u00e7\u00e3o n\u00e3o constituir\u00e1 conhecimento para efeitos da responsabilidade prevista no artigo 17 da LSSICE. A ADSALSA, S.L.U. n\u00e3o se responsabiliza pela falta de utilidade ou adequa\u00e7\u00e3o a uma utiliza\u00e7\u00e3o concreta deste Site. Tamb\u00e9m n\u00e3o se responsabiliza pelos danos e preju\u00edzos que o Utilizador possa sofrer como consequ\u00eancia de erros ou omiss\u00f5es nos conte\u00fados desta P\u00e1gina Web, embora se comprometa a verificar e a controlar periodicamente os conte\u00fados e a informa\u00e7\u00e3o contida na mesma. 1 Utiliza\u00e7\u00e3o.<\/p>\n<p>A ADSALSA, S.L.U. n\u00e3o ser\u00e1 respons\u00e1vel, em caso algum, pela utiliza\u00e7\u00e3o que os Utilizadores possam fazer do Site ou dos Conte\u00fados, nem pelos danos e preju\u00edzos que possam derivar dos mesmos. 1. liga\u00e7\u00f5es a outros s\u00edtios Web Todas as liga\u00e7\u00f5es de terceiros ao s\u00edtio Web devem ser feitas para a p\u00e1gina inicial, sendo expressamente proibidas as \u201cliga\u00e7\u00f5es profundas\u201d, o \u201cframing\u201d e qualquer outra utiliza\u00e7\u00e3o dos conte\u00fados do s\u00edtio Web por terceiros n\u00e3o autorizados. Atrav\u00e9s deste s\u00edtio Web, o Utilizador pode aceder a s\u00edtios Web pertencentes e\/ou geridos por terceiros. A presen\u00e7a de tais liga\u00e7\u00f5es tem um car\u00e1cter meramente informativo e n\u00e3o constitui, em caso algum, um convite \u00e0 contrata\u00e7\u00e3o de produtos ou servi\u00e7os oferecidos no s\u00edtio Web de destino. O Utilizador aceder\u00e1 aos conte\u00fados e \u00e0s condi\u00e7\u00f5es de utiliza\u00e7\u00e3o que os regem sob a sua exclusiva responsabilidade.<\/p>\n<p>O Utilizador reconhece e aceita que a ADSALSA, S.L.U. n\u00e3o ser\u00e1 respons\u00e1vel, direta ou indiretamente, pelos danos e preju\u00edzos causados pelo acesso a essas liga\u00e7\u00f5es. No caso de que a ADSALSA, S.L.U. tenha conhecimento efetivo de que a informa\u00e7\u00e3o ou atividade para a qual remetem as referidas liga\u00e7\u00f5es \u00e9 il\u00edcita, constitui um delito ou pode danificar os bens ou direitos de um terceiro suscet\u00edvel de indemniza\u00e7\u00e3o, actuar\u00e1 com a dilig\u00eancia necess\u00e1ria para eliminar ou inutilizar a liga\u00e7\u00e3o correspondente com a maior brevidade poss\u00edvel PROPRIEDADE INDUSTRIAL A utiliza\u00e7\u00e3o do s\u00edtio Web n\u00e3o confere ao utilizador nenhum direito sobre marcas, nomes comerciais, sinais distintivos ou desenhos, Os artigos, not\u00edcias, legisla\u00e7\u00e3o e outros conte\u00fados p\u00fablicos cujos direitos de propriedade intelectual n\u00e3o perten\u00e7am \u00e0 ADSALSA, S. L.U. s\u00e3o publicados com a \u00fanica finalidade de informar os utilizadores desta p\u00e1gina. A ADSALSA, S.L.U. \u00e9 propriet\u00e1ria do c\u00f3digo fonte, do desenho, da estrutura de navega\u00e7\u00e3o, das bases de dados e dos diferentes elementos de software do s\u00edtio Web, assim como dos direitos de propriedade industrial e intelectual relativos aos conte\u00fados inclu\u00eddos no mesmo.<\/p>\n","protected":false},"excerpt":{"rendered":"<p>CONDI\u00c7\u00d5ES GERAIS DE UTILIZA\u00c7\u00c3O DO PORTAL WEB As condi\u00e7\u00f5es gerais contidas no presente aviso legal regulam o acesso e a utiliza\u00e7\u00e3o do site que a ADSALSA, S.L.U., em princ\u00edpio, coloca \u00e0 disposi\u00e7\u00e3o dos utilizadores da Internet de forma gratuita, sem preju\u00edzo de que esta circunst\u00e2ncia possa mudar no futuro. O acesso ao mesmo implica a [&hellip;]<\/p>\n","protected":false},"author":1,"featured_media":0,"parent":0,"menu_order":0,"comment_status":"closed","ping_status":"closed","template":"","meta":{"_et_pb_use_builder":"","_et_pb_old_content":"","_et_gb_content_width":"","footnotes":""},"class_list":["post-3160","page","type-page","status-publish","hentry"],"_links":{"self":[{"href":"https:\/\/www.banksandsaving.com\/pt-pt\/wp-json\/wp\/v2\/pages\/3160","targetHints":{"allow":["GET"]}}],"collection":[{"href":"https:\/\/www.banksandsaving.com\/pt-pt\/wp-json\/wp\/v2\/pages"}],"about":[{"href":"https:\/\/www.banksandsaving.com\/pt-pt\/wp-json\/wp\/v2\/types\/page"}],"author":[{"embeddable":true,"href":"https:\/\/www.banksandsaving.com\/pt-pt\/wp-json\/wp\/v2\/users\/1"}],"replies":[{"embeddable":true,"href":"https:\/\/www.banksandsaving.com\/pt-pt\/wp-json\/wp\/v2\/comments?post=3160"}],"version-history":[{"count":1,"href":"https:\/\/www.banksandsaving.com\/pt-pt\/wp-json\/wp\/v2\/pages\/3160\/revisions"}],"predecessor-version":[{"id":4625,"href":"https:\/\/www.banksandsaving.com\/pt-pt\/wp-json\/wp\/v2\/pages\/3160\/revisions\/4625"}],"wp:attachment":[{"href":"https:\/\/www.banksandsaving.com\/pt-pt\/wp-json\/wp\/v2\/media?parent=3160"}],"curies":[{"name":"wp","href":"https:\/\/api.w.org\/{rel}","templated":true}]}}