{"id":4713,"date":"2024-11-05T11:11:18","date_gmt":"2024-11-05T10:11:18","guid":{"rendered":"https:\/\/www.banksandsaving.com\/pozyczki\/"},"modified":"2024-11-11T11:09:10","modified_gmt":"2024-11-11T10:09:10","slug":"pozyczki","status":"publish","type":"page","link":"https:\/\/www.banksandsaving.com\/pl\/pozyczki\/","title":{"rendered":"Po\u017cyczki"},"content":{"rendered":"<p>[et_pb_section fb_built=&#8221;1&#8243; _builder_version=&#8221;4.27.2&#8243; _module_preset=&#8221;default&#8221; global_colors_info=&#8221;{}&#8221;][et_pb_row _builder_version=&#8221;4.27.2&#8243; _module_preset=&#8221;default&#8221; global_colors_info=&#8221;{}&#8221;][et_pb_column type=&#8221;4_4&#8243; _builder_version=&#8221;4.27.2&#8243; _module_preset=&#8221;default&#8221; global_colors_info=&#8221;{}&#8221;][et_pb_text _builder_version=&#8221;4.27.2&#8243; _module_preset=&#8221;default&#8221; global_colors_info=&#8221;{}&#8221;]<\/p>\n<p><b>Po\u017cyczki dostosowane do Twoich marze\u0144<\/b><\/p>\n<p><span style=\"font-weight: 400;\">Przy<\/span><span style=\"font-weight: 400;\">Banks and Saving<\/span><span style=\"font-weight: 400;\">,Rozumiemy, \u017ce ka\u017cda osoba i ka\u017cdy projekt jest wyj\u0105tkowy. Niezale\u017cnie od tego, czy chcesz sfinansowa\u0107 swoje studia, wyremontowa\u0107 dom, czy rozwin\u0105\u0107 firm\u0119, nasze po\u017cyczki s\u0105 zaprojektowane tak, aby zapewni\u0107 Ci wsparcie finansowe, kt\u00f3rego potrzebujesz, na warunkach, kt\u00f3re najlepiej pasuj\u0105 do Twojej rzeczywisto\u015bci. Dzi\u0119ki szybkim, elastycznym i bezpiecznym rozwi\u0105zaniom jeste\u015bmy tutaj, aby pom\u00f3c Ci urzeczywistni\u0107 Twoje cele.<\/span><\/p>\n<p><span style=\"font-weight: 400;\">Nasz zesp\u00f3\u0142 doradc\u00f3w wsp\u00f3\u0142pracuje z Tob\u0105, aby zaoferowa\u0107 przejrzysty plan finansowania dostosowany do Twoich potrzeb, zapewniaj\u0105c, \u017ce ka\u017cdy krok jest jasny i wygodny. Oto nasze specjalnie opracowane us\u0142ugi kredytowe.<br \/>\n<\/span><\/p>\n<p>[\/et_pb_text][\/et_pb_column][\/et_pb_row][et_pb_row column_structure=&#8221;1_2,1_2&#8243; _builder_version=&#8221;4.27.2&#8243; _module_preset=&#8221;default&#8221; global_colors_info=&#8221;{}&#8221;][et_pb_column type=&#8221;1_2&#8243; _builder_version=&#8221;4.27.2&#8243; _module_preset=&#8221;default&#8221; global_colors_info=&#8221;{}&#8221;][et_pb_blurb title=&#8221;Po\u017cyczki Osobiste&#8221; use_icon=&#8221;on&#8221; font_icon=&#8221;&#xe106;||divi||400&#8243; icon_color=&#8221;#0EEAC5&#8243; _builder_version=&#8221;4.27.2&#8243; _module_preset=&#8221;default&#8221; global_colors_info=&#8221;{}&#8221;]<\/p>\n<p><span style=\"font-weight: 400;\">Nasze po\u017cyczki osobiste zosta\u0142y zaprojektowane, aby pom\u00f3c Ci sfinansowa\u0107 wszelkie wydatki, kt\u00f3re musisz pokry\u0107 na co dzie\u0144, niezale\u017cnie od tego, czy jest to nag\u0142y wypadek, inwestycja osobista, czy jakikolwiek inny cel, kt\u00f3ry masz na my\u015bli. Oferujemy:<\/span><\/p>\n<ul>\n<li style=\"font-weight: 400;\" aria-level=\"1\"><span style=\"font-weight: 400;\">Elastyczne kwoty po\u017cyczek dostosowane do dochod\u00f3w<\/span><\/li>\n<li style=\"font-weight: 400;\" aria-level=\"1\"><span style=\"font-weight: 400;\">Konkurencyjne stopy procentowe<\/span><\/li>\n<li style=\"font-weight: 400;\" aria-level=\"1\"><span style=\"font-weight: 400;\">Przyst\u0119pne warunki p\u0142atno\u015bci<\/span><\/li>\n<li style=\"font-weight: 400;\" aria-level=\"1\"><span style=\"font-weight: 400;\">Szybki i \u0142atwy proces zatwierdzania<\/span><\/li>\n<\/ul>\n<p>[\/et_pb_blurb][\/et_pb_column][et_pb_column type=&#8221;1_2&#8243; _builder_version=&#8221;4.27.2&#8243; _module_preset=&#8221;default&#8221; global_colors_info=&#8221;{}&#8221;][et_pb_blurb title=&#8221;Po\u017cyczki Studenckie&#8221; use_icon=&#8221;on&#8221; font_icon=&#8221;&#xf02d;||fa||900&#8243; icon_color=&#8221;#0EEAC5&#8243; _builder_version=&#8221;4.27.2&#8243; _module_preset=&#8221;default&#8221; global_colors_info=&#8221;{}&#8221;]<\/p>\n<p><span style=\"font-weight: 400;\">Inwestowanie w swoj\u0105 edukacj\u0119 to inwestowanie w swoj\u0105 przysz\u0142o\u015b\u0107. Dzi\u0119ki naszym po\u017cyczkom studenckim b\u0119dziesz mie\u0107 mo\u017cliwo\u015b\u0107 pokrycia koszt\u00f3w studi\u00f3w wy\u017cszych, kurs\u00f3w specjalistycznych lub wymian mi\u0119dzynarodowych bez obawy o brak \u015brodk\u00f3w. Zalety obejmuj\u0105::<\/span><\/p>\n<ul>\n<li style=\"font-weight: 400;\" aria-level=\"1\"><span style=\"font-weight: 400;\">Rozszerzone i dogodne warunki p\u0142atno\u015bci<\/span><\/li>\n<li style=\"font-weight: 400;\" aria-level=\"1\"><span style=\"font-weight: 400;\">Opcje odroczonej p\u0142atno\u015bci lub odroczenia p\u0142atno\u015bci do czasu uko\u0144czenia studi\u00f3w<\/span><\/li>\n<li style=\"font-weight: 400;\" aria-level=\"1\"><span style=\"font-weight: 400;\">Niskie i przyst\u0119pne oprocentowanie<br \/>\n<\/span><\/li>\n<li style=\"font-weight: 400;\" aria-level=\"1\"><span style=\"font-weight: 400;\">Finansowanie dodatkowych wydatk\u00f3w, takich jak materia\u0142y, transport i zakwaterowanie<\/span><\/li>\n<\/ul>\n<p>[\/et_pb_blurb][\/et_pb_column][\/et_pb_row][et_pb_row column_structure=&#8221;1_2,1_2&#8243; _builder_version=&#8221;4.27.2&#8243; _module_preset=&#8221;default&#8221; global_colors_info=&#8221;{}&#8221;][et_pb_column type=&#8221;1_2&#8243; _builder_version=&#8221;4.27.2&#8243; _module_preset=&#8221;default&#8221; global_colors_info=&#8221;{}&#8221;][et_pb_blurb title=&#8221;Kredyty Mieszkaniowe&#8221; use_icon=&#8221;on&#8221; font_icon=&#8221;&#xe009;||divi||400&#8243; icon_color=&#8221;#0EEAC5&#8243; _builder_version=&#8221;4.27.2&#8243; _module_preset=&#8221;default&#8221; global_colors_info=&#8221;{}&#8221;]<\/p>\n<p><span style=\"font-weight: 400;\">Niezale\u017cnie od tego, czy kupujesz nowy dom, czy remontujesz obecny, nasze kredyty hipoteczne i remontowe pomog\u0105 Ci z \u0142atwo\u015bci\u0105 zrealizowa\u0107 projekty zwi\u0105zane z nieruchomo\u015bciami. Korzy\u015bci obejmuj\u0105:<br \/>\n<\/span><\/p>\n<ul>\n<li style=\"font-weight: 400;\" aria-level=\"1\"><span style=\"font-weight: 400;\">Preferencyjne oprocentowanie i elastyczne opcje p\u0142atno\u015bci<\/span><\/li>\n<li style=\"font-weight: 400;\" aria-level=\"1\"><span style=\"font-weight: 400;\">Finansowanie zakupu lub remontu domu<\/span><\/li>\n<li style=\"font-weight: 400;\" aria-level=\"1\"><span style=\"font-weight: 400;\">Okres sp\u0142aty do 30 lat<\/span><\/li>\n<li style=\"font-weight: 400;\" aria-level=\"1\"><span style=\"font-weight: 400;\">Doradztwo na ka\u017cdym etapie procesu zakupu lub remontu<\/span><\/li>\n<\/ul>\n<p>[\/et_pb_blurb][\/et_pb_column][et_pb_column type=&#8221;1_2&#8243; _builder_version=&#8221;4.27.2&#8243; _module_preset=&#8221;default&#8221; global_colors_info=&#8221;{}&#8221;][et_pb_blurb title=&#8221;Kredyty Samochodowe&#8221; use_icon=&#8221;on&#8221; font_icon=&#8221;&#xf5de;||fa||900&#8243; icon_color=&#8221;#0EEAC5&#8243; _builder_version=&#8221;4.27.2&#8243; _module_preset=&#8221;default&#8221; hover_enabled=&#8221;0&#8243; global_colors_info=&#8221;{}&#8221; sticky_enabled=&#8221;0&#8243;]<\/p>\n<p><span style=\"font-weight: 400;\">Uzyskaj pojazd potrzebny do podr\u00f3\u017cy osobistych lub rodzinnych dzi\u0119ki naszym kredytom samochodowym. Zapewniamy dost\u0119p do nowego lub u\u017cywanego samochodu na korzystnych warunkach:<br \/>\n<\/span><\/p>\n<ul>\n<li style=\"font-weight: 400;\" aria-level=\"1\"><span style=\"font-weight: 400;\">Finansowanie do 100% warto\u015bci pojazdu<\/span><\/li>\n<li style=\"font-weight: 400;\" aria-level=\"1\"><span style=\"font-weight: 400;\">Konkurencyjne oprocentowanie i elastyczne warunki<\/span><\/li>\n<li style=\"font-weight: 400;\" aria-level=\"1\"><span style=\"font-weight: 400;\">Opcje p\u0142atno\u015bci dostosowane do dochod\u00f3w<\/span><\/li>\n<li style=\"font-weight: 400;\" aria-level=\"1\"><span style=\"font-weight: 400;\">Doradztwo w zakresie zakupu nowych lub u\u017cywanych pojazd\u00f3w<\/span><\/li>\n<\/ul>\n<p>[\/et_pb_blurb][\/et_pb_column][\/et_pb_row][et_pb_row _builder_version=&#8221;4.27.2&#8243; _module_preset=&#8221;default&#8221; global_colors_info=&#8221;{}&#8221;][et_pb_column type=&#8221;4_4&#8243; _builder_version=&#8221;4.27.2&#8243; _module_preset=&#8221;default&#8221; global_colors_info=&#8221;{}&#8221;][et_pb_blurb title=&#8221;Po\u017cyczki dla Firm&#8221; use_icon=&#8221;on&#8221; font_icon=&#8221;&#xf2c2;||fa||400&#8243; icon_color=&#8221;#0EEAC5&#8243; _builder_version=&#8221;4.27.2&#8243; _module_preset=&#8221;default&#8221; global_colors_info=&#8221;{}&#8221;]<\/p>\n<p><span style=\"font-weight: 400;\">Wspieraj rozw\u00f3j swojej firmy dzi\u0119ki naszym po\u017cyczkom biznesowym. Niezale\u017cnie od tego, czy chodzi o rozszerzenie dzia\u0142alno\u015bci, zakup maszyn czy ulepszenie infrastruktury, mamy opcje finansowania dostosowane do potrzeb ka\u017cdego rodzaju dzia\u0142alno\u015bci:<\/span><\/p>\n<ul>\n<li style=\"font-weight: 400;\" aria-level=\"1\"><span style=\"font-weight: 400;\">Dostosowane kwoty na pokrycie koszt\u00f3w operacyjnych, ekspansji lub ulepsze\u0144<br \/>\n<\/span><\/li>\n<li style=\"font-weight: 400;\" aria-level=\"1\"><span style=\"font-weight: 400;\">Kr\u00f3tko-, \u015brednio- i d\u0142ugoterminowe opcje finansowania<\/span><\/li>\n<li style=\"font-weight: 400;\" aria-level=\"1\"><span style=\"font-weight: 400;\">Konkurencyjne stopy procentowe<\/span><\/li>\n<li style=\"font-weight: 400;\" aria-level=\"1\"><span style=\"font-weight: 400;\">Elastyczno\u015b\u0107 w strukturze p\u0142atno\u015bci i konfigurowalne warunki<\/span><\/li>\n<\/ul>\n<p>[\/et_pb_blurb][\/et_pb_column][\/et_pb_row][et_pb_row _builder_version=&#8221;4.27.2&#8243; _module_preset=&#8221;default&#8221; background_color=&#8221;#20d8a2&#8243; custom_margin=&#8221;0px||||false|false&#8221; custom_padding=&#8221;||||false|false&#8221; global_colors_info=&#8221;{}&#8221;][et_pb_column type=&#8221;4_4&#8243; _builder_version=&#8221;4.27.2&#8243; _module_preset=&#8221;default&#8221; global_colors_info=&#8221;{}&#8221;][et_pb_text _builder_version=&#8221;4.27.2&#8243; _module_preset=&#8221;default&#8221; custom_padding=&#8221;2vw|2vw|2vw|2vw|false|false&#8221; global_colors_info=&#8221;{}&#8221;]<\/p>\n<h2><b>Dlaczego warto wybra\u0107 po\u017cyczki od <\/b><b>Banks and Saving<\/b><b>?<\/b><\/h2>\n<ul>\n<li style=\"font-weight: 400;\" aria-level=\"1\"><b>Warunki dostosowane do indywidualnych potrzeb:<\/b><span style=\"font-weight: 400;\"> Dostosowujemy kwoty, warunki i oprocentowanie ka\u017cdej po\u017cyczki do Twoich mo\u017cliwo\u015bci finansowych i konkretnych potrzeb.<\/span><\/li>\n<li style=\"font-weight: 400;\" aria-level=\"1\"><b>Szybki i przejrzysty proces:<\/b><span style=\"font-weight: 400;\"> Od wniosku do zatwierdzenia, pracujemy nad tym, aby ka\u017cdy etap by\u0142 jasny i p\u0142ynny.<\/span><\/li>\n<li style=\"font-weight: 400;\" aria-level=\"1\"><b>Specjalistyczne doradztwo:<\/b><span style=\"font-weight: 400;\"> Mamy zesp\u00f3\u0142 doradc\u00f3w, kt\u00f3rzy poprowadz\u0105 Ci\u0119 i odpowiedz\u0105 na wszelkie pytania, upewniaj\u0105c si\u0119, \u017ce wybrana po\u017cyczka jest dla Ciebie odpowiednia.<\/span><\/li>\n<\/ul>\n<p>[\/et_pb_text][\/et_pb_column][\/et_pb_row][et_pb_row _builder_version=&#8221;4.27.2&#8243; _module_preset=&#8221;default&#8221; global_colors_info=&#8221;{}&#8221;][et_pb_column type=&#8221;4_4&#8243; _builder_version=&#8221;4.27.2&#8243; _module_preset=&#8221;default&#8221; global_colors_info=&#8221;{}&#8221;][et_pb_text _builder_version=&#8221;4.27.2&#8243; _module_preset=&#8221;default&#8221; global_colors_info=&#8221;{}&#8221;]<\/p>\n<h2><b>Z\u0142\u00f3\u017c wniosek o spersonalizowan\u0105 po\u017cyczk\u0119 ju\u017c dzi\u015b<\/b><\/h2>\n<p><span style=\"font-weight: 400;\">Uzyskaj finansowanie, kt\u00f3rego potrzebujesz, dzi\u0119ki naszemu szybkiemu i bezpiecznemu procesowi. Wype\u0142nij formularz online lub skontaktuj si\u0119 z jednym z naszych doradc\u00f3w, aby uzyska\u0107 niezobowi\u0105zuj\u0105c\u0105 ofert\u0119. At<br \/>\n<\/span><span style=\"font-weight: 400;\">Banks and Saving<\/span><span style=\"font-weight: 400;\">, Jeste\u015bmy tutaj, aby pom\u00f3c Ci osi\u0105gn\u0105\u0107 Twoje cele bezpiecznie i niezawodnie.<\/span><\/p>\n<p>[\/et_pb_text][\/et_pb_column][\/et_pb_row][\/et_pb_section]<\/p>\n","protected":false},"excerpt":{"rendered":"<p>Po\u017cyczki dostosowane do Twoich marze\u0144 PrzyBanks and Saving,Rozumiemy, \u017ce ka\u017cda osoba i ka\u017cdy projekt jest wyj\u0105tkowy. Niezale\u017cnie od tego, czy chcesz sfinansowa\u0107 swoje studia, wyremontowa\u0107 dom, czy rozwin\u0105\u0107 firm\u0119, nasze po\u017cyczki s\u0105 zaprojektowane tak, aby zapewni\u0107 Ci wsparcie finansowe, kt\u00f3rego potrzebujesz, na warunkach, kt\u00f3re najlepiej pasuj\u0105 do Twojej rzeczywisto\u015bci. Dzi\u0119ki szybkim, elastycznym i bezpiecznym rozwi\u0105zaniom [&hellip;]<\/p>\n","protected":false},"author":2,"featured_media":0,"parent":0,"menu_order":0,"comment_status":"closed","ping_status":"closed","template":"","meta":{"_et_pb_use_builder":"on","_et_pb_old_content":"","_et_gb_content_width":"","footnotes":""},"class_list":["post-4713","page","type-page","status-publish","hentry"],"_links":{"self":[{"href":"https:\/\/www.banksandsaving.com\/pl\/wp-json\/wp\/v2\/pages\/4713","targetHints":{"allow":["GET"]}}],"collection":[{"href":"https:\/\/www.banksandsaving.com\/pl\/wp-json\/wp\/v2\/pages"}],"about":[{"href":"https:\/\/www.banksandsaving.com\/pl\/wp-json\/wp\/v2\/types\/page"}],"author":[{"embeddable":true,"href":"https:\/\/www.banksandsaving.com\/pl\/wp-json\/wp\/v2\/users\/2"}],"replies":[{"embeddable":true,"href":"https:\/\/www.banksandsaving.com\/pl\/wp-json\/wp\/v2\/comments?post=4713"}],"version-history":[{"count":7,"href":"https:\/\/www.banksandsaving.com\/pl\/wp-json\/wp\/v2\/pages\/4713\/revisions"}],"predecessor-version":[{"id":5291,"href":"https:\/\/www.banksandsaving.com\/pl\/wp-json\/wp\/v2\/pages\/4713\/revisions\/5291"}],"wp:attachment":[{"href":"https:\/\/www.banksandsaving.com\/pl\/wp-json\/wp\/v2\/media?parent=4713"}],"curies":[{"name":"wp","href":"https:\/\/api.w.org\/{rel}","templated":true}]}}