{"id":4689,"date":"2024-11-05T10:58:23","date_gmt":"2024-11-05T09:58:23","guid":{"rendered":"https:\/\/www.banksandsaving.com\/prets\/"},"modified":"2024-11-11T11:08:58","modified_gmt":"2024-11-11T10:08:58","slug":"prets","status":"publish","type":"page","link":"https:\/\/www.banksandsaving.com\/fr\/prets\/","title":{"rendered":"Pr\u00eats"},"content":{"rendered":"<p>[et_pb_section fb_built=\u00a0\u00bb1&Prime; _builder_version=\u00a0\u00bb4.27.2&Prime; _module_preset=\u00a0\u00bbdefault\u00a0\u00bb global_colors_info=\u00a0\u00bb{}\u00a0\u00bb][et_pb_row _builder_version=\u00a0\u00bb4.27.2&Prime; _module_preset=\u00a0\u00bbdefault\u00a0\u00bb global_colors_info=\u00a0\u00bb{}\u00a0\u00bb][et_pb_column type=\u00a0\u00bb4_4&Prime; _builder_version=\u00a0\u00bb4.27.2&Prime; _module_preset=\u00a0\u00bbdefault\u00a0\u00bb global_colors_info=\u00a0\u00bb{}\u00a0\u00bb][et_pb_text _builder_version=\u00a0\u00bb4.27.2&Prime; _module_preset=\u00a0\u00bbdefault\u00a0\u00bb global_colors_info=\u00a0\u00bb{}\u00a0\u00bb]<\/p>\n<p><b>Des pr\u00eats sur mesure pour r\u00e9aliser vos r\u00eaves<\/b><\/p>\n<p><span style=\"font-weight: 400;\">En <\/span><span style=\"font-weight: 400;\">Banks and Saving<\/span><span style=\"font-weight: 400;\">,nous comprenons que chaque personne et chaque projet sont uniques. Que vous cherchiez \u00e0 financer vos \u00e9tudes, \u00e0 r\u00e9nover votre maison ou \u00e0 d\u00e9velopper votre entreprise, nos pr\u00eats sont con\u00e7us pour vous apporter le soutien financier dont vous avez besoin, aux conditions les mieux adapt\u00e9es \u00e0 votre r\u00e9alit\u00e9. Avec des solutions rapides, flexibles et s\u00fbres, nous sommes l\u00e0 pour vous aider \u00e0 r\u00e9aliser vos objectifs.<\/span><\/p>\n<p><span style=\"font-weight: 400;\">Notre \u00e9quipe de conseillers travaille avec vous pour vous proposer un plan de financement transparent adapt\u00e9 \u00e0 vos besoins, en veillant \u00e0 ce que chaque \u00e9tape soit claire et pratique. Voici nos services de pr\u00eat sp\u00e9cialement con\u00e7us \u00e0 cet effet.<\/span><\/p>\n<p>[\/et_pb_text][\/et_pb_column][\/et_pb_row][et_pb_row column_structure=\u00a0\u00bb1_2,1_2&Prime; _builder_version=\u00a0\u00bb4.27.2&Prime; _module_preset=\u00a0\u00bbdefault\u00a0\u00bb global_colors_info=\u00a0\u00bb{}\u00a0\u00bb][et_pb_column type=\u00a0\u00bb1_2&Prime; _builder_version=\u00a0\u00bb4.27.2&Prime; _module_preset=\u00a0\u00bbdefault\u00a0\u00bb global_colors_info=\u00a0\u00bb{}\u00a0\u00bb][et_pb_blurb title=\u00a0\u00bbPr\u00eats Personnels\u00a0\u00bb use_icon=\u00a0\u00bbon\u00a0\u00bb font_icon=\u00a0\u00bb&#xe106;||divi||400&Prime; icon_color=\u00a0\u00bb#0EEAC5&Prime; _builder_version=\u00a0\u00bb4.27.2&Prime; _module_preset=\u00a0\u00bbdefault\u00a0\u00bb global_colors_info=\u00a0\u00bb{}\u00a0\u00bb]<\/p>\n<p><span style=\"font-weight: 400;\">Nos pr\u00eats personnels sont con\u00e7us pour vous aider \u00e0 financer toutes les d\u00e9penses que vous devez couvrir au quotidien, qu&rsquo;il s&rsquo;agisse d&rsquo;une urgence, d&rsquo;un investissement personnel ou de tout autre objectif que vous avez en t\u00eate. Nous vous proposons :<\/span><\/p>\n<ul>\n<li style=\"font-weight: 400;\" aria-level=\"1\"><span style=\"font-weight: 400;\">Des montants de pr\u00eat flexibles adapt\u00e9s \u00e0 vos revenus<\/span><\/li>\n<li style=\"font-weight: 400;\" aria-level=\"1\"><span style=\"font-weight: 400;\">Des taux d&rsquo;int\u00e9r\u00eat comp\u00e9titifs<\/span><\/li>\n<li style=\"font-weight: 400;\" aria-level=\"1\"><span style=\"font-weight: 400;\">Des conditions de paiement abordables<\/span><\/li>\n<li style=\"font-weight: 400;\" aria-level=\"1\"><span style=\"font-weight: 400;\">Processus d&rsquo;approbation rapide et facile<\/span><\/li>\n<\/ul>\n<p>[\/et_pb_blurb][\/et_pb_column][et_pb_column type=\u00a0\u00bb1_2&Prime; _builder_version=\u00a0\u00bb4.27.2&Prime; _module_preset=\u00a0\u00bbdefault\u00a0\u00bb global_colors_info=\u00a0\u00bb{}\u00a0\u00bb][et_pb_blurb title=\u00a0\u00bbPr\u00eats \u00c9tudiants\u00a0\u00bb use_icon=\u00a0\u00bbon\u00a0\u00bb font_icon=\u00a0\u00bb&#xf02d;||fa||900&Prime; icon_color=\u00a0\u00bb#0EEAC5&Prime; _builder_version=\u00a0\u00bb4.27.2&Prime; _module_preset=\u00a0\u00bbdefault\u00a0\u00bb global_colors_info=\u00a0\u00bb{}\u00a0\u00bb]<\/p>\n<p><span style=\"font-weight: 400;\">Investir dans votre \u00e9ducation, c&rsquo;est investir dans votre avenir. Gr\u00e2ce \u00e0 nos pr\u00eats \u00e9tudiants, vous aurez la possibilit\u00e9 de couvrir vos \u00e9tudes sup\u00e9rieures, vos cours sp\u00e9cialis\u00e9s ou vos \u00e9changes internationaux sans vous soucier du manque de ressources. Parmi les avantages, citons<br \/>\n<\/span><\/p>\n<ul>\n<li style=\"font-weight: 400;\" aria-level=\"1\"><span style=\"font-weight: 400;\">Des conditions de paiement \u00e9tendues et pratiques<\/span><\/li>\n<li style=\"font-weight: 400;\" aria-level=\"1\"><span style=\"font-weight: 400;\">Paiement diff\u00e9r\u00e9 ou options de paiement diff\u00e9r\u00e9 jusqu&rsquo;\u00e0 la fin des \u00e9tudes<\/span><\/li>\n<li style=\"font-weight: 400;\" aria-level=\"1\"><span style=\"font-weight: 400;\">Tasas de inter\u00e9s bajas y accesibles<\/span><\/li>\n<li style=\"font-weight: 400;\" aria-level=\"1\"><span style=\"font-weight: 400;\">Financement des d\u00e9penses suppl\u00e9mentaires telles que le mat\u00e9riel, le transport et l&rsquo;h\u00e9bergement<br \/>\n<\/span><\/li>\n<\/ul>\n<p>[\/et_pb_blurb][\/et_pb_column][\/et_pb_row][et_pb_row column_structure=\u00a0\u00bb1_2,1_2&Prime; _builder_version=\u00a0\u00bb4.27.2&Prime; _module_preset=\u00a0\u00bbdefault\u00a0\u00bb global_colors_info=\u00a0\u00bb{}\u00a0\u00bb][et_pb_column type=\u00a0\u00bb1_2&Prime; _builder_version=\u00a0\u00bb4.27.2&Prime; _module_preset=\u00a0\u00bbdefault\u00a0\u00bb global_colors_info=\u00a0\u00bb{}\u00a0\u00bb][et_pb_blurb title=\u00a0\u00bbPr\u00eats au Logement\u00a0\u00bb use_icon=\u00a0\u00bbon\u00a0\u00bb font_icon=\u00a0\u00bb&#xe009;||divi||400&Prime; icon_color=\u00a0\u00bb#0EEAC5&Prime; _builder_version=\u00a0\u00bb4.27.2&Prime; _module_preset=\u00a0\u00bbdefault\u00a0\u00bb global_colors_info=\u00a0\u00bb{}\u00a0\u00bb]<\/p>\n<p><span style=\"font-weight: 400;\">Que vous achetiez une nouvelle maison ou que vous r\u00e9noviez votre logement actuel, nos pr\u00eats hypoth\u00e9caires et nos pr\u00eats \u00e0 la r\u00e9novation vous permettent de r\u00e9aliser vos projets immobiliers en toute simplicit\u00e9. Les avantages sont les suivants :<\/span><\/p>\n<ul>\n<li style=\"font-weight: 400;\" aria-level=\"1\"><span style=\"font-weight: 400;\">Taux d&rsquo;int\u00e9r\u00eat pr\u00e9f\u00e9rentiels et options de paiement flexibles<\/span><\/li>\n<li style=\"font-weight: 400;\" aria-level=\"1\"><span style=\"font-weight: 400;\">Financement de l&rsquo;achat ou de la r\u00e9novation d&rsquo;un logement<\/span><\/li>\n<li style=\"font-weight: 400;\" aria-level=\"1\"><span style=\"font-weight: 400;\">Conditions de remboursement pouvant aller jusqu&rsquo;\u00e0 30 ans<br \/>\n<\/span><\/li>\n<li style=\"font-weight: 400;\" aria-level=\"1\"><span style=\"font-weight: 400;\">Conseils \u00e0 chaque \u00e9tape du processus d&rsquo;achat ou de r\u00e9novation<\/span><\/li>\n<\/ul>\n<p>[\/et_pb_blurb][\/et_pb_column][et_pb_column type=\u00a0\u00bb1_2&Prime; _builder_version=\u00a0\u00bb4.27.2&Prime; _module_preset=\u00a0\u00bbdefault\u00a0\u00bb global_colors_info=\u00a0\u00bb{}\u00a0\u00bb][et_pb_blurb title=\u00a0\u00bbPr\u00eats Automobiles\u00a0\u00bb use_icon=\u00a0\u00bbon\u00a0\u00bb font_icon=\u00a0\u00bb&#xf5de;||fa||900&Prime; icon_color=\u00a0\u00bb#0EEAC5&Prime; _builder_version=\u00a0\u00bb4.27.2&Prime; _module_preset=\u00a0\u00bbdefault\u00a0\u00bb hover_enabled=\u00a0\u00bb0&Prime; global_colors_info=\u00a0\u00bb{}\u00a0\u00bb sticky_enabled=\u00a0\u00bb0&Prime;]<\/p>\n<p><span style=\"font-weight: 400;\">Acqu\u00e9rir le v\u00e9hicule dont vous avez besoin pour vos d\u00e9placements personnels ou familiaux gr\u00e2ce \u00e0 nos cr\u00e9dits auto. Con\u00e7us pour vous permettre d&rsquo;acc\u00e9der \u00e0 une voiture neuve ou d&rsquo;occasion \u00e0 des conditions avantageuses, nous vous proposons :<\/span><\/p>\n<ul>\n<li style=\"font-weight: 400;\" aria-level=\"1\"><span style=\"font-weight: 400;\">Financement jusqu&rsquo;\u00e0 100% de la valeur du v\u00e9hicule<\/span><\/li>\n<li style=\"font-weight: 400;\" aria-level=\"1\"><span style=\"font-weight: 400;\">Des taux d&rsquo;int\u00e9r\u00eat comp\u00e9titifs et des conditions souples<\/span><\/li>\n<li style=\"font-weight: 400;\" aria-level=\"1\"><span style=\"font-weight: 400;\">Des options de paiement adapt\u00e9es \u00e0 vos revenus<\/span><\/li>\n<li style=\"font-weight: 400;\" aria-level=\"1\"><span style=\"font-weight: 400;\">Conseils pour l&rsquo;achat de v\u00e9hicules neufs ou d&rsquo;occasion<br \/>\n<\/span><\/li>\n<\/ul>\n<p>[\/et_pb_blurb][\/et_pb_column][\/et_pb_row][et_pb_row _builder_version=\u00a0\u00bb4.27.2&Prime; _module_preset=\u00a0\u00bbdefault\u00a0\u00bb global_colors_info=\u00a0\u00bb{}\u00a0\u00bb][et_pb_column type=\u00a0\u00bb4_4&Prime; _builder_version=\u00a0\u00bb4.27.2&Prime; _module_preset=\u00a0\u00bbdefault\u00a0\u00bb global_colors_info=\u00a0\u00bb{}\u00a0\u00bb][et_pb_blurb title=\u00a0\u00bbPr\u00eats aux Entreprises\u00a0\u00bb use_icon=\u00a0\u00bbon\u00a0\u00bb font_icon=\u00a0\u00bb&#xf2c2;||fa||400&Prime; icon_color=\u00a0\u00bb#0EEAC5&Prime; _builder_version=\u00a0\u00bb4.27.2&Prime; _module_preset=\u00a0\u00bbdefault\u00a0\u00bb global_colors_info=\u00a0\u00bb{}\u00a0\u00bb]<\/p>\n<p><span style=\"font-weight: 400;\">Soutenez la croissance de votre entreprise gr\u00e2ce \u00e0 nos pr\u00eats aux entreprises. Qu&rsquo;il s&rsquo;agisse d&rsquo;\u00e9tendre vos activit\u00e9s, d&rsquo;acqu\u00e9rir des machines ou d&rsquo;am\u00e9liorer votre infrastructure, nous avons des options de financement adapt\u00e9es aux besoins de chaque type d&rsquo;entreprise :<\/span><\/p>\n<ul>\n<li style=\"font-weight: 400;\" aria-level=\"1\"><span style=\"font-weight: 400;\">Montants personnalis\u00e9s pour couvrir les co\u00fbts op\u00e9rationnels, d&rsquo;expansion ou d&rsquo;am\u00e9lioration<br \/>\n<\/span><\/li>\n<li style=\"font-weight: 400;\" aria-level=\"1\"><span style=\"font-weight: 400;\">Options de financement \u00e0 court, moyen et long terme<\/span><\/li>\n<li style=\"font-weight: 400;\" aria-level=\"1\"><span style=\"font-weight: 400;\">Tasas de inter\u00e9s competitivas<\/span><\/li>\n<li style=\"font-weight: 400;\" aria-level=\"1\"><span style=\"font-weight: 400;\">Flexibilit\u00e9 de la structure des paiements et conditions personnalisables<\/span><\/li>\n<\/ul>\n<p>[\/et_pb_blurb][\/et_pb_column][\/et_pb_row][et_pb_row _builder_version=\u00a0\u00bb4.27.2&Prime; _module_preset=\u00a0\u00bbdefault\u00a0\u00bb background_color=\u00a0\u00bb#20d8a2&Prime; custom_margin=\u00a0\u00bb0px||||false|false\u00a0\u00bb custom_padding=\u00a0\u00bb||||false|false\u00a0\u00bb global_colors_info=\u00a0\u00bb{}\u00a0\u00bb][et_pb_column type=\u00a0\u00bb4_4&Prime; _builder_version=\u00a0\u00bb4.27.2&Prime; _module_preset=\u00a0\u00bbdefault\u00a0\u00bb global_colors_info=\u00a0\u00bb{}\u00a0\u00bb][et_pb_text _builder_version=\u00a0\u00bb4.27.2&Prime; _module_preset=\u00a0\u00bbdefault\u00a0\u00bb custom_padding=\u00a0\u00bb2vw|2vw|2vw|2vw|false|false\u00a0\u00bb global_colors_info=\u00a0\u00bb{}\u00a0\u00bb]<\/p>\n<h2><b>Pourquoi choisir les pr\u00eats de <\/b><b>Banks and Saving<\/b><b>?<\/b><\/h2>\n<ul>\n<li style=\"font-weight: 400;\" aria-level=\"1\"><b>Des conditions sur mesure :<\/b><span style=\"font-weight: 400;\"> ANous adaptons les montants, les conditions et les taux de chaque pr\u00eat \u00e0 votre capacit\u00e9 financi\u00e8re et \u00e0 vos besoins sp\u00e9cifiques.<\/span><\/li>\n<li style=\"font-weight: 400;\" aria-level=\"1\"><b>Processus rapide et transparent :<\/b><span style=\"font-weight: 400;\"> De la demande \u00e0 l&rsquo;approbation, nous nous effor\u00e7ons de rendre chaque \u00e9tape claire et fluide.<\/span><\/li>\n<li style=\"font-weight: 400;\" aria-level=\"1\"><b>Conseil sp\u00e9cialis\u00e9 :<\/b><span style=\"font-weight: 400;\"> Nous disposons d&rsquo;une \u00e9quipe de conseillers qui vous guideront et r\u00e9pondront \u00e0 toutes vos questions, en veillant \u00e0 ce que le pr\u00eat que vous choisissez soit le bon pour vous.<\/span><\/li>\n<\/ul>\n<p>[\/et_pb_text][\/et_pb_column][\/et_pb_row][et_pb_row _builder_version=\u00a0\u00bb4.27.2&Prime; _module_preset=\u00a0\u00bbdefault\u00a0\u00bb global_colors_info=\u00a0\u00bb{}\u00a0\u00bb][et_pb_column type=\u00a0\u00bb4_4&Prime; _builder_version=\u00a0\u00bb4.27.2&Prime; _module_preset=\u00a0\u00bbdefault\u00a0\u00bb global_colors_info=\u00a0\u00bb{}\u00a0\u00bb][et_pb_text _builder_version=\u00a0\u00bb4.27.2&Prime; _module_preset=\u00a0\u00bbdefault\u00a0\u00bb global_colors_info=\u00a0\u00bb{}\u00a0\u00bb]<\/p>\n<h2><b>Demandez votre pr\u00eat personnalis\u00e9 d\u00e8s aujourd&rsquo;hui<\/b><\/h2>\n<p><span style=\"font-weight: 400;\">Obtenez le financement dont vous avez besoin gr\u00e2ce \u00e0 notre processus rapide et s\u00e9curis\u00e9. Remplissez le formulaire en ligne ou contactez l&rsquo;un de nos conseillers pour obtenir une proposition sans engagement. A l&rsquo;adresse<br \/>\n<\/span><span style=\"font-weight: 400;\">Banks and Saving<\/span><span style=\"font-weight: 400;\">,nous sommes l\u00e0 pour vous aider \u00e0 atteindre vos objectifs en toute s\u00e9curit\u00e9 et fiabilit\u00e9.<\/span><\/p>\n<p>[\/et_pb_text][\/et_pb_column][\/et_pb_row][\/et_pb_section]<\/p>\n","protected":false},"excerpt":{"rendered":"<p>Des pr\u00eats sur mesure pour r\u00e9aliser vos r\u00eaves En Banks and Saving,nous comprenons que chaque personne et chaque projet sont uniques. Que vous cherchiez \u00e0 financer vos \u00e9tudes, \u00e0 r\u00e9nover votre maison ou \u00e0 d\u00e9velopper votre entreprise, nos pr\u00eats sont con\u00e7us pour vous apporter le soutien financier dont vous avez besoin, aux conditions les mieux [&hellip;]<\/p>\n","protected":false},"author":2,"featured_media":0,"parent":0,"menu_order":0,"comment_status":"closed","ping_status":"closed","template":"","meta":{"_et_pb_use_builder":"on","_et_pb_old_content":"","_et_gb_content_width":"","footnotes":""},"class_list":["post-4689","page","type-page","status-publish","hentry"],"_links":{"self":[{"href":"https:\/\/www.banksandsaving.com\/fr\/wp-json\/wp\/v2\/pages\/4689","targetHints":{"allow":["GET"]}}],"collection":[{"href":"https:\/\/www.banksandsaving.com\/fr\/wp-json\/wp\/v2\/pages"}],"about":[{"href":"https:\/\/www.banksandsaving.com\/fr\/wp-json\/wp\/v2\/types\/page"}],"author":[{"embeddable":true,"href":"https:\/\/www.banksandsaving.com\/fr\/wp-json\/wp\/v2\/users\/2"}],"replies":[{"embeddable":true,"href":"https:\/\/www.banksandsaving.com\/fr\/wp-json\/wp\/v2\/comments?post=4689"}],"version-history":[{"count":13,"href":"https:\/\/www.banksandsaving.com\/fr\/wp-json\/wp\/v2\/pages\/4689\/revisions"}],"predecessor-version":[{"id":5289,"href":"https:\/\/www.banksandsaving.com\/fr\/wp-json\/wp\/v2\/pages\/4689\/revisions\/5289"}],"wp:attachment":[{"href":"https:\/\/www.banksandsaving.com\/fr\/wp-json\/wp\/v2\/media?parent=4689"}],"curies":[{"name":"wp","href":"https:\/\/api.w.org\/{rel}","templated":true}]}}