{"id":3011,"date":"2024-10-29T11:48:47","date_gmt":"2024-10-29T10:48:47","guid":{"rendered":"https:\/\/www.banksandsaving.com\/avis-juridique\/"},"modified":"2024-11-04T13:20:47","modified_gmt":"2024-11-04T12:20:47","slug":"avis-juridique","status":"publish","type":"page","link":"https:\/\/www.banksandsaving.com\/fr\/avis-juridique\/","title":{"rendered":"Avis juridique"},"content":{"rendered":"<p>CONDITIONS G\u00c9N\u00c9RALES D&rsquo;UTILISATION DU SITE WEB Les conditions g\u00e9n\u00e9rales contenues dans le pr\u00e9sent avis juridique r\u00e9gissent l&rsquo;acc\u00e8s et l&rsquo;utilisation du site web qu&rsquo;ADSALSA, S.L.U. met en principe gratuitement \u00e0 la disposition des utilisateurs d&rsquo;Internet, sans pr\u00e9judice du fait que cette situation puisse changer \u00e0 l&rsquo;avenir. L&rsquo;acc\u00e8s \u00e0 ce site implique l&rsquo;acceptation sans r\u00e9serve de ces conditions. L&rsquo;utilisation de certains services offerts sur ce site sera \u00e9galement r\u00e9gie par les conditions sp\u00e9cifiques \u00e9tablies dans chaque cas, qui seront consid\u00e9r\u00e9es comme accept\u00e9es par la simple utilisation de ces services. AUTORISATION La visualisation, l&rsquo;impression et le t\u00e9l\u00e9chargement partiel du contenu du site web sont autoris\u00e9s uniquement et exclusivement si les conditions suivantes sont remplies : 1. ils sont compatibles avec les objectifs du site web ; 2. ils sont effectu\u00e9s dans le seul but d&rsquo;obtenir les informations qu&rsquo;ils contiennent pour un usage personnel et priv\u00e9. 2. qu&rsquo;il soit effectu\u00e9 dans le seul but d&rsquo;obtenir les informations qu&rsquo;il contient pour un usage personnel et priv\u00e9. L&rsquo;utilisation \u00e0 des fins commerciales ou pour la distribution, la communication publique, la transformation ou la d\u00e9compilation est express\u00e9ment interdite. 3. qu&rsquo;aucun des contenus li\u00e9s au site Web ne soit modifi\u00e9 de quelque mani\u00e8re que ce soit 4. qu&rsquo;aucun graphique, ic\u00f4ne ou image disponible sur le site ne soit utilis\u00e9, copi\u00e9 ou distribu\u00e9 s\u00e9par\u00e9ment du reste des images qui l&rsquo;accompagnent. L&rsquo;utilisation non autoris\u00e9e de l&rsquo;information contenue sur le site Web, sa revente, ainsi que toute violation des droits de propri\u00e9t\u00e9 intellectuelle ou industrielle d&rsquo;ADSALSA, S.L.U. donneront lieu aux responsabilit\u00e9s l\u00e9galement \u00e9tablies. RESPONSABILIT\u00c9S &gt; G\u00c9N\u00c9RALIT\u00c9S L&rsquo;acc\u00e8s au site Web et l&rsquo;utilisation non autoris\u00e9e de l&rsquo;information qu&rsquo;il contient rel\u00e8vent de la seule responsabilit\u00e9 de l&rsquo;utilisateur. ADSALSA, S.L.U. se r\u00e9serve le droit d&rsquo;effectuer, \u00e0 tout moment et sans pr\u00e9avis, des modifications et des mises \u00e0 jour de l&rsquo;information contenue sur le site web, de sa configuration et de sa pr\u00e9sentation, ainsi que des conditions d&rsquo;acc\u00e8s. ADSALSA, S.L.U. d\u00e9cline toute responsabilit\u00e9 quant aux erreurs de s\u00e9curit\u00e9 qui pourraient se produire ou aux dommages qui pourraient \u00eatre caus\u00e9s au syst\u00e8me informatique de l&rsquo;utilisateur (mat\u00e9riel et logiciel), ou aux fichiers ou documents qui y sont stock\u00e9s, en raison : 1. de la pr\u00e9sence d&rsquo;un virus dans l&rsquo;ordinateur de l&rsquo;utilisateur utilis\u00e9 pour se connecter aux services et aux contenus du site Web ; 2. du mauvais fonctionnement du navigateur ; 3. de l&rsquo;utilisation de versions non mises \u00e0 jour du navigateur. ADSALSA, S.L.U. utilise des programmes de d\u00e9tection de virus pour contr\u00f4ler tous les contenus qu&rsquo;elle introduit sur le site Web.Cependant, ADSALSA, S.L.U. ne garantit pas l&rsquo;absence de virus ou d&rsquo;autres \u00e9l\u00e9ments sur le site Web introduits par des tiers non li\u00e9s \u00e0 ADSALSA, S.L.U. qui peuvent provoquer des alt\u00e9rations dans les syst\u00e8mes physiques ou logiques des utilisateurs ou dans les documents \u00e9lectroniques et les fichiers stock\u00e9s dans leurs syst\u00e8mes. Par cons\u00e9quent, ADSALSA, S.L.U. ne sera en aucun cas responsable des dommages de toute nature pouvant d\u00e9couler de la pr\u00e9sence de virus ou d&rsquo;autres \u00e9l\u00e9ments susceptibles de provoquer des alt\u00e9rations dans les syst\u00e8mes physiques ou logiques, les documents \u00e9lectroniques ou les fichiers des utilisateurs. De m\u00eame, ADSALSA, S.L.U. utilise diverses mesures pour prot\u00e9ger son site Web contre les attaques informatiques de tiers. Cependant, ADSALSA, S.L.U. ne garantit pas que des tiers non autoris\u00e9s n&rsquo;aient pas acc\u00e8s au type d&rsquo;utilisation du site Web faite par l&rsquo;utilisateur ou aux conditions, caract\u00e9ristiques et circonstances dans lesquelles cette utilisation est faite. Par cons\u00e9quent, ADSALSA, S.L.U. ne sera en aucun cas responsable des dommages pouvant d\u00e9couler d&rsquo;un tel acc\u00e8s non autoris\u00e9. ADSALSA, S.L.U. ne garantit pas l&rsquo;absence d&rsquo;interruptions ou d&rsquo;erreurs dans l&rsquo;acc\u00e8s au site web ou \u00e0 son contenu, ni la mise \u00e0 jour de ce dernier. ADSALSA, S.L.U. effectuera, \u00e0 condition qu&rsquo;il n&rsquo;y ait pas de causes qui rendent impossible ou difficile l&rsquo;ex\u00e9cution et d\u00e8s qu&rsquo;elle aura connaissance des erreurs, des d\u00e9connexions ou du manque de mise \u00e0 jour des contenus, toutes les t\u00e2ches visant \u00e0 corriger les erreurs, \u00e0 r\u00e9tablir la communication et \u00e0 mettre \u00e0 jour les contenus. ADSALSA, S.L.U. se r\u00e9serve le droit d&rsquo;interrompre l&rsquo;acc\u00e8s \u00e0 son site Web ou \u00e0 l&rsquo;un de ses contenus \u00e0 tout moment et sans pr\u00e9avis. ADSALSA, S.L.U. n&rsquo;assume aucune responsabilit\u00e9 quant aux contenus li\u00e9s au site Web, \u00e0 condition qu&rsquo;ils n&rsquo;aient aucun rapport avec celui-ci, et ne garantit pas non plus l&rsquo;absence de virus ou d&rsquo;autres \u00e9l\u00e9ments susceptibles de provoquer des alt\u00e9rations dans le syst\u00e8me informatique (mat\u00e9riel et logiciel), dans les documents ou les fichiers de l&rsquo;utilisateur, excluant toute responsabilit\u00e9 pour les dommages de toute nature caus\u00e9s \u00e0 l&rsquo;utilisateur pour cette raison. Si un utilisateur, un client ou un tiers consid\u00e8re que le contenu ou les services fournis par les pages li\u00e9es sont illicites ou portent atteinte \u00e0 la propri\u00e9t\u00e9 ou aux droits de l&rsquo;utilisateur, d&rsquo;un client ou d&rsquo;un tiers susceptible d&rsquo;\u00eatre indemnis\u00e9, il s&rsquo;agit en particulier : 1. d&rsquo;activit\u00e9s ou de contenus pouvant \u00eatre consid\u00e9r\u00e9s comme d\u00e9lictueux en vertu de la l\u00e9gislation p\u00e9nale espagnole. 2. les activit\u00e9s ou les contenus qui violent les droits de propri\u00e9t\u00e9 intellectuelle ou industrielle 3. activit\u00e9s ou contenus qui mettent en danger l&rsquo;ordre public, les enqu\u00eates criminelles, la s\u00e9curit\u00e9 publique et la d\u00e9fense nationale 4. des activit\u00e9s ou des contenus qui mettent en danger la protection de la sant\u00e9 publique, le respect de la dignit\u00e9 humaine et le principe de non-discrimination, ainsi que la protection de la sant\u00e9 et des enfants. ADSALSA, S.L.U. peut notifier ADSALSA, S.L.U., mais la r\u00e9ception de cette notification ne constitue pas une connaissance aux fins de la responsabilit\u00e9 pr\u00e9vue \u00e0 l&rsquo;article 17 de la LSSICE. ADSALSA, S.L.U. d\u00e9cline toute responsabilit\u00e9 quant au manque d&rsquo;utilit\u00e9 ou d&rsquo;ad\u00e9quation \u00e0 un usage sp\u00e9cifique de ce site Web. Elle n&rsquo;est pas non plus responsable des dommages que l&rsquo;utilisateur pourrait subir en raison d&rsquo;erreurs ou d&rsquo;omissions dans les contenus de ce site Web, bien qu&rsquo;elle s&rsquo;engage \u00e0 v\u00e9rifier et \u00e0 contr\u00f4ler p\u00e9riodiquement les contenus et l&rsquo;information qu&rsquo;il contient. 1. utilisation. ADSALSA, S.L.U. n&rsquo;est en aucun cas responsable de l&rsquo;utilisation que l&rsquo;utilisateur peut faire du site web ou des contenus, ni des dommages et int\u00e9r\u00eats qui peuvent en d\u00e9couler. 1. liens vers d&rsquo;autres sites web Tous les liens de tiers vers le site web doivent \u00eatre dirig\u00e9s vers la page d&rsquo;accueil, et les \u00ab liens profonds \u00bb, le \u00ab framing \u00bb et toute autre utilisation des contenus du site web par des tiers non autoris\u00e9s sont express\u00e9ment interdits. Par l&rsquo;interm\u00e9diaire de ce site web, l&rsquo;utilisateur peut acc\u00e9der \u00e0 des sites web appartenant \u00e0 des tiers et\/ou g\u00e9r\u00e9s par des tiers. La pr\u00e9sence de ces liens est purement informative et ne constitue en aucun cas une invitation \u00e0 acheter les produits ou services propos\u00e9s sur le site Web de destination. L&rsquo;utilisateur acc\u00e8de aux contenus et aux conditions d&rsquo;utilisation qui les r\u00e9gissent sous sa responsabilit\u00e9 exclusive. L&rsquo;utilisateur reconna\u00eet et accepte qu&rsquo;ADSALSA, S.L.U. n&rsquo;assume aucune responsabilit\u00e9, directe ou indirecte, pour les dommages caus\u00e9s par l&rsquo;acc\u00e8s \u00e0 ces liens. Dans le cas o\u00f9 ADSALSA, S.L.U. a effectivement connaissance du fait que l&rsquo;information ou l&rsquo;activit\u00e9 \u00e0 laquelle ces liens renvoient est ill\u00e9gale, constitue un d\u00e9lit ou peut porter atteinte \u00e0 la propri\u00e9t\u00e9 ou aux droits d&rsquo;un tiers susceptible d&rsquo;\u00eatre indemnis\u00e9, elle agira avec la diligence n\u00e9cessaire pour supprimer ou d\u00e9sactiver le lien correspondant dans les plus brefs d\u00e9lais PROPRI\u00c9T\u00c9 INDUSTRIELLE L&rsquo;utilisation du site web ne conf\u00e8re \u00e0 l&rsquo;utilisateur aucun droit sur les marques, les noms commerciaux, les signes distinctifs ou les dessins et mod\u00e8les, ni aucun droit sur les contenus du site web, Les articles, les nouvelles, la l\u00e9gislation et les autres contenus publics dont les droits de propri\u00e9t\u00e9 intellectuelle n&rsquo;appartiennent pas \u00e0 ADSALSA, S. L.U. sont publi\u00e9s dans le seul but d&rsquo;informer les utilisateurs de cette page. ADSALSA, S.L.U. est propri\u00e9taire du code source, de la conception, de la structure de navigation, des bases de donn\u00e9es et des diff\u00e9rents \u00e9l\u00e9ments logiciels du site web, ainsi que des droits de propri\u00e9t\u00e9 industrielle et intellectuelle relatifs aux \u00e9l\u00e9ments suivants.<\/p>\n","protected":false},"excerpt":{"rendered":"<p>CONDITIONS G\u00c9N\u00c9RALES D&rsquo;UTILISATION DU SITE WEB Les conditions g\u00e9n\u00e9rales contenues dans le pr\u00e9sent avis juridique r\u00e9gissent l&rsquo;acc\u00e8s et l&rsquo;utilisation du site web qu&rsquo;ADSALSA, S.L.U. met en principe gratuitement \u00e0 la disposition des utilisateurs d&rsquo;Internet, sans pr\u00e9judice du fait que cette situation puisse changer \u00e0 l&rsquo;avenir. L&rsquo;acc\u00e8s \u00e0 ce site implique l&rsquo;acceptation sans r\u00e9serve de ces [&hellip;]<\/p>\n","protected":false},"author":1,"featured_media":0,"parent":0,"menu_order":0,"comment_status":"closed","ping_status":"closed","template":"","meta":{"_et_pb_use_builder":"","_et_pb_old_content":"","_et_gb_content_width":"","footnotes":""},"class_list":["post-3011","page","type-page","status-publish","hentry"],"_links":{"self":[{"href":"https:\/\/www.banksandsaving.com\/fr\/wp-json\/wp\/v2\/pages\/3011","targetHints":{"allow":["GET"]}}],"collection":[{"href":"https:\/\/www.banksandsaving.com\/fr\/wp-json\/wp\/v2\/pages"}],"about":[{"href":"https:\/\/www.banksandsaving.com\/fr\/wp-json\/wp\/v2\/types\/page"}],"author":[{"embeddable":true,"href":"https:\/\/www.banksandsaving.com\/fr\/wp-json\/wp\/v2\/users\/1"}],"replies":[{"embeddable":true,"href":"https:\/\/www.banksandsaving.com\/fr\/wp-json\/wp\/v2\/comments?post=3011"}],"version-history":[{"count":1,"href":"https:\/\/www.banksandsaving.com\/fr\/wp-json\/wp\/v2\/pages\/3011\/revisions"}],"predecessor-version":[{"id":3012,"href":"https:\/\/www.banksandsaving.com\/fr\/wp-json\/wp\/v2\/pages\/3011\/revisions\/3012"}],"wp:attachment":[{"href":"https:\/\/www.banksandsaving.com\/fr\/wp-json\/wp\/v2\/media?parent=3011"}],"curies":[{"name":"wp","href":"https:\/\/api.w.org\/{rel}","templated":true}]}}