{"id":2997,"date":"2024-10-29T11:30:10","date_gmt":"2024-10-29T10:30:10","guid":{"rendered":"https:\/\/www.banksandsaving.com\/clara-duarte\/"},"modified":"2024-11-11T10:44:56","modified_gmt":"2024-11-11T09:44:56","slug":"clara-duarte","status":"publish","type":"page","link":"https:\/\/www.banksandsaving.com\/fr\/clara-duarte\/","title":{"rendered":"Clara Duarte"},"content":{"rendered":"<p>[et_pb_section fb_built=\u00a0\u00bb1&Prime; admin_label=\u00a0\u00bbsection\u00a0\u00bb _builder_version=\u00a0\u00bb4.16&Prime; global_colors_info=\u00a0\u00bb{}\u00a0\u00bb][et_pb_row column_structure=\u00a0\u00bb1_2,1_2&Prime; _builder_version=\u00a0\u00bb4.19.0&Prime; _module_preset=\u00a0\u00bbdefault\u00a0\u00bb global_colors_info=\u00a0\u00bb{}\u00a0\u00bb][et_pb_column type=\u00a0\u00bb1_2&Prime; _builder_version=\u00a0\u00bb4.19.0&Prime; _module_preset=\u00a0\u00bbdefault\u00a0\u00bb global_colors_info=\u00a0\u00bb{}\u00a0\u00bb][et_pb_image src=\u00a0\u00bbhttps:\/\/www.banksandsaving.com\/wp-content\/uploads\/2022\/11\/perfil_chica_corp02.png\u00a0\u00bb alt=\u00a0\u00bbClara Duarte\u00a0\u00bb title_text=\u00a0\u00bbprofil_femme_corp02&Prime; _builder_version=\u00a0\u00bb4.19.0&Prime; _module_preset=\u00a0\u00bbdefault\u00a0\u00bb width=\u00a0\u00bb100%\u00a0\u00bb max_width=\u00a0\u00bb56%\u00a0\u00bb module_alignment=\u00a0\u00bbcenter\u00a0\u00bb global_colors_info=\u00a0\u00bb{}\u00a0\u00bb][\/et_pb_image][\/et_pb_column][et_pb_column type=\u00a0\u00bb1_2&Prime; _builder_version=\u00a0\u00bb4.19.0&Prime; _module_preset=\u00a0\u00bbdefault\u00a0\u00bb global_colors_info=\u00a0\u00bb{}\u00a0\u00bb][et_pb_text _builder_version=\u00a0\u00bb4.19.0&Prime; _module_preset=\u00a0\u00bbdefault\u00a0\u00bb custom_margin=\u00a0\u00bb50px|0px||0px|false|true\u00a0\u00bb custom_padding=\u00a0\u00bb|0px||0px|false|true\u00a0\u00bb custom_padding_tablet=\u00a0\u00bb|0px||0px|false|true\u00a0\u00bb custom_padding_phone=\u00a0\u00bb|0px||0px|false|true\u00a0\u00bb custom_padding_last_edited=\u00a0\u00bbon|desktop\u00a0\u00bb global_colors_info=\u00a0\u00bb{}\u00a0\u00bb]<\/p>\n<p>Je suis Clara Duarte, votre experte en mati\u00e8re de pr\u00eats et de conseils pour \u00e9conomiser de l&rsquo;argent. Je vous fournirai les meilleures id\u00e9es pour \u00e9conomiser de l&rsquo;argent et des conseils sur la fa\u00e7on d&rsquo;analyser et de choisir les meilleurs pr\u00eats pour vos besoins personnels.<\/p>\n<p>Lorsque nous pensons \u00e0 demander un pr\u00eat ou \u00e0 chercher de nouvelles fa\u00e7ons d&rsquo;\u00e9conomiser de l&rsquo;argent, des doutes surgissent toujours. C&rsquo;est pourquoi, si vous avez des doutes, vous pouvez me contacter via le <a href=\"https:\/\/www.banksandsaving.com\/fr\/contact\/\">formulaire de contact<\/a>.<\/p>\n<p>[\/et_pb_text][et_pb_image src=\u00a0\u00bbhttps:\/\/www.banksandsaving.com\/wp-content\/uploads\/2022\/11\/sigueme_en_linkedin.png\u00a0\u00bb alt=\u00a0\u00bbLinkedIn Clara Duarte\u00a0\u00bb title_text=\u00a0\u00bbsuivre_moi_sur_linkedin\u00a0\u00bb url=\u00a0\u00bbhttps:\/\/www.linkedin.com\/in\/clara-duarte-5a5640256\/\u00a0\u00bb _builder_version=\u00a0\u00bb4.19.0&Prime; _module_preset=\u00a0\u00bbdefault\u00a0\u00bb global_colors_info=\u00a0\u00bb{}\u00a0\u00bb][\/et_pb_image][\/et_pb_column][\/et_pb_row][et_pb_row _builder_version=\u00a0\u00bb4.19.0&Prime; _module_preset=\u00a0\u00bbdefault\u00a0\u00bb global_colors_info=\u00a0\u00bb{}\u00a0\u00bb][et_pb_column type=\u00a0\u00bb4_4&Prime; _builder_version=\u00a0\u00bb4.19.0&Prime; _module_preset=\u00a0\u00bbdefault\u00a0\u00bb global_colors_info=\u00a0\u00bb{}\u00a0\u00bb][et_pb_text _builder_version=\u00a0\u00bb4.19.0&Prime; _module_preset=\u00a0\u00bbdefault\u00a0\u00bb global_colors_info=\u00a0\u00bb{}\u00a0\u00bb]<\/p>\n<p>En tant que conseiller financier, ma mission est <b>d&rsquo;aider les gens \u00e0 prendre les meilleures d\u00e9cisions financi\u00e8res<\/b>afin qu&rsquo;elles soient aussi saines que possible.<\/p>\n<p>Je suis capable de rechercher, de comparer et de g\u00e9rer des produits financiers provenant de pays tels que la Su\u00e8de, la Finlande, la Norv\u00e8ge et l&rsquo;Espagne, y compris des pr\u00eats, des cartes de cr\u00e9dit et des comptes bancaires.<\/p>\n<p><b>Je peux rechercher, comparer et g\u00e9rer des produits financiers<\/b> provenant de pays tels que la Su\u00e8de, la Finlande, la Norv\u00e8ge ou l&rsquo;Espagne, y compris des pr\u00eats, des cartes de cr\u00e9dit et des comptes bancaires. Mes conseils financiers comprennent la <b>recommandation de solutions compl\u00e8tes et adapt\u00e9es<\/b>\u00e0 la situation financi\u00e8re de chaque client afin que vous puissiez \u00e9pargner le plus possible.<\/p>\n<p>Les types de <b>pr\u00eats<\/b> avec lesquels je travaille sont les suivants:<\/p>\n<p>En ce qui concerne les types de <b>pr\u00eats<\/b> avec lesquels je travaille, les suivants se distinguent:<\/p>\n<p>&nbsp;<\/p>\n<p>[\/et_pb_text][\/et_pb_column][\/et_pb_row][et_pb_row _builder_version=\u00a0\u00bb4.19.0&Prime; _module_preset=\u00a0\u00bbdefault\u00a0\u00bb global_colors_info=\u00a0\u00bb{}\u00a0\u00bb][et_pb_column type=\u00a0\u00bb4_4&Prime; _builder_version=\u00a0\u00bb4.19.0&Prime; _module_preset=\u00a0\u00bbdefault\u00a0\u00bb global_colors_info=\u00a0\u00bb{}\u00a0\u00bb][et_pb_accordion _builder_version=\u00a0\u00bb4.19.0&Prime; _module_preset=\u00a0\u00bbdefault\u00a0\u00bb global_colors_info=\u00a0\u00bb{}\u00a0\u00bb][et_pb_accordion_item title=\u00a0\u00bbPr\u00eats personnels\u00a0\u00bb open=\u00a0\u00bbon\u00a0\u00bb _builder_version=\u00a0\u00bb4.19.0&Prime; _module_preset=\u00a0\u00bbdefault\u00a0\u00bb global_colors_info=\u00a0\u00bb{}\u00a0\u00bb]<\/p>\n<p>Ils sont souvent utilis\u00e9s pour financer des voyages ou des \u00e9quipements m\u00e9nagers. La p\u00e9riode de remboursement est courte et les taux d&rsquo;int\u00e9r\u00eat sont \u00e9lev\u00e9s.<\/p>\n<p>[\/et_pb_accordion_item][et_pb_accordion_item title=\u00a0\u00bbPr\u00eats rapides.\u00a0\u00bb _builder_version=\u00a0\u00bb4.19.0&Prime; _module_preset=\u00a0\u00bbdefault\u00a0\u00bb global_colors_info=\u00a0\u00bb{}\u00a0\u00bb open=\u00a0\u00bboff\u00a0\u00bb]<\/p>\n<p>Ce financement est pratique lorsque des liquidit\u00e9s sont n\u00e9cessaires \u00e0 un moment pr\u00e9cis pour payer les salaires ou r\u00e9soudre une situation d&rsquo;urgence. Les exigences sont g\u00e9n\u00e9ralement peu nombreuses et les r\u00e9ponses aux demandes sont rapides.<\/p>\n<p>[\/et_pb_accordion_item][et_pb_accordion_item title=\u00a0\u00bbMini-cr\u00e9dits.\u00a0\u00bb _builder_version=\u00a0\u00bb4.19.0&Prime; _module_preset=\u00a0\u00bbdefault\u00a0\u00bb global_colors_info=\u00a0\u00bb{}\u00a0\u00bb open=\u00a0\u00bboff\u00a0\u00bb]<\/p>\n<p><span style=\u00ab font-weight : 400 ; \u00bb>Il s&rsquo;agit de pr\u00eats d&rsquo;un montant compris entre 100 et 500 euros et ne d\u00e9passant pas 1 000 euros. Ils sont utilis\u00e9s pour des r\u00e9parations de v\u00e9hicules ou pour payer des factures \u00e0 la fin du mois. Ils sont accord\u00e9s instantan\u00e9ment et leur d\u00e9lai de remboursement ne d\u00e9passe g\u00e9n\u00e9ralement pas 60 jours.<\/span><\/p>\n<p>[\/et_pb_accordion_item][et_pb_accordion_item title=\u00a0\u00bbPr\u00eats automobiles.\u00a0\u00bb _builder_version=\u00a0\u00bb4.19.0&Prime; _module_preset=\u00a0\u00bbdefault\u00a0\u00bb global_colors_info=\u00a0\u00bb{}\u00a0\u00bb open=\u00a0\u00bboff\u00a0\u00bb]<\/p>\n<p><span style=\u00ab font-weight : 400 ; \u00bb>Il est trait\u00e9 par l&rsquo;entreprise qui vend le v\u00e9hicule. Les d\u00e9lais de remboursement vont g\u00e9n\u00e9ralement de 12 \u00e0 60 mois et les taux d&rsquo;int\u00e9r\u00eat varient en fonction de la dur\u00e9e convenue pour le remboursement du pr\u00eat.<\/span><\/p>\n<p>[\/et_pb_accordion_item][et_pb_accordion_item title=\u00a0\u00bbHypoth\u00e8ques\u00a0\u00bb _builder_version=\u00a0\u00bb4.19.0&Prime; _module_preset=\u00a0\u00bbdefault\u00a0\u00bb global_colors_info=\u00a0\u00bb{}\u00a0\u00bb open=\u00a0\u00bboff\u00a0\u00bb]<\/p>\n<p><span style=\u00ab font-weight : 400 ; \u00bb>Ce type de pr\u00eat est le plus important et est utilis\u00e9 pour acheter une maison. La p\u00e9riode de remboursement est longue, g\u00e9n\u00e9ralement de 20 \u00e0 40 ans, et le taux d&rsquo;int\u00e9r\u00eat est le plus bas par rapport aux autres pr\u00eats. Les banques exigent que le bien achet\u00e9 serve de garantie pour le remboursement du pr\u00eat.<\/span><\/p>\n<p>[\/et_pb_accordion_item][et_pb_accordion_item title=\u00a0\u00bbConsolidation de plusieurs pr\u00eats\u00a0\u00bb _builder_version=\u00a0\u00bb4.19.0&Prime; _module_preset=\u00a0\u00bbdefault\u00a0\u00bb global_colors_info=\u00a0\u00bb{}\u00a0\u00bb open=\u00a0\u00bboff\u00a0\u00bb]<\/p>\n<p><span style=\u00ab font-weight : 400 ; \u00bb>Cette option permet de convertir le paiement de plusieurs dettes, telles qu&rsquo;un pr\u00eat hypoth\u00e9caire et un pr\u00eat automobile, en un seul paiement.<\/span><\/p>\n<p>[\/et_pb_accordion_item][et_pb_accordion_item title=\u00a0\u00bbPr\u00eats avec Asnef\u00a0\u00bb _builder_version=\u00a0\u00bb4.19.0&Prime; _module_preset=\u00a0\u00bbdefault\u00a0\u00bb global_colors_info=\u00a0\u00bb{}\u00a0\u00bb open=\u00a0\u00bboff\u00a0\u00bb]<\/p>\n<p><span style=\u00ab font-weight : 400 ; \u00bb>Il s&rsquo;agit de pr\u00eats qui peuvent \u00eatre demand\u00e9s par des personnes figurant sur la liste des mauvais payeurs. Cette option n\u00e9cessite une source de revenus, des p\u00e9riodes de remboursement courtes et des montants g\u00e9n\u00e9ralement peu \u00e9lev\u00e9s.<\/span><\/p>\n<p>[\/et_pb_accordion_item][\/et_pb_accordion][\/et_pb_column][\/et_pb_row][et_pb_row _builder_version=\u00a0\u00bb4.19.0&Prime; _module_preset=\u00a0\u00bbdefault\u00a0\u00bb global_colors_info=\u00a0\u00bb{}\u00a0\u00bb][et_pb_column type=\u00a0\u00bb4_4&Prime; _builder_version=\u00a0\u00bb4.19.0&Prime; _module_preset=\u00a0\u00bbdefault\u00a0\u00bb global_colors_info=\u00a0\u00bb{}\u00a0\u00bb][et_pb_text _builder_version=\u00a0\u00bb4.19.0&Prime; _module_preset=\u00a0\u00bbdefault\u00a0\u00bb text_orientation=\u00a0\u00bbcenter\u00a0\u00bb global_colors_info=\u00a0\u00bb{}\u00a0\u00bb]<\/p>\n<p><span style=\"font-weight: 400;\">Je peux \u00e9galement vous proposer d&rsquo;autres <\/span><b>produits financiers<\/b><span style=\u00ab font-weight : 400 ; \u00bb>comme des comptes ou des cartes, tous adapt\u00e9s \u00e0 vos pr\u00e9f\u00e9rences et \u00e0 vos besoins<\/span><\/p>\n<p>.\n<\/p>\n<p><span style=\u00ab font-weight : 400 ; \u00bb>En outre, et en relation avec ce qui pr\u00e9c\u00e8de, je peux vous <\/span><b>conseiller sur la mani\u00e8re de g\u00e9rer vos finances personnelles ou professionnelles<\/b><span style=\u00ab font-weight : 400 ; \u00bb>de la mani\u00e8re la plus efficace, en r\u00e9alisant un maximum d&rsquo;\u00e9conomies:<\/span><\/p>\n<p>[\/et_pb_text][\/et_pb_column][\/et_pb_row][et_pb_row column_structure=\u00a0\u00bb1_4,1_4,1_4,1_4&Prime; _builder_version=\u00a0\u00bb4.19.0&Prime; _module_preset=\u00a0\u00bbdefault\u00a0\u00bb global_colors_info=\u00a0\u00bb{}\u00a0\u00bb][et_pb_column type=\u00a0\u00bb1_4&Prime; _builder_version=\u00a0\u00bb4.19.0&Prime; _module_preset=\u00a0\u00bbdefault\u00a0\u00bb global_colors_info=\u00a0\u00bb{}\u00a0\u00bb][et_pb_text _builder_version=\u00a0\u00bb4.19.0&Prime; _module_preset=\u00a0\u00bbdefault\u00a0\u00bb text_orientation=\u00a0\u00bbcenter\u00a0\u00bb global_colors_info=\u00a0\u00bb{}\u00a0\u00bb]<\/p>\n<p><b>Analyser votre situation \u00e9conomique<\/b><span style=\u00ab font-weight : 400 ; \u00bb>.<\/span><\/p>\n<p>[\/et_pb_text][et_pb_text _builder_version=\u00a0\u00bb4.19.0&Prime; _module_preset=\u00a0\u00bbdefault\u00a0\u00bb text_orientation=\u00a0\u00bbcenter\u00a0\u00bb global_colors_info=\u00a0\u00bb{}\u00a0\u00bb]<\/p>\n<p><span style=\u00ab font-weight : 400 ; \u00bb>Les d\u00e9penses mensuelles et quotidiennes doivent \u00eatre connues en d\u00e9tail afin de conna\u00eetre l&rsquo;origine de la situation \u00e9conomique.<\/span><\/p>\n<p>[\/et_pb_text][\/et_pb_column][et_pb_column type=\u00a0\u00bb1_4&Prime; _builder_version=\u00a0\u00bb4.19.0&Prime; _module_preset=\u00a0\u00bbdefault\u00a0\u00bb global_colors_info=\u00a0\u00bb{}\u00a0\u00bb][et_pb_text _builder_version=\u00a0\u00bb4.19.0&Prime; _module_preset=\u00a0\u00bbdefault\u00a0\u00bb text_orientation=\u00a0\u00bbcenter\u00a0\u00bb global_colors_info=\u00a0\u00bb{}\u00a0\u00bb]<\/p>\n<p><b>Identifier les probl\u00e8mes<\/b><span style=\u00ab font-weight : 400 ; \u00bb>.<\/span><\/p>\n<p>[\/et_pb_text][et_pb_text _builder_version=\u00a0\u00bb4.19.0&Prime; _module_preset=\u00a0\u00bbdefault\u00a0\u00bb text_orientation=\u00a0\u00bbcenter\u00a0\u00bb global_colors_info=\u00a0\u00bb{}\u00a0\u00bb]<\/p>\n<p><span style=\u00ab font-weight : 400 ; \u00bb>En observant l&rsquo;\u00e9volution des recettes et des d\u00e9penses, il sera possible d&rsquo;identifier les d\u00e9penses qui peuvent \u00eatre \u00e9limin\u00e9es afin d&rsquo;augmenter la tr\u00e9sorerie disponible.<\/span><\/p>\n<p>[\/et_pb_text][\/et_pb_column][et_pb_column type=\u00a0\u00bb1_4&Prime; _builder_version=\u00a0\u00bb4.19.0&Prime; _module_preset=\u00a0\u00bbdefault\u00a0\u00bb global_colors_info=\u00a0\u00bb{}\u00a0\u00bb][et_pb_text _builder_version=\u00a0\u00bb4.19.0&Prime; _module_preset=\u00a0\u00bbdefault\u00a0\u00bb text_orientation=\u00a0\u00bbcenter\u00a0\u00bb global_colors_info=\u00a0\u00bb{}\u00a0\u00bb]<\/p>\n<p><b>Organiser l&rsquo;argent<\/b><span style=\u00ab font-weight : 400 ; \u00bb>.<\/span><\/p>\n<p>[\/et_pb_text][et_pb_text _builder_version=\u00a0\u00bb4.19.0&Prime; _module_preset=\u00a0\u00bbdefault\u00a0\u00bb text_orientation=\u00a0\u00bbcenter\u00a0\u00bb global_colors_info=\u00a0\u00bb{}\u00a0\u00bb]<\/p>\n<p>Il est essentiel de s\u00e9parer les d\u00e9penses fixes des autres d\u00e9penses, telles que l&rsquo;alimentation et l&rsquo;entretien personnel, afin d&rsquo;\u00e9viter de d\u00e9penser de l&rsquo;argent inutilement.<\/p>\n<p>[\/et_pb_text][\/et_pb_column][et_pb_column type=\u00a0\u00bb1_4&Prime; _builder_version=\u00a0\u00bb4.19.0&Prime; _module_preset=\u00a0\u00bbdefault\u00a0\u00bb global_colors_info=\u00a0\u00bb{}\u00a0\u00bb][et_pb_text _builder_version=\u00a0\u00bb4.19.0&Prime; _module_preset=\u00a0\u00bbdefault\u00a0\u00bb text_orientation=\u00a0\u00bbcenter\u00a0\u00bb global_colors_info=\u00a0\u00bb{}\u00a0\u00bb]<\/p>\n<p><b>Comparaison des financements<\/b><span style=\u00ab font-weight : 400 ; \u00bb>.<\/span><\/p>\n<p>[\/et_pb_text][et_pb_text _builder_version=\u00a0\u00bb4.19.0&Prime; _module_preset=\u00a0\u00bbdefault\u00a0\u00bb text_orientation=\u00a0\u00bbcenter\u00a0\u00bb global_colors_info=\u00a0\u00bb{}\u00a0\u00bb]<\/p>\n<p><span style=\u00ab font-weight : 400 ; \u00bb>En \u00e9valuant les diff\u00e9rentes options de pr\u00eat et de cr\u00e9dit, vous pouvez demander le taux qui convient \u00e0 vos besoins \u00e9conomiques actuels.<\/span><\/p>\n<p>[\/et_pb_text][\/et_pb_column][\/et_pb_row][et_pb_row _builder_version=\u00a0\u00bb4.19.0&Prime; _module_preset=\u00a0\u00bbdefault\u00a0\u00bb global_colors_info=\u00a0\u00bb{}\u00a0\u00bb][et_pb_column type=\u00a0\u00bb4_4&Prime; _builder_version=\u00a0\u00bb4.19.0&Prime; _module_preset=\u00a0\u00bbdefault\u00a0\u00bb global_colors_info=\u00a0\u00bb{}\u00a0\u00bb][et_pb_text _builder_version=\u00a0\u00bb4.19.0&Prime; _module_preset=\u00a0\u00bbdefault\u00a0\u00bb text_orientation=\u00a0\u00bbcenter\u00a0\u00bb global_colors_info=\u00a0\u00bb{}\u00a0\u00bb]<\/p>\n<p><span style=\u00ab font-weight : 400 ; \u00bb>Si ces \u00e9tapes simples sont effectu\u00e9es correctement, votre situation financi\u00e8re peut s&rsquo;am\u00e9liorer consid\u00e9rablement, passant de r\u00e9sultats n\u00e9gatifs \u00e0 des \u00e9conomies. <\/span><span style=\u00ab font-weight : 400 ; \u00bb>Si vous avez besoin d&rsquo;un pr\u00eat ou si votre situation financi\u00e8re n&rsquo;est pas ce que vous souhaitez, n&rsquo;h\u00e9sitez pas \u00e0 me contacter afin que je puisse vous aider \u00e0 r\u00e9pondre \u00e0 toutes vos questions sur le financement, les produits financiers et l&rsquo;\u00e9pargne.<\/span><\/p>\n<p>[\/et_pb_text][\/et_pb_column][\/et_pb_row][et_pb_row _builder_version=\u00a0\u00bb4.19.0&Prime; _module_preset=\u00a0\u00bbdefault\u00a0\u00bb global_colors_info=\u00a0\u00bb{}\u00a0\u00bb][et_pb_column type=\u00a0\u00bb4_4&Prime; _builder_version=\u00a0\u00bb4.19.0&Prime; _module_preset=\u00a0\u00bbdefault\u00a0\u00bb global_colors_info=\u00a0\u00bb{}\u00a0\u00bb][et_pb_text _builder_version=\u00a0\u00bb4.19.0&Prime; _module_preset=\u00a0\u00bbdefault\u00a0\u00bb text_orientation=\u00a0\u00bbcenter\u00a0\u00bb global_colors_info=\u00a0\u00bb{}\u00a0\u00bb]<\/p>\n<p>N&rsquo;oubliez pas que nous r\u00e9digeons du contenu de qualit\u00e9 en publiant r\u00e9guli\u00e8rement des articles sur notre blog. Vous \u00eates s\u00fbrement curieux de savoir comment demander un pr\u00eat, ou par exemple ce que sont les pr\u00eats pr\u00e9-approuv\u00e9s, entre bien d&rsquo;autres questions.<\/p>\n<p>Jetez un \u0153il aux derni\u00e8res publications ! Nous esp\u00e9rons qu&rsquo;elles vous seront utiles.<\/p>\n<p>[\/et_pb_text][et_pb_blog fullwidth=\u00a0\u00bboff\u00a0\u00bb posts_number=\u00a0\u00bb3&Prime; include_categories=\u00a0\u00bball\u00a0\u00bb excerpt_length=\u00a0\u00bb150&Prime; show_author=\u00a0\u00bboff\u00a0\u00bb show_date=\u00a0\u00bboff\u00a0\u00bb use_overlay=\u00a0\u00bbon\u00a0\u00bb overlay_icon_color=\u00a0\u00bb#FFFFFF\u00a0\u00bb hover_overlay_color=\u00a0\u00bbrgba(14,234,197,0.69)\u00a0\u00bb hover_icon=\u00a0\u00bb&#xf4d5;||fa||400&Prime; _builder_version=\u00a0\u00bb4.27.2&Prime; _module_preset=\u00a0\u00bbdefault\u00a0\u00bb meta_text_color=\u00a0\u00bb#0EEAC5&Prime; pagination_text_color=\u00a0\u00bb#0EEAC5&Prime; hover_enabled=\u00a0\u00bb0&Prime; border_width_bottom_image=\u00a0\u00bb2px\u00a0\u00bb border_color_bottom_image=\u00a0\u00bb#0EEAC5&Prime; box_shadow_style=\u00a0\u00bbpreset2&Prime; global_colors_info=\u00a0\u00bb{}\u00a0\u00bb sticky_enabled=\u00a0\u00bb0&Prime;][\/et_pb_blog][\/et_pb_column][\/et_pb_row][\/et_pb_section]<\/p>\n","protected":false},"excerpt":{"rendered":"<p>Je suis Clara Duarte, votre experte en mati\u00e8re de pr\u00eats et de conseils pour \u00e9conomiser de l&rsquo;argent. Je vous fournirai les meilleures id\u00e9es pour \u00e9conomiser de l&rsquo;argent et des conseils sur la fa\u00e7on d&rsquo;analyser et de choisir les meilleurs pr\u00eats pour vos besoins personnels. Lorsque nous pensons \u00e0 demander un pr\u00eat ou \u00e0 chercher de [&hellip;]<\/p>\n","protected":false},"author":5,"featured_media":0,"parent":0,"menu_order":0,"comment_status":"closed","ping_status":"closed","template":"","meta":{"_et_pb_use_builder":"on","_et_pb_old_content":"","_et_gb_content_width":"","footnotes":""},"class_list":["post-2997","page","type-page","status-publish","hentry"],"_links":{"self":[{"href":"https:\/\/www.banksandsaving.com\/fr\/wp-json\/wp\/v2\/pages\/2997","targetHints":{"allow":["GET"]}}],"collection":[{"href":"https:\/\/www.banksandsaving.com\/fr\/wp-json\/wp\/v2\/pages"}],"about":[{"href":"https:\/\/www.banksandsaving.com\/fr\/wp-json\/wp\/v2\/types\/page"}],"author":[{"embeddable":true,"href":"https:\/\/www.banksandsaving.com\/fr\/wp-json\/wp\/v2\/users\/5"}],"replies":[{"embeddable":true,"href":"https:\/\/www.banksandsaving.com\/fr\/wp-json\/wp\/v2\/comments?post=2997"}],"version-history":[{"count":7,"href":"https:\/\/www.banksandsaving.com\/fr\/wp-json\/wp\/v2\/pages\/2997\/revisions"}],"predecessor-version":[{"id":5271,"href":"https:\/\/www.banksandsaving.com\/fr\/wp-json\/wp\/v2\/pages\/2997\/revisions\/5271"}],"wp:attachment":[{"href":"https:\/\/www.banksandsaving.com\/fr\/wp-json\/wp\/v2\/media?parent=2997"}],"curies":[{"name":"wp","href":"https:\/\/api.w.org\/{rel}","templated":true}]}}