{"id":4719,"date":"2024-11-05T11:15:46","date_gmt":"2024-11-05T10:15:46","guid":{"rendered":"https:\/\/www.banksandsaving.com\/pujcky\/"},"modified":"2024-11-11T11:08:44","modified_gmt":"2024-11-11T10:08:44","slug":"pujcky","status":"publish","type":"page","link":"https:\/\/www.banksandsaving.com\/cs\/pujcky\/","title":{"rendered":"P\u016fj\u010dky"},"content":{"rendered":"<p>[et_pb_section fb_built=&#8220;1&#8243; _builder_version=&#8220;4.27.2&#8243; _module_preset=&#8220;default&#8220; global_colors_info=&#8220;{}&#8220;][et_pb_row _builder_version=&#8220;4.27.2&#8243; _module_preset=&#8220;default&#8220; global_colors_info=&#8220;{}&#8220;][et_pb_column type=&#8220;4_4&#8243; _builder_version=&#8220;4.27.2&#8243; _module_preset=&#8220;default&#8220; global_colors_info=&#8220;{}&#8220;][et_pb_text _builder_version=&#8220;4.27.2&#8243; _module_preset=&#8220;default&#8220; global_colors_info=&#8220;{}&#8220;]<\/p>\n<p><b>\u00dav\u011bry na m\u00edru pro spln\u011bn\u00ed va\u0161ich sn\u016f<\/b><\/p>\n<p><span style=\"font-weight: 400;\">Ve spole\u010dnosti<\/span><span style=\"font-weight: 400;\">Banks and Saving<\/span><span style=\"font-weight: 400;\"> ch\u00e1peme, \u017ee ka\u017ed\u00fd \u010dlov\u011bk a ka\u017ed\u00fd projekt je jedine\u010dn\u00fd. A\u0165 u\u017e chcete financovat sv\u00e1 studia, rekonstruovat sv\u016fj domov nebo rozv\u00edjet sv\u00e9 podnik\u00e1n\u00ed, na\u0161e p\u016fj\u010dky jsou navr\u017eeny tak, aby v\u00e1m poskytly finan\u010dn\u00ed podporu, kterou pot\u0159ebujete, za podm\u00ednek, kter\u00e9 nejl\u00e9pe odpov\u00eddaj\u00ed va\u0161\u00ed realit\u011b. D\u00edky rychl\u00fdm, flexibiln\u00edm a bezpe\u010dn\u00fdm \u0159e\u0161en\u00edm jsme tu, abychom v\u00e1m pomohli uskute\u010dnit va\u0161e c\u00edle.<\/span><\/p>\n<p><span style=\"font-weight: 400;\">N\u00e1\u0161 t\u00fdm poradc\u016f s v\u00e1mi spolupracuje a nab\u00eddne v\u00e1m transparentn\u00ed pl\u00e1n financov\u00e1n\u00ed \u0161it\u00fd na m\u00edru va\u0161im pot\u0159eb\u00e1m, d\u00edky \u010demu\u017e je ka\u017ed\u00fd krok srozumiteln\u00fd a pohodln\u00fd. N\u00ed\u017ee p\u0159edstavujeme na\u0161e \u00fa\u010delov\u00e9 \u00fav\u011brov\u00e9 slu\u017eby.<\/span><\/p>\n<p>[\/et_pb_text][\/et_pb_column][\/et_pb_row][et_pb_row column_structure=&#8220;1_2,1_2&#8243; _builder_version=&#8220;4.27.2&#8243; _module_preset=&#8220;default&#8220; global_colors_info=&#8220;{}&#8220;][et_pb_column type=&#8220;1_2&#8243; _builder_version=&#8220;4.27.2&#8243; _module_preset=&#8220;default&#8220; global_colors_info=&#8220;{}&#8220;][et_pb_blurb title=&#8220;Osobn\u00ed p\u016fj\u010dky&#8220; use_icon=&#8220;on&#8220; font_icon=&#8220;&#xe106;||divi||400&#8243; icon_color=&#8220;#0EEAC5&#8243; _builder_version=&#8220;4.27.2&#8243; _module_preset=&#8220;default&#8220; global_colors_info=&#8220;{}&#8220;]<\/p>\n<p><span style=\"font-weight: 400;\">Na\u0161e osobn\u00ed p\u016fj\u010dky jsou navr\u017eeny tak, aby v\u00e1m pomohly financovat jak\u00e9koli v\u00fddaje, kter\u00e9 pot\u0159ebujete pokr\u00fdt na ka\u017edodenn\u00ed b\u00e1zi, a\u0165 u\u017e se jedn\u00e1 o nouzov\u00e9 situace, osobn\u00ed investice nebo jak\u00fdkoli c\u00edl, kter\u00fd m\u00e1te na mysli. Nab\u00edz\u00edme:<\/span><\/p>\n<ul>\n<li style=\"font-weight: 400;\" aria-level=\"1\"><span style=\"font-weight: 400;\">Flexibiln\u00ed v\u00fd\u0161i p\u016fj\u010dky p\u0159izp\u016fsobenou va\u0161im p\u0159\u00edjm\u016fm.<br \/>\n<\/span><\/li>\n<li style=\"font-weight: 400;\" aria-level=\"1\"><span style=\"font-weight: 400;\">Konkuren\u010dn\u00ed \u00farokov\u00e9 sazby<br \/>\n<\/span><\/li>\n<li style=\"font-weight: 400;\" aria-level=\"1\"><span style=\"font-weight: 400;\">Dostupn\u00e9 podm\u00ednky spl\u00e1cen\u00ed<br \/>\n<\/span><\/li>\n<li style=\"font-weight: 400;\" aria-level=\"1\"><span style=\"font-weight: 400;\">Rychl\u00fd a snadn\u00fd schvalovac\u00ed proces<\/span><\/li>\n<\/ul>\n<p>[\/et_pb_blurb][\/et_pb_column][et_pb_column type=&#8220;1_2&#8243; _builder_version=&#8220;4.27.2&#8243; _module_preset=&#8220;default&#8220; global_colors_info=&#8220;{}&#8220;][et_pb_blurb title=&#8220;Studentsk\u00e9 p\u016fj\u010dky&#8220; use_icon=&#8220;on&#8220; font_icon=&#8220;&#xf02d;||fa||900&#8243; icon_color=&#8220;#0EEAC5&#8243; _builder_version=&#8220;4.27.2&#8243; _module_preset=&#8220;default&#8220; global_colors_info=&#8220;{}&#8220;]<\/p>\n<p><span style=\"font-weight: 400;\">Investice do vzd\u011bl\u00e1n\u00ed je investic\u00ed do va\u0161\u00ed budoucnosti. S na\u0161imi studentsk\u00fdmi p\u016fj\u010dkami budete m\u00edt mo\u017enost hradit si vysoko\u0161kolsk\u00e9 studium, specializovan\u00e9 kurzy nebo mezin\u00e1rodn\u00ed v\u00fdm\u011bnn\u00e9 pobyty bez obav z nedostatku prost\u0159edk\u016f. Mezi v\u00fdhody pat\u0159\u00ed:<\/span><\/p>\n<ul>\n<li style=\"font-weight: 400;\" aria-level=\"1\"><span style=\"font-weight: 400;\">prodlou\u017een\u00e9 a v\u00fdhodn\u00e9 podm\u00ednky spl\u00e1cen\u00ed<br \/>\n<\/span><\/li>\n<li style=\"font-weight: 400;\" aria-level=\"1\"><span style=\"font-weight: 400;\">Mo\u017enost odkladu spl\u00e1tek nebo odlo\u017een\u00ed spl\u00e1tek a\u017e do ukon\u010den\u00ed studia<br \/>\n<\/span><\/li>\n<li style=\"font-weight: 400;\" aria-level=\"1\"><span style=\"font-weight: 400;\">N\u00edzk\u00e9 a dostupn\u00e9 \u00farokov\u00e9 sazby<br \/>\n<\/span><\/li>\n<li style=\"font-weight: 400;\" aria-level=\"1\"><span style=\"font-weight: 400;\">Financov\u00e1n\u00ed dodate\u010dn\u00fdch v\u00fddaj\u016f, jako jsou materi\u00e1l, doprava a ubytov\u00e1n\u00ed<\/span><\/li>\n<\/ul>\n<p>[\/et_pb_blurb][\/et_pb_column][\/et_pb_row][et_pb_row column_structure=&#8220;1_2,1_2&#8243; _builder_version=&#8220;4.27.2&#8243; _module_preset=&#8220;default&#8220; global_colors_info=&#8220;{}&#8220;][et_pb_column type=&#8220;1_2&#8243; _builder_version=&#8220;4.27.2&#8243; _module_preset=&#8220;default&#8220; global_colors_info=&#8220;{}&#8220;][et_pb_blurb title=&#8220; \u00dav\u011bry na bydlen\u00ed&#8220; use_icon=&#8220;on&#8220; font_icon=&#8220;&#xe009;||divi||400&#8243; icon_color=&#8220;#0EEAC5&#8243; _builder_version=&#8220;4.27.2&#8243; _module_preset=&#8220;default&#8220; global_colors_info=&#8220;{}&#8220;]<\/p>\n<p><span style=\"font-weight: 400;\">A\u0165 u\u017e kupujete nov\u00e9 bydlen\u00ed, nebo rekonstruujete sv\u00e9 st\u00e1vaj\u00edc\u00ed, na\u0161e hypote\u010dn\u00ed \u00fav\u011bry a \u00fav\u011bry na rekonstrukci v\u00e1m pomohou snadno realizovat va\u0161e realitn\u00ed projekty. Mezi v\u00fdhody pat\u0159\u00ed:<\/span><\/p>\n<ul>\n<li style=\"font-weight: 400;\" aria-level=\"1\"><span style=\"font-weight: 400;\">Zv\u00fdhodn\u011bn\u00e9 \u00farokov\u00e9 sazby a flexibiln\u00ed mo\u017enosti spl\u00e1cen\u00ed.<br \/>\n<\/span><\/li>\n<li style=\"font-weight: 400;\" aria-level=\"1\"><span style=\"font-weight: 400;\">Financov\u00e1n\u00ed n\u00e1kupu nebo rekonstrukce bydlen\u00ed<br \/>\n<\/span><\/li>\n<li style=\"font-weight: 400;\" aria-level=\"1\"><span style=\"font-weight: 400;\">Doba splatnosti a\u017e 30 let<br \/>\n<\/span><\/li>\n<li style=\"font-weight: 400;\" aria-level=\"1\"><span style=\"font-weight: 400;\">Poradenstv\u00ed v ka\u017ed\u00e9m kroku procesu koup\u011b nebo rekonstrukce<\/span><\/li>\n<\/ul>\n<p>[\/et_pb_blurb][\/et_pb_column][et_pb_column type=&#8220;1_2&#8243; _builder_version=&#8220;4.27.2&#8243; _module_preset=&#8220;default&#8220; global_colors_info=&#8220;{}&#8220;][et_pb_blurb title=&#8220;P\u016fj\u010dky na auto&#8220; use_icon=&#8220;on&#8220; font_icon=&#8220;&#xf5de;||fa||900&#8243; icon_color=&#8220;#0EEAC5&#8243; _builder_version=&#8220;4.27.2&#8243; _module_preset=&#8220;default&#8220; hover_enabled=&#8220;0&#8243; global_colors_info=&#8220;{}&#8220; sticky_enabled=&#8220;0&#8243;]<\/p>\n<p><span style=\"font-weight: 400;\">Po\u0159i\u010fte si vozidlo, kter\u00e9 pot\u0159ebujete pro sv\u00e9 osobn\u00ed nebo rodinn\u00e9 cesty, s na\u0161imi p\u016fj\u010dkami na auto. Nab\u00edz\u00edme v\u00e1m p\u016fj\u010dku na nov\u00fd nebo ojet\u00fd v\u016fz za v\u00fdhodn\u00fdch podm\u00ednek:<br \/>\n<\/span><\/p>\n<ul>\n<li style=\"font-weight: 400;\" aria-level=\"1\"><span style=\"font-weight: 400;\">Financov\u00e1n\u00ed a\u017e do v\u00fd\u0161e 100 % hodnoty vozidla.<br \/>\n<\/span><\/li>\n<li style=\"font-weight: 400;\" aria-level=\"1\"><span style=\"font-weight: 400;\">Konkuren\u010dn\u00ed \u00farokov\u00e9 sazby a flexibiln\u00ed podm\u00ednky<br \/>\n<\/span><\/li>\n<li style=\"font-weight: 400;\" aria-level=\"1\"><span style=\"font-weight: 400;\">Mo\u017enosti spl\u00e1tek p\u0159izp\u016fsoben\u00e9 va\u0161im p\u0159\u00edjm\u016fm<br \/>\n<\/span><\/li>\n<li style=\"font-weight: 400;\" aria-level=\"1\"><span style=\"font-weight: 400;\">Poradenstv\u00ed p\u0159i n\u00e1kupu nov\u00fdch nebo ojet\u00fdch vozidel<\/span><\/li>\n<\/ul>\n<p>[\/et_pb_blurb][\/et_pb_column][\/et_pb_row][et_pb_row _builder_version=&#8220;4.27.2&#8243; _module_preset=&#8220;default&#8220; global_colors_info=&#8220;{}&#8220;][et_pb_column type=&#8220;4_4&#8243; _builder_version=&#8220;4.27.2&#8243; _module_preset=&#8220;default&#8220; global_colors_info=&#8220;{}&#8220;][et_pb_blurb title=&#8220;Podnikatelsk\u00e9 \u00fav\u011bry&#8220; use_icon=&#8220;on&#8220; font_icon=&#8220;&#xf2c2;||fa||400&#8243; icon_color=&#8220;#0EEAC5&#8243; _builder_version=&#8220;4.27.2&#8243; _module_preset=&#8220;default&#8220; global_colors_info=&#8220;{}&#8220;]<\/p>\n<p><span style=\"font-weight: 400;\">Podpo\u0159te r\u016fst sv\u00e9ho podnik\u00e1n\u00ed pomoc\u00ed na\u0161ich podnikatelsk\u00fdch \u00fav\u011br\u016f. A\u0165 u\u017e jde o roz\u0161\u00ed\u0159en\u00ed provozu, po\u0159\u00edzen\u00ed stroj\u016f nebo zlep\u0161en\u00ed infrastruktury, m\u00e1me mo\u017enosti financov\u00e1n\u00ed p\u0159izp\u016fsoben\u00e9 pot\u0159eb\u00e1m ka\u017ed\u00e9ho typu podnik\u00e1n\u00ed:<\/span><\/p>\n<ul>\n<li style=\"font-weight: 400;\" aria-level=\"1\"><span style=\"font-weight: 400;\">P\u0159izp\u016fsoben\u00e9 \u010d\u00e1stky na pokryt\u00ed provozn\u00edch v\u00fddaj\u016f, v\u00fddaj\u016f na roz\u0161\u00ed\u0159en\u00ed nebo zlep\u0161en\u00ed.<br \/>\n<\/span><\/li>\n<li style=\"font-weight: 400;\" aria-level=\"1\"><span style=\"font-weight: 400;\">Kr\u00e1tkodob\u00e9, st\u0159edn\u011bdob\u00e9 a dlouhodob\u00e9 mo\u017enosti financov\u00e1n\u00ed<br \/>\n<\/span><\/li>\n<li style=\"font-weight: 400;\" aria-level=\"1\"><span style=\"font-weight: 400;\">Konkuren\u010dn\u00ed \u00farokov\u00e9 sazby<br \/>\n<\/span><\/li>\n<li style=\"font-weight: 400;\" aria-level=\"1\"><span style=\"font-weight: 400;\">Flexibiln\u00ed struktura plateb a p\u0159izp\u016fsobiteln\u00e9 podm\u00ednky<\/span><\/li>\n<\/ul>\n<p>[\/et_pb_blurb][\/et_pb_column][\/et_pb_row][et_pb_row _builder_version=&#8220;4.27.2&#8243; _module_preset=&#8220;default&#8220; background_color=&#8220;#20d8a2&#8243; custom_margin=&#8220;0px||||false|false&#8220; custom_padding=&#8220;||||false|false&#8220; global_colors_info=&#8220;{}&#8220;][et_pb_column type=&#8220;4_4&#8243; _builder_version=&#8220;4.27.2&#8243; _module_preset=&#8220;default&#8220; global_colors_info=&#8220;{}&#8220;][et_pb_text _builder_version=&#8220;4.27.2&#8243; _module_preset=&#8220;default&#8220; custom_padding=&#8220;2vw|2vw|2vw|2vw|false|false&#8220; global_colors_info=&#8220;{}&#8220;]<\/p>\n<h2><b>Pro\u010d si vybrat Banks and Saving \u00fav\u011bry<\/b><b>?<\/b><\/h2>\n<ul>\n<li style=\"font-weight: 400;\" aria-level=\"1\"><b>Podm\u00ednky na m\u00edru:<\/b><span style=\"font-weight: 400;\"> V\u00fd\u0161i, podm\u00ednky a \u00farokov\u00e9 sazby jednotliv\u00fdch \u00fav\u011br\u016f p\u0159izp\u016fsobujeme va\u0161im finan\u010dn\u00edm mo\u017enostem a konkr\u00e9tn\u00edm pot\u0159eb\u00e1m.<\/span><\/li>\n<li style=\"font-weight: 400;\" aria-level=\"1\"><b>Rychl\u00fd a transparentn\u00ed proces:<\/b><span style=\"font-weight: 400;\"> Od pod\u00e1n\u00ed \u017e\u00e1dosti a\u017e po schv\u00e1len\u00ed se sna\u017e\u00edme, aby ka\u017ed\u00e1 f\u00e1ze byla jasn\u00e1 a hladk\u00e1.<\/span><\/li>\n<li style=\"font-weight: 400;\" aria-level=\"1\"><b>Specializovan\u00e9 poradenstv\u00ed:<\/b><span style=\"font-weight: 400;\"> M\u00e1me t\u00fdm poradc\u016f, kte\u0159\u00ed v\u00e1s provedou a vy\u0159e\u0161\u00ed p\u0159\u00edpadn\u00e9 nejasnosti a zajist\u00ed, \u017ee vybran\u00e1 p\u016fj\u010dka je pro v\u00e1s ide\u00e1ln\u00ed.<\/span><\/li>\n<\/ul>\n<p>[\/et_pb_text][\/et_pb_column][\/et_pb_row][et_pb_row _builder_version=&#8220;4.27.2&#8243; _module_preset=&#8220;default&#8220; global_colors_info=&#8220;{}&#8220;][et_pb_column type=&#8220;4_4&#8243; _builder_version=&#8220;4.27.2&#8243; _module_preset=&#8220;default&#8220; global_colors_info=&#8220;{}&#8220;][et_pb_text _builder_version=&#8220;4.27.2&#8243; _module_preset=&#8220;default&#8220; global_colors_info=&#8220;{}&#8220;]<\/p>\n<h2><b>Po\u017e\u00e1dejte o p\u016fj\u010dku na m\u00edru je\u0161t\u011b dnes<\/b><\/h2>\n<p><span style=\"font-weight: 400;\">Z\u00edskejte pot\u0159ebn\u00e9 finance d\u00edky na\u0161emu rychl\u00e9mu a bezpe\u010dn\u00e9mu procesu. Vypl\u0148te online formul\u00e1\u0159 nebo kontaktujte n\u011bkter\u00e9ho z na\u0161ich poradc\u016f a z\u00edskejte nez\u00e1vaznou nab\u00eddku. V <\/span><span style=\"font-weight: 400;\">Banks and Saving<\/span><span style=\"font-weight: 400;\">, jsme tu pro v\u00e1s, abychom v\u00e1m pomohli dos\u00e1hnout va\u0161ich c\u00edl\u016f bezpe\u010dn\u011b a bez obav.<\/span><\/p>\n<p>[\/et_pb_text][\/et_pb_column][\/et_pb_row][\/et_pb_section]<\/p>\n","protected":false},"excerpt":{"rendered":"<p>\u00dav\u011bry na m\u00edru pro spln\u011bn\u00ed va\u0161ich sn\u016f Ve spole\u010dnostiBanks and Saving ch\u00e1peme, \u017ee ka\u017ed\u00fd \u010dlov\u011bk a ka\u017ed\u00fd projekt je jedine\u010dn\u00fd. A\u0165 u\u017e chcete financovat sv\u00e1 studia, rekonstruovat sv\u016fj domov nebo rozv\u00edjet sv\u00e9 podnik\u00e1n\u00ed, na\u0161e p\u016fj\u010dky jsou navr\u017eeny tak, aby v\u00e1m poskytly finan\u010dn\u00ed podporu, kterou pot\u0159ebujete, za podm\u00ednek, kter\u00e9 nejl\u00e9pe odpov\u00eddaj\u00ed va\u0161\u00ed realit\u011b. D\u00edky rychl\u00fdm, flexibiln\u00edm [&hellip;]<\/p>\n","protected":false},"author":2,"featured_media":0,"parent":0,"menu_order":0,"comment_status":"closed","ping_status":"closed","template":"","meta":{"_et_pb_use_builder":"on","_et_pb_old_content":"","_et_gb_content_width":"","footnotes":""},"class_list":["post-4719","page","type-page","status-publish","hentry"],"_links":{"self":[{"href":"https:\/\/www.banksandsaving.com\/cs\/wp-json\/wp\/v2\/pages\/4719","targetHints":{"allow":["GET"]}}],"collection":[{"href":"https:\/\/www.banksandsaving.com\/cs\/wp-json\/wp\/v2\/pages"}],"about":[{"href":"https:\/\/www.banksandsaving.com\/cs\/wp-json\/wp\/v2\/types\/page"}],"author":[{"embeddable":true,"href":"https:\/\/www.banksandsaving.com\/cs\/wp-json\/wp\/v2\/users\/2"}],"replies":[{"embeddable":true,"href":"https:\/\/www.banksandsaving.com\/cs\/wp-json\/wp\/v2\/comments?post=4719"}],"version-history":[{"count":7,"href":"https:\/\/www.banksandsaving.com\/cs\/wp-json\/wp\/v2\/pages\/4719\/revisions"}],"predecessor-version":[{"id":5287,"href":"https:\/\/www.banksandsaving.com\/cs\/wp-json\/wp\/v2\/pages\/4719\/revisions\/5287"}],"wp:attachment":[{"href":"https:\/\/www.banksandsaving.com\/cs\/wp-json\/wp\/v2\/media?parent=4719"}],"curies":[{"name":"wp","href":"https:\/\/api.w.org\/{rel}","templated":true}]}}