{"id":3051,"date":"2024-10-29T13:12:33","date_gmt":"2024-10-29T12:12:33","guid":{"rendered":"https:\/\/www.banksandsaving.com\/zasady-ochrany-osobnich-udaju\/"},"modified":"2024-11-04T13:20:10","modified_gmt":"2024-11-04T12:20:10","slug":"zasady-ochrany-osobnich-udaju","status":"publish","type":"page","link":"https:\/\/www.banksandsaving.com\/cs\/zasady-ochrany-osobnich-udaju\/","title":{"rendered":"Z\u00e1sady ochrany osobn\u00edch \u00fadaj\u016f"},"content":{"rendered":"<div class=\"col\">\n<p><strong style=\"color: #2f5496;\">DAL\u0160\u00cd INFORMACE<\/strong><\/p>\n<p>&nbsp;<\/p>\n<p><strong style=\"color: #2f5496;\">1. Kdo je zodpov\u011bdn\u00fd za zpracov\u00e1n\u00ed va\u0161ich \u00fadaj\u016f?<\/strong><\/p>\n<p>ADSALSA S.L.U.<\/p>\n<p>Fila Cord\u00f3n 36, Pol\u00edgono Industrial Cotes Altes Alcoy, Alicante, Espa\u00f1a<\/p>\n<p>B42599308<\/p>\n<p>Tel\u00e9fono: 965334670<\/p>\n<p>Kontakt na pov\u011b\u0159ence pro ochranu osobn\u00edch \u00fadaj\u016f: dpo@adsalsa.com<\/p>\n<p>&nbsp;<\/p>\n<p><strong style=\"color: #2f5496;\">2. Jak\u00fd je \u00fa\u010del zpracov\u00e1n\u00ed va\u0161ich \u00fadaj\u016f?<\/strong><\/p>\n<p>Va\u0161e \u00fadaje zpracov\u00e1v\u00e1me za \u00fa\u010delem:<\/p>\n<ul>\n<li>Poskytov\u00e1n\u00ed informa\u010dn\u00edch slu\u017eeb o p\u016fj\u010dk\u00e1ch, \u00fav\u011brech a\/nebo finan\u010dn\u00edch produktech: Informace m\u016f\u017ee zas\u00edlat p\u0159\u00edmo spole\u010dnost ADSALSA, S.L.U. nebo jej\u00ed spolupracovn\u00edci.<br \/>\nzas\u00edl\u00e1ny p\u0159\u00edmo spole\u010dnost\u00ed ADSALSA, S.L.U. nebo jej\u00edmi spolupracovn\u00edky v souladu s \u00fadaji, kter\u00e9 z\u00e1jemci uvedli v registraci.<br \/>\nv registra\u010dn\u00edm formul\u00e1\u0159i z\u00e1jemci. Informace se budou v\u017edy t\u00fdkat v\u00fdp\u016fj\u010dek,<br \/>\np\u016fj\u010dky, \u00fav\u011bry a\/nebo finan\u010dn\u00ed produkty. Aby mohly b\u00fdt informace o p\u016fj\u010dk\u00e1ch, \u00fav\u011brech a\/nebo finan\u010dn\u00edch produktech zas\u00edl\u00e1ny<br \/>\nproduktech mohly b\u00fdt zasl\u00e1ny spolupracovn\u00edky ADSALSA z\u00e1jemci, bude nutn\u00e9, aby informace<br \/>\nshrom\u00e1\u017ed\u011bn\u00e9 prost\u0159ednictv\u00edm registra\u010dn\u00edho formul\u00e1\u0159e mus\u00ed b\u00fdt p\u0159edem zasl\u00e1ny spolupracovn\u00edkovi prost\u0159ednictv\u00edm rozhran\u00ed API, aby mohl posoudit<br \/>\nprofil z\u00e1jemce a mohou rozhodnout, zda n\u011bkter\u00fd z jimi nab\u00edzen\u00fdch finan\u010dn\u00edch produkt\u016f vyhovuje pot\u0159eb\u00e1m z\u00e1jemce.<br \/>\nProdukty, kter\u00e9 nab\u00edzej\u00ed, jsou vhodn\u00e9 pro pot\u0159eby z\u00e1jemce.<\/li>\n<li>profilov\u00e1n\u00ed, aby bylo mo\u017en\u00e9 rozhodnout, kter\u00e9 informace o \u00fav\u011brech, p\u016fj\u010dk\u00e1ch nebo finan\u010dn\u00edch slu\u017eb\u00e1ch subjektu \u00fadaj\u016f zaslat.<br \/>\nzas\u00edl\u00e1n\u00ed subjekt\u016fm \u00fadaj\u016f: S p\u0159ihl\u00e9dnut\u00edm pouze k \u00fadaj\u016fm, kter\u00e9 subjekty \u00fadaj\u016f poskytly v registra\u010dn\u00edm formul\u00e1\u0159i, n\u011bkdy<br \/>\nN\u011bkdy jsou reklamn\u00ed kampan\u011b segmentov\u00e1ny pouze s c\u00edlem zv\u00fd\u0161it \u00fasp\u011b\u0161nost kampan\u011b (nap\u0159. zas\u00edl\u00e1n\u00ed informac\u00ed o<br \/>\nzv\u00fd\u0161it \u00fasp\u011b\u0161nost kampan\u011b (nap\u0159. zas\u00edl\u00e1n\u00ed informac\u00ed o p\u016fj\u010dce, kter\u00e1 spl\u0148uje parametr ASNEF ano nebo ne).<br \/>\nne). P\u0159i tomto typu c\u00edlen\u00ed je m\u00edra z\u00e1sahu do soukrom\u00e9 sf\u00e9ry z\u00e1jemce minim\u00e1ln\u00ed, proto\u017ee se z n\u00ed z\u00edsk\u00e1vaj\u00ed pouze \u00fadaje, kter\u00e9<br \/>\njsou pou\u017eity pouze \u00fadaje, kter\u00e9 z\u00e1jemce uvedl ve sv\u00e9 registraci, a v \u017e\u00e1dn\u00e9m p\u0159\u00edpad\u011b nejsou sledov\u00e1ny osoby, kter\u00fdm jsou informace zas\u00edl\u00e1ny.<br \/>\np\u0159\u00edpad\u011b jsou osoby sledov\u00e1ny na r\u016fzn\u00fdch webov\u00fdch str\u00e1nk\u00e1ch, za\u0159\u00edzen\u00edch a\/nebo slu\u017eb\u00e1ch.<br \/>\nslu\u017eeb.<\/li>\n<li>Pokud s t\u00edm souhlas\u00edte, p\u0159ed\u00e1me va\u0161e \u00fadaje spole\u010dnostem nebo subjekt\u016fm t\u0159et\u00edch stran za \u00fa\u010delem reklamy\/marketingu a\/nebo pr\u016fzkumu trhu.<br \/>\na\/nebo pr\u016fzkum\u016fm trhu, kter\u00e9 pat\u0159\u00ed do r\u016fzn\u00fdch odv\u011btv\u00ed \u010dinnosti. M\u016f\u017eete se sezn\u00e1mit se sektory<br \/>\ndo kter\u00fdch pat\u0159\u00ed spole\u010dnosti, jim\u017e m\u016f\u017eeme va\u0161e \u00fadaje sd\u011blit, v bod\u011b 5 tohoto dokumentu.<br \/>\ntohoto dokumentu.<\/li>\n<\/ul>\n<p>&nbsp;<\/p>\n<p><strong style=\"color: #2f5496;\">3.  Jak dlouho budeme va\u0161e \u00fadaje uchov\u00e1vat?<\/strong><\/p>\n<p>Va\u0161e \u00fadaje budeme uchov\u00e1vat po n\u00e1sleduj\u00edc\u00ed obdob\u00ed:<\/p>\n<ul>\n<li>Poskytov\u00e1n\u00ed informa\u010dn\u00edch slu\u017eeb o p\u016fj\u010dk\u00e1ch, \u00fav\u011brech a\/nebo finan\u010dn\u00edch produktech: Na dobu neur\u010ditou po dobu, po kterou subjekt \u00fadaj\u016f nem\u00e1<br \/>\nsubjekt \u00fadaj\u016f nevyu\u017eije sv\u00fdch pr\u00e1v na n\u00e1mitku a\/nebo v\u00fdmaz.<\/li>\n<li>Profilov\u00e1n\u00ed, aby bylo mo\u017en\u00e9 rozhodnout, jak\u00e9 informace o \u00fav\u011brech, p\u016fj\u010dk\u00e1ch nebo finan\u010dn\u00edch slu\u017eb\u00e1ch maj\u00ed b\u00fdt subjektu \u00fadaj\u016f zasl\u00e1ny: Na dobu neur\u010ditou, dokud subjekt \u00fadaj\u016f neuplatn\u00ed sv\u00e1 pr\u00e1va na n\u00e1mitku a\/nebo v\u00fdmaz.<br \/>\nNa dobu neur\u010ditou, dokud subjekt \u00fadaj\u016f nevyu\u017eije sv\u00e9ho pr\u00e1va vzn\u00e9st n\u00e1mitku a\/nebo vymazat \u00fadaje.<\/li>\n<li>Sd\u011blov\u00e1n\u00ed \u00fadaj\u016f spole\u010dnostem\/subjekt\u016fm t\u0159et\u00edch stran pro \u00fa\u010dely reklamy\/marketingu a\/nebo pr\u016fzkumu trhu: 5 let.<br \/>\npr\u016fzkum trhu: 5 let.<\/li>\n<\/ul>\n<p>&nbsp;<\/p>\n<p><strong style=\"color: #2f5496;\">4. Jak\u00e1 je legitimita zpracov\u00e1n\u00ed va\u0161ich osobn\u00edch \u00fadaj\u016f?<br \/>\nosobn\u00edch \u00fadaj\u016f?<\/strong><\/p>\n<ul>\n<li>Poskytov\u00e1n\u00ed informa\u010dn\u00edch slu\u017eeb o p\u016fj\u010dk\u00e1ch, \u00fav\u011brech a\/nebo finan\u010dn\u00edch produktech: Uzav\u0159en\u00ed smlouvy nebo uplatn\u011bn\u00ed p\u0159edsmluvn\u00edch opat\u0159en\u00ed.<br \/>\nsmlouva nebo uplatn\u011bn\u00ed p\u0159edsmluvn\u00edch opat\u0159en\u00ed, Shroma\u017e\u010fovan\u00e9 \u00fadaje jsou: Jm\u00e9no, p\u0159\u00edjmen\u00ed, telefon,<br \/>\ne-mail, PS\u010c, po\u017eadovan\u00e1 \u010d\u00e1stka, m\u011bs\u00ed\u010dn\u00ed p\u0159\u00edjem, \u00fa\u010del, jak dlouho chcete spl\u00e1cet,<br \/>\nsituace v zam\u011bstn\u00e1n\u00ed, DNI, ASNEF (ano nebo ne), pokud m\u00e1te vozidlo, a p\u0159\u00edpadn\u011b st\u00e1\u0159\u00ed vozidla.<\/li>\n<li>Profilov\u00e1n\u00ed, aby bylo mo\u017en\u00e9 rozhodnout, kter\u00e9 informace o \u00fav\u011brech, p\u016fj\u010dk\u00e1ch nebo finan\u010dn\u00edch slu\u017eb\u00e1ch maj\u00ed b\u00fdt subjektu \u00fadaj\u016f zasl\u00e1ny: Uspokojen\u00ed opr\u00e1vn\u011bn\u00e9ho z\u00e1jmu.<br \/>\nzas\u00edl\u00e1n\u00ed informac\u00ed subjektu \u00fadaj\u016f: Uspokojen\u00ed opr\u00e1vn\u011bn\u00e9ho z\u00e1jmu.<\/li>\n<li>Sd\u011blov\u00e1n\u00ed \u00fadaj\u016f spole\u010dnostem\/subjekt\u016fm t\u0159et\u00edch stran pro \u00fa\u010dely reklamy\/marketingu a\/nebo pr\u016fzkumu trhu: Souhlas subjektu \u00fadaj\u016f.<br \/>\nSouhlas subjektu \u00fadaj\u016f.<\/li>\n<\/ul>\n<p>&nbsp;<\/p>\n<p><strong style=\"color: #2f5496;\">5.  Kter\u00fdm p\u0159\u00edjemc\u016fm budou va\u0161e \u00fadaje sd\u011bleny?<\/strong><\/p>\n<p>Jak jsme ji\u017e uvedli v\u00fd\u0161e, va\u0161e identifika\u010dn\u00ed a profilov\u00e9 \u00fadaje budou p\u0159ed\u00e1ny spolupracuj\u00edc\u00edm spole\u010dnostem ADSALSA, aby mohly.<br \/>\nSpolupracuj\u00edc\u00edm spole\u010dnostem ADSALSA, aby v\u00e1m mohly podle \u00fadaj\u016f, kter\u00e9 jste zadali v registra\u010dn\u00edm formul\u00e1\u0159i, nab\u00eddnout informace o produktech, kter\u00e9 nejl\u00e9pe vyhovuj\u00ed va\u0161im pot\u0159eb\u00e1m.<br \/>\nregistra\u010dn\u00edho formul\u00e1\u0159e, nab\u00eddnout v\u00e1m informace o produktech, kter\u00e9 nejl\u00e9pe vyhovuj\u00ed va\u0161im pot\u0159eb\u00e1m.<\/p>\n<p>Krom\u011b toho, a to pouze v p\u0159\u00edpad\u011b, \u017ee s t\u00edm souhlas\u00edte, mohou b\u00fdt va\u0161e identifika\u010dn\u00ed \u00fadaje sd\u011bleny tak\u00e9 spole\u010dnosti<br \/>\nspole\u010dnostem, organizac\u00edm a\/nebo subjekt\u016fm, kter\u00e9 maj\u00ed z\u00e1jem na v\u00e1s sm\u011b\u0159ovat reklamn\u00ed aktivity v n\u00ed\u017ee uveden\u00fdch odv\u011btv\u00edch \u010dinnosti, nebo<br \/>\nuveden\u00fdch n\u00ed\u017ee, nebo pro \u00fa\u010dely pr\u016fzkumu trhu. To bude nutn\u011b zahrnovat<br \/>\nnutnost podrobit va\u0161e osobn\u00ed \u00fadaje standardiza\u010dn\u00edm, deduplika\u010dn\u00edm, filtra\u010dn\u00edm a ov\u011b\u0159ovac\u00edm operac\u00edm. Str\u00e1nky<br \/>\nreklama bude zas\u00edl\u00e1na t\u011bmito spole\u010dnostmi t\u0159et\u00edch stran.<\/p>\n<p>&nbsp;<\/p>\n<p>Odv\u011btv\u00ed \u010dinnosti, do kter\u00fdch mohou pat\u0159it t\u0159et\u00ed strany, jim\u017e jsou \u00fadaje sd\u011blov\u00e1ny, jsou:<\/p>\n<p>&nbsp;<\/p>\n<ul>\n<li>Telekomunikace: Telekomunika\u010dn\u00ed a technologick\u00e9 produkty a slu\u017eby.<\/li>\n<li>Finan\u010dn\u00ed: Poskytuj\u00ed finan\u010dn\u00ed a poji\u0161\u0165ovac\u00ed instituce a instituce soci\u00e1ln\u00edho zabezpe\u010den\u00ed. Finan\u010dn\u00ed zprost\u0159edkov\u00e1n\u00ed a<br \/>\nzprost\u0159edkov\u00e1n\u00ed poji\u0161t\u011bn\u00ed.<\/li>\n<li>Ocio: Vydavatelstv\u00ed, cestovn\u00ed ruch, sport, sb\u011bratelstv\u00ed, fotografov\u00e1n\u00ed, kon\u00ed\u010dky, hra\u010dky, doprava, zahradnictv\u00ed,<br \/>\nKon\u00ed\u010dky, loterie, loterijn\u00ed kluby, komunikace a z\u00e1bava. Vizion\u00e1\u0159stv\u00ed.<\/li>\n<li>FMCG: elektronika, po\u010d\u00edta\u010de, textil, obraz a zvuk, p\u0159\u00edslu\u0161enstv\u00ed, dom\u00e1cnost, bazar, osobn\u00ed p\u00e9\u010de<br \/>\n(kosmetika, parfumerie, parafarmaka, reklamn\u00ed farmaceutick\u00e9 speciality) N\u00e1bytek, potraviny a n\u00e1poje, kuchy\u0148sk\u00e9 pot\u0159eby.<br \/>\nN\u00e1poje, Kuchy\u0148sk\u00e9 pot\u0159eby. M\u00f3da a dekorace.<\/li>\n<li>Optika a optometrie.<\/li>\n<li>Automobilov\u00fd pr\u016fmysl: V\u00fdrobky a slu\u017eby souvisej\u00edc\u00ed s automobily, motocykly a n\u00e1kladn\u00edmi vozidly.<\/li>\n<li>Volebn\u00ed propaganda.<\/li>\n<li>Vzd\u011bl\u00e1v\u00e1n\u00ed.<\/li>\n<li>Energie a voda: V\u00fdrobky souvisej\u00edc\u00ed s elekt\u0159inou, uhlovod\u00edky, plynem a vodou.<\/li>\n<li>ONG: Produkty a slu\u017eby souvisej\u00edc\u00ed s nevl\u00e1dn\u00edmi organizacemi..<\/li>\n<li>Marketingov\u00e9 spole\u010dnosti \/ call centra.<\/li>\n<li>Technick\u00e9\/pr\u00e1vn\u00ed poradenstv\u00ed: Administrativn\u00ed a odborn\u00e9 pr\u00e1vn\u00ed slu\u017eby, da\u0148ov\u00e9 poradenstv\u00ed a audit,<br \/>\n\u00fa\u010detnictv\u00ed, pracovn\u00ed, ob\u010dansk\u00e9 a obchodn\u00ed poradenstv\u00ed.<\/li>\n<\/ul>\n<p>&nbsp;<\/p>\n<p>Reklamn\u00ed akce lze prov\u00e1d\u011bt prost\u0159ednictv\u00edm t\u011bchto kan\u00e1l\u016f:<\/p>\n<ul>\n<li>e-mail,<\/li>\n<li>po\u0161tou,<\/li>\n<li>telefonn\u00ed hovory na pevn\u00e9 linky nebo mobiln\u00ed telefony,<\/li>\n<li>odes\u00edl\u00e1n\u00ed zpr\u00e1v SMS a\/nebo MMS,<\/li>\n<li>slu\u017eby pro zas\u00edl\u00e1n\u00ed zpr\u00e1v nap\u0159\u00ed\u010d platformami, chat<\/li>\n<li>automatick\u00e9 hovory bez lidsk\u00e9ho z\u00e1sahu,<\/li>\n<li>push ozn\u00e1men\u00ed,<\/li>\n<li>nebo jak\u00fdkoli jin\u00fd typ analogick\u00e9 komunikace,<\/li>\n<\/ul>\n<p>&nbsp;<\/p>\n<p><strong style=\"color: #2f5496;\">6. Mezin\u00e1rodn\u00ed transfery.<\/strong><\/p>\n<p>&nbsp;<\/p>\n<p>Technologick\u00e1 platforma, kterou pou\u017e\u00edv\u00e1me k elektronick\u00e9mu zas\u00edl\u00e1n\u00ed sd\u011blen\u00ed, se nach\u00e1z\u00ed v zemi mimo Evropsk\u00fd hospod\u00e1\u0159sk\u00fd prostor.<br \/>\nzemi, kter\u00e1 se nach\u00e1z\u00ed mimo Evropsk\u00fd hospod\u00e1\u0159sk\u00fd prostor a pro jej\u00ed\u017e zad\u00e1n\u00ed byly dodr\u017eeny v\u0161echny z\u00e1konn\u00e9 po\u017eadavky.<br \/>\nbyly dodr\u017eeny pr\u00e1vn\u00ed po\u017eadavky.<\/p>\n<p>&nbsp;<\/p>\n<p><strong style=\"color: #2f5496;\">7. Jak\u00e1 jsou va\u0161e pr\u00e1va, kdy\u017e n\u00e1m poskytujete sv\u00e9 \u00fadaje, a jak je m\u016f\u017eete uplatnit? <\/strong><\/p>\n<p>&nbsp;<\/p>\n<p>M\u00e1te pr\u00e1vo na:<\/p>\n<ul>\n<li>P\u0159\u00edstup k va\u0161im osobn\u00edm \u00fadaj\u016fm.<\/li>\n<li>Po\u017e\u00e1dejte o jeho opravu.<\/li>\n<liPo\u017e\u00e1dejte o jeho vymaz\u00e1n\u00ed.<\/li>\n<li>Nesouhlas\u00ed s jejich l\u00e9\u010dbou.<\/li>\n<li>po\u017e\u00e1dat o omezen\u00ed jejich zpracov\u00e1n\u00ed.<\/li>\n<li>P\u0159enositelnost osobn\u00edch \u00fadaj\u016f.<\/li>\n<\/ul>\n<p>&nbsp;<\/p>\n<p>Sv\u00e1 pr\u00e1va m\u016f\u017eete uplatnit zasl\u00e1n\u00edm p\u00edsemn\u00e9ho sd\u011blen\u00ed na adresu ADSALSA S.L.U., Fila Cord\u00f3n 36, Pol\u00edgono Industrial.<br \/>\nCotes Altes, 03804, Alcoy, Alicante, \u0160pan\u011blsko nebo na n\u00e1sleduj\u00edc\u00ed e-mailovou adresu<\/p>\n<p><a href=\"mailto:usuario@adsalsa.com\">usuario@adsalsa.com<\/a><\/p>\n<p>&nbsp;<\/p>\n<p>Va\u0161e \u017e\u00e1dost mus\u00ed obsahovat datum, jm\u00e9no a p\u0159\u00edjmen\u00ed, p\u0159edm\u011btnou \u017e\u00e1dost, adresu pro \u00fa\u010dely.<br \/>\nadresu pro zas\u00edl\u00e1n\u00ed ozn\u00e1men\u00ed. Pokud se domn\u00edv\u00e1te, \u017ee va\u0161e \u017e\u00e1dost nebyla spr\u00e1vn\u011b vy\u0159\u00edzena, m\u016f\u017eete svou \u017e\u00e1dost adresovat na adresu<br \/>\npo\u017e\u00e1dat o ochranu \u0161pan\u011blskou agenturu pro ochranu \u00fadaj\u016f, jej\u00ed\u017e \u00fadaje jsou k dispozici na adrese www.aepd.es.<\/p>\n<\/div>\n","protected":false},"excerpt":{"rendered":"<p>DAL\u0160\u00cd INFORMACE &nbsp; 1. Kdo je zodpov\u011bdn\u00fd za zpracov\u00e1n\u00ed va\u0161ich \u00fadaj\u016f? ADSALSA S.L.U. Fila Cord\u00f3n 36, Pol\u00edgono Industrial Cotes Altes Alcoy, Alicante, Espa\u00f1a B42599308 Tel\u00e9fono: 965334670 Kontakt na pov\u011b\u0159ence pro ochranu osobn\u00edch \u00fadaj\u016f: dpo@adsalsa.com &nbsp; 2. Jak\u00fd je \u00fa\u010del zpracov\u00e1n\u00ed va\u0161ich \u00fadaj\u016f? Va\u0161e \u00fadaje zpracov\u00e1v\u00e1me za \u00fa\u010delem: Poskytov\u00e1n\u00ed informa\u010dn\u00edch slu\u017eeb o p\u016fj\u010dk\u00e1ch, \u00fav\u011brech a\/nebo finan\u010dn\u00edch [&hellip;]<\/p>\n","protected":false},"author":1,"featured_media":0,"parent":0,"menu_order":0,"comment_status":"closed","ping_status":"closed","template":"","meta":{"_et_pb_use_builder":"","_et_pb_old_content":"","_et_gb_content_width":"","footnotes":""},"class_list":["post-3051","page","type-page","status-publish","hentry"],"_links":{"self":[{"href":"https:\/\/www.banksandsaving.com\/cs\/wp-json\/wp\/v2\/pages\/3051","targetHints":{"allow":["GET"]}}],"collection":[{"href":"https:\/\/www.banksandsaving.com\/cs\/wp-json\/wp\/v2\/pages"}],"about":[{"href":"https:\/\/www.banksandsaving.com\/cs\/wp-json\/wp\/v2\/types\/page"}],"author":[{"embeddable":true,"href":"https:\/\/www.banksandsaving.com\/cs\/wp-json\/wp\/v2\/users\/1"}],"replies":[{"embeddable":true,"href":"https:\/\/www.banksandsaving.com\/cs\/wp-json\/wp\/v2\/comments?post=3051"}],"version-history":[{"count":1,"href":"https:\/\/www.banksandsaving.com\/cs\/wp-json\/wp\/v2\/pages\/3051\/revisions"}],"predecessor-version":[{"id":4623,"href":"https:\/\/www.banksandsaving.com\/cs\/wp-json\/wp\/v2\/pages\/3051\/revisions\/4623"}],"wp:attachment":[{"href":"https:\/\/www.banksandsaving.com\/cs\/wp-json\/wp\/v2\/media?parent=3051"}],"curies":[{"name":"wp","href":"https:\/\/api.w.org\/{rel}","templated":true}]}}