{"id":3029,"date":"2024-10-29T12:41:36","date_gmt":"2024-10-29T11:41:36","guid":{"rendered":"https:\/\/www.banksandsaving.com\/clara-duarte\/"},"modified":"2024-11-11T10:44:26","modified_gmt":"2024-11-11T09:44:26","slug":"clara-duarte","status":"publish","type":"page","link":"https:\/\/www.banksandsaving.com\/cs\/clara-duarte\/","title":{"rendered":"Clara Duarte"},"content":{"rendered":"<p>[et_pb_section fb_built=&#8220;1&#8243; admin_label=&#8220;section&#8220; _builder_version=&#8220;4.16&#8243; global_colors_info=&#8220;{}&#8220;][et_pb_row column_structure=&#8220;1_2,1_2&#8243; _builder_version=&#8220;4.19.0&#8243; _module_preset=&#8220;default&#8220; global_colors_info=&#8220;{}&#8220;][et_pb_column type=&#8220;1_2&#8243; _builder_version=&#8220;4.19.0&#8243; _module_preset=&#8220;default&#8220; global_colors_info=&#8220;{}&#8220;][et_pb_image src=&#8220;https:\/\/www.banksandsaving.com\/wp-content\/uploads\/2022\/11\/perfil_chica_corp02.png&#8220; alt=&#8220;Clara Duarte&#8220; title_text=&#8220;perfil_chica_corp02&#8243; _builder_version=&#8220;4.19.0&#8243; _module_preset=&#8220;default&#8220; width=&#8220;100%&#8220; max_width=&#8220;56%&#8220; module_alignment=&#8220;center&#8220; global_colors_info=&#8220;{}&#8220;][\/et_pb_image][\/et_pb_column][et_pb_column type=&#8220;1_2&#8243; _builder_version=&#8220;4.19.0&#8243; _module_preset=&#8220;default&#8220; global_colors_info=&#8220;{}&#8220;][et_pb_text _builder_version=&#8220;4.19.0&#8243; _module_preset=&#8220;default&#8220; custom_margin=&#8220;50px|0px||0px|false|true&#8220; custom_padding=&#8220;|0px||0px|false|true&#8220; custom_padding_tablet=&#8220;|0px||0px|false|true&#8220; custom_padding_phone=&#8220;|0px||0px|false|true&#8220; custom_padding_last_edited=&#8220;on|desktop&#8220; global_colors_info=&#8220;{}&#8220;]<\/p>\n<p>Jsem Clara Duarte, va\u0161e odbornice na p\u016fj\u010dky a tipy na \u00fasporu pen\u011bz. Poskytnu v\u00e1m nejlep\u0161\u00ed n\u00e1pady na \u00fasporu pen\u011bz a tipy, jak analyzovat a vybrat nejlep\u0161\u00ed p\u016fj\u010dky pro va\u0161e osobn\u00ed pot\u0159eby.<\/p>\n<p>Kdy\u017e p\u0159em\u00fd\u0161l\u00edme o \u017e\u00e1dosti o p\u016fj\u010dku nebo hled\u00e1me nov\u00e9 zp\u016fsoby spo\u0159en\u00ed, v\u017edy se objev\u00ed pochybnosti. Proto, pokud m\u00e1te n\u011bjak\u00e9 pochybnosti, m\u016f\u017eete tak u\u010dinit pomoc\u00ed tzv. <a href=\"https:\/\/www.banksandsaving.com\/cs\/kontakt\/\">kontaktn\u00ed formul\u00e1\u0159<\/a>.<\/p>\n<p>[\/et_pb_text][et_pb_image src=&#8220;https:\/\/www.banksandsaving.com\/wp-content\/uploads\/2022\/11\/sigueme_en_linkedin.png&#8220; alt=&#8220;LinkedIn Clara Duarte&#8220; title_text=&#8220;sigueme_en_linkedin&#8220; url=&#8220;https:\/\/www.linkedin.com\/in\/clara-duarte-5a5640256\/&#8220; _builder_version=&#8220;4.19.0&#8243; _module_preset=&#8220;default&#8220; global_colors_info=&#8220;{}&#8220;][\/et_pb_image][\/et_pb_column][\/et_pb_row][et_pb_row _builder_version=&#8220;4.19.0&#8243; _module_preset=&#8220;default&#8220; global_colors_info=&#8220;{}&#8220;][et_pb_column type=&#8220;4_4&#8243; _builder_version=&#8220;4.19.0&#8243; _module_preset=&#8220;default&#8220; global_colors_info=&#8220;{}&#8220;][et_pb_text _builder_version=&#8220;4.19.0&#8243; _module_preset=&#8220;default&#8220; global_colors_info=&#8220;{}&#8220;]<\/p>\n<p><span style=\"font-weight: 400;\">Como asesora financiera mi misi\u00f3n es M\u00fdm posl\u00e1n\u00edm jako finan\u010dn\u00edho poradce je pom\u00e1hat lidem p\u0159i p\u0159ij\u00edm\u00e1n\u00ed finan\u010dn\u00edch rozhodnut\u00ed. style=&#8220;font-weight: 400;&#8220;> aby byly co nejp\u0159esn\u011bj\u0161\u00ed.<\/span><\/p>\n<p><b>Mohu vyhled\u00e1vat, porovn\u00e1vat a spravovat finan\u010dn\u00ed produkty.<\/b><span style=\"font-weight: 400;\"> ze zem\u00ed, jako je \u0160v\u00e9dsko, Finsko, Norsko nebo \u0160pan\u011blsko, v\u010detn\u011b p\u016fj\u010dek, kreditn\u00edch karet a bankovn\u00edch \u00fa\u010dt\u016f.<\/span><\/p>\n<p><span style=\"font-weight: 400;\">Moje poradenstv\u00ed v oblasti financ\u00ed zahrnuje doporu\u010den\u00ed komplexn\u00edch a na m\u00edru \u0161it\u00fdch \u0159e\u0161en\u00ed. style=&#8220;font-weight: 400;&#8220;>finan\u010dn\u00ed situaci ka\u017ed\u00e9ho klienta, abyste mohli u\u0161et\u0159it co nejv\u00edce.<\/span><\/p>\n<p><span style=\"font-weight: 400;\">Pokud jde o typy <b>pr\u00e9stamos <\/b>se kter\u00fdmi pracuji, vynikaj\u00ed n\u00e1sleduj\u00edc\u00ed:<\/span><\/p>\n<p>[\/et_pb_text][\/et_pb_column][\/et_pb_row][et_pb_row _builder_version=&#8220;4.19.0&#8243; _module_preset=&#8220;default&#8220; global_colors_info=&#8220;{}&#8220;][et_pb_column type=&#8220;4_4&#8243; _builder_version=&#8220;4.19.0&#8243; _module_preset=&#8220;default&#8220; global_colors_info=&#8220;{}&#8220;][et_pb_accordion _builder_version=&#8220;4.19.0&#8243; _module_preset=&#8220;default&#8220; global_colors_info=&#8220;{}&#8220;][et_pb_accordion_item title=&#8220;Osobn\u00ed p\u016fj\u010dky&#8220; open=&#8220;on&#8220; _builder_version=&#8220;4.19.0&#8243; _module_preset=&#8220;default&#8220; global_colors_info=&#8220;{}&#8220;]<\/p>\n<p><span style=\"font-weight: 400;\">\u010casto se pou\u017e\u00edvaj\u00ed k financov\u00e1n\u00ed cestov\u00e1n\u00ed nebo vybaven\u00ed dom\u00e1cnosti. Doba spl\u00e1cen\u00ed je kr\u00e1tk\u00e1 a \u00farokov\u00e9 sazby jsou vysok\u00e9.<\/span><\/p>\n<p>[\/et_pb_accordion_item][et_pb_accordion_item title=&#8220;Rychl\u00e9 p\u016fj\u010dky.&#8220; _builder_version=&#8220;4.19.0&#8243; _module_preset=&#8220;default&#8220; global_colors_info=&#8220;{}&#8220; open=&#8220;off&#8220;]<\/p>\n<p><span style=\"font-weight: 400;\">\u00a0 Toto financov\u00e1n\u00ed je praktick\u00e9 v p\u0159\u00edpad\u011b, \u017ee je v ur\u010dit\u00e9m okam\u017eiku pot\u0159eba likvidita k v\u00fdplat\u011b mezd nebo k \u0159e\u0161en\u00ed mimo\u0159\u00e1dn\u00fdch ud\u00e1lost\u00ed. Obvykle nen\u00ed kladeno mnoho po\u017eadavk\u016f a reakce na \u017e\u00e1dosti jsou rychl\u00e9.<\/span><\/p>\n<p>[\/et_pb_accordion_item][et_pb_accordion_item title=&#8220;Minikredity.&#8220; _builder_version=&#8220;4.19.0&#8243; _module_preset=&#8220;default&#8220; global_colors_info=&#8220;{}&#8220; open=&#8220;off&#8220;]<\/p>\n<p><span style=\"font-weight: 400;\">T\u00fdkaj\u00ed se p\u016fj\u010dek ve v\u00fd\u0161i od 100 do 500 eur a nep\u0159esahuj\u00edc\u00edch 1 000 eur. Pou\u017e\u00edvaj\u00ed se na opravy vozidel nebo na zaplacen\u00ed \u00fa\u010dt\u016f na konci m\u011bs\u00edce. Jsou poskytov\u00e1ny okam\u017eit\u011b a doba jejich spl\u00e1cen\u00ed obvykle nep\u0159esahuje 60 dn\u00ed.<\/span><\/p>\n<p>[\/et_pb_accordion_item][et_pb_accordion_item title=&#8220;P\u016fj\u010dky na auto.&#8220; _builder_version=&#8220;4.19.0&#8243; _module_preset=&#8220;default&#8220; global_colors_info=&#8220;{}&#8220; open=&#8220;off&#8220;]<\/p>\n<p><span style=\"font-weight: 400;\">Zpracov\u00e1v\u00e1 se prost\u0159ednictv\u00edm spole\u010dnosti, kter\u00e1 vozidlo prod\u00e1v\u00e1. Doba spl\u00e1cen\u00ed se obvykle pohybuje od 12 do 60 m\u011bs\u00edc\u016f a \u00farokov\u00e9 sazby se li\u0161\u00ed v z\u00e1vislosti na sjednan\u00e9 dob\u011b spl\u00e1cen\u00ed \u00fav\u011bru.<\/span><\/p>\n<p>[\/et_pb_accordion_item][et_pb_accordion_item title=&#8220;Hypot\u00e9ky&#8220; _builder_version=&#8220;4.19.0&#8243; _module_preset=&#8220;default&#8220; global_colors_info=&#8220;{}&#8220; open=&#8220;off&#8220;]<\/p>\n<p><span style=\"font-weight: 400;\">Tento typ \u00fav\u011bru je nejv\u011bt\u0161\u00ed a slou\u017e\u00ed ke koupi domu. Doba spl\u00e1cen\u00ed je dlouh\u00e1, obvykle 20 a\u017e 40 let, a \u00farokov\u00e1 sazba je ve srovn\u00e1n\u00ed s ostatn\u00edmi \u00fav\u011bry nejni\u017e\u0161\u00ed. Banky vy\u017eaduj\u00ed kupovan\u00fd d\u016fm jako z\u00e1ruku za splacen\u00ed \u00fav\u011bru.<\/span><\/p>\n<p>[\/et_pb_accordion_item][et_pb_accordion_item title=&#8220;Konsolidace n\u011bkolika p\u016fj\u010dek&#8220; _builder_version=&#8220;4.19.0&#8243; _module_preset=&#8220;default&#8220; global_colors_info=&#8220;{}&#8220; open=&#8220;off&#8220;]<\/p>\n<p><span style=\"font-weight: 400;\">Jedn\u00e1 se o mo\u017enost p\u0159ev\u00e9st spl\u00e1cen\u00ed n\u011bkolika dluh\u016f, nap\u0159\u00edklad hypot\u00e9ky a \u00fav\u011bru na auto, na jednu spl\u00e1tku.<\/span><\/p>\n<p>[\/et_pb_accordion_item][et_pb_accordion_item title=&#8220;P\u016fj\u010dky u spole\u010dnosti Asnef&#8220; _builder_version=&#8220;4.19.0&#8243; _module_preset=&#8220;default&#8220; global_colors_info=&#8220;{}&#8220; open=&#8220;off&#8220;]<\/p>\n<p><span style=\"font-weight: 400;\">Jedn\u00e1 se o p\u016fj\u010dky, o kter\u00e9 mohou \u017e\u00e1dat osoby, kter\u00e9 jsou uvedeny na seznamu neplati\u010d\u016f. Tato mo\u017enost vy\u017eaduje zdroj p\u0159\u00edjm\u016f, kr\u00e1tkou dobu spl\u00e1cen\u00ed a obvykle n\u00edzk\u00e9 \u010d\u00e1stky.<\/span><\/p>\n<p>[\/et_pb_accordion_item][\/et_pb_accordion][\/et_pb_column][\/et_pb_row][et_pb_row _builder_version=&#8220;4.19.0&#8243; _module_preset=&#8220;default&#8220; global_colors_info=&#8220;{}&#8220;][et_pb_column type=&#8220;4_4&#8243; _builder_version=&#8220;4.19.0&#8243; _module_preset=&#8220;default&#8220; global_colors_info=&#8220;{}&#8220;][et_pb_text _builder_version=&#8220;4.19.0&#8243; _module_preset=&#8220;default&#8220; text_orientation=&#8220;center&#8220; global_colors_info=&#8220;{}&#8220;]<\/p>\n<p><span style=\"font-weight: 400;\">Mohu v\u00e1m nab\u00eddnout i dal\u0161\u00ed <\/span><b>finan\u010dn\u00ed produkty<\/b><span style=\"font-weight: 400;\">, jako jsou \u00fa\u010dty nebo karty, kter\u00e9 jsou p\u0159izp\u016fsobeny va\u0161im preferenc\u00edm a pot\u0159eb\u00e1m.<\/span><\/p>\n<p><span style=\"font-weight: 400;\">Krom\u011b toho a v souvislosti s v\u00fd\u0161e uveden\u00fdm v\u00e1m mohu poskytnout tipy, jak spravovat sv\u00e9 finance. style=&#8220;font-weight: 400;&#8220;> osobn\u00ed nebo profesn\u00ed co nejefektivn\u011bj\u0161\u00edm zp\u016fsobem, \u010d\u00edm\u017e se dos\u00e1hne maxim\u00e1ln\u00edch \u00faspor:<\/span><\/p>\n<p>[\/et_pb_text][\/et_pb_column][\/et_pb_row][et_pb_row column_structure=&#8220;1_4,1_4,1_4,1_4&#8243; _builder_version=&#8220;4.19.0&#8243; _module_preset=&#8220;default&#8220; global_colors_info=&#8220;{}&#8220;][et_pb_column type=&#8220;1_4&#8243; _builder_version=&#8220;4.19.0&#8243; _module_preset=&#8220;default&#8220; global_colors_info=&#8220;{}&#8220;][et_pb_text _builder_version=&#8220;4.19.0&#8243; _module_preset=&#8220;default&#8220; text_orientation=&#8220;center&#8220; global_colors_info=&#8220;{}&#8220;]<\/p>\n<p><b>Anal\u00fdza va\u0161\u00ed ekonomick\u00e9 situace<\/b><span style=\"font-weight: 400;\">.<\/span><\/p>\n<p>[\/et_pb_text][et_pb_text _builder_version=&#8220;4.19.0&#8243; _module_preset=&#8220;default&#8220; text_orientation=&#8220;center&#8220; global_colors_info=&#8220;{}&#8220;]<\/p>\n<p><span style=\"font-weight: 400;\">Je nutn\u00e9 podrobn\u011b zn\u00e1t m\u011bs\u00ed\u010dn\u00ed a denn\u00ed v\u00fddaje, aby bylo mo\u017en\u00e9 zjistit p\u016fvod ekonomick\u00e9 situace.<\/span><\/p>\n<p>[\/et_pb_text][\/et_pb_column][et_pb_column type=&#8220;1_4&#8243; _builder_version=&#8220;4.19.0&#8243; _module_preset=&#8220;default&#8220; global_colors_info=&#8220;{}&#8220;][et_pb_text _builder_version=&#8220;4.19.0&#8243; _module_preset=&#8220;default&#8220; text_orientation=&#8220;center&#8220; global_colors_info=&#8220;{}&#8220;]<\/p>\n<p><b>Identifikace probl\u00e9m\u016f<\/b><span style=\"font-weight: 400;\">.<\/span><\/p>\n<p>[\/et_pb_text][et_pb_text _builder_version=&#8220;4.19.0&#8243; _module_preset=&#8220;default&#8220; text_orientation=&#8220;center&#8220; global_colors_info=&#8220;{}&#8220;]<\/p>\n<p><span style=\"font-weight: 400;\">Sledov\u00e1n\u00edm pohybu p\u0159\u00edjm\u016f a v\u00fddaj\u016f bude mo\u017en\u00e9 identifikovat v\u00fddaje, kter\u00e9 lze eliminovat, a zv\u00fd\u0161it tak disponibiln\u00ed finan\u010dn\u00ed prost\u0159edky.<\/span><\/p>\n<p>[\/et_pb_text][\/et_pb_column][et_pb_column type=&#8220;1_4&#8243; _builder_version=&#8220;4.19.0&#8243; _module_preset=&#8220;default&#8220; global_colors_info=&#8220;{}&#8220;][et_pb_text _builder_version=&#8220;4.19.0&#8243; _module_preset=&#8220;default&#8220; text_orientation=&#8220;center&#8220; global_colors_info=&#8220;{}&#8220;]<\/p>\n<p><b>Organizace pen\u011bz<\/b><span style=\"font-weight: 400;\">.<\/span><\/p>\n<p>[\/et_pb_text][et_pb_text _builder_version=&#8220;4.19.0&#8243; _module_preset=&#8220;default&#8220; text_orientation=&#8220;center&#8220; global_colors_info=&#8220;{}&#8220;]<\/p>\n<p><span style=\"font-weight: 400;\">Abyste se vyhnuli zbyte\u010dn\u00fdm v\u00fddaj\u016fm, je nutn\u00e9 odd\u011blit fixn\u00ed a ostatn\u00ed v\u00fddaje, jako je j\u00eddlo nebo osobn\u00ed \u00fadr\u017eba.<\/span><\/p>\n<p>[\/et_pb_text][\/et_pb_column][et_pb_column type=&#8220;1_4&#8243; _builder_version=&#8220;4.19.0&#8243; _module_preset=&#8220;default&#8220; global_colors_info=&#8220;{}&#8220;][et_pb_text _builder_version=&#8220;4.19.0&#8243; _module_preset=&#8220;default&#8220; text_orientation=&#8220;center&#8220; global_colors_info=&#8220;{}&#8220;]<\/p>\n<p><b>Srovn\u00e1n\u00ed financov\u00e1n\u00ed<\/b><span style=\"font-weight: 400;\">.<\/span><\/p>\n<p>[\/et_pb_text][et_pb_text _builder_version=&#8220;4.19.0&#8243; _module_preset=&#8220;default&#8220; text_orientation=&#8220;center&#8220; global_colors_info=&#8220;{}&#8220;]<\/p>\n<p><span style=\"font-weight: 400;\">Posouzen\u00edm r\u016fzn\u00fdch mo\u017enost\u00ed p\u016fj\u010dek a \u00fav\u011br\u016f m\u016f\u017eete po\u017e\u00e1dat o spr\u00e1vn\u00fd typ p\u016fj\u010dky nebo \u00fav\u011bru, kter\u00fd vyhovuje va\u0161im aktu\u00e1ln\u00edm finan\u010dn\u00edm pot\u0159eb\u00e1m.<\/span><\/p>\n<p>[\/et_pb_text][\/et_pb_column][\/et_pb_row][et_pb_row _builder_version=&#8220;4.19.0&#8243; _module_preset=&#8220;default&#8220; global_colors_info=&#8220;{}&#8220;][et_pb_column type=&#8220;4_4&#8243; _builder_version=&#8220;4.19.0&#8243; _module_preset=&#8220;default&#8220; global_colors_info=&#8220;{}&#8220;][et_pb_text _builder_version=&#8220;4.19.0&#8243; _module_preset=&#8220;default&#8220; text_orientation=&#8220;center&#8220; global_colors_info=&#8220;{}&#8220;]<\/p>\n<p><span style=\"font-weight: 400;\">Pokud jsou tyto jednoduch\u00e9 kroky provedeny spr\u00e1vn\u011b, mohou v\u00fdrazn\u011b zlep\u0161it finan\u010dn\u00ed situaci od negativn\u00edch v\u00fdsledk\u016f k \u00faspor\u00e1m. <\/span><span style=\"font-weight: 400;\">Pokud pot\u0159ebujete p\u016fj\u010dku nebo va\u0161e finan\u010dn\u00ed situace nen\u00ed takov\u00e1, jakou chcete, nev\u00e1hejte m\u011b kontaktovat, abych v\u00e1m mohl pomoci se v\u0161emi va\u0161imi dotazy ohledn\u011b financov\u00e1n\u00ed, finan\u010dn\u00edch produkt\u016f a \u00faspor.<\/span><\/p>\n<p>[\/et_pb_text][\/et_pb_column][\/et_pb_row][et_pb_row _builder_version=&#8220;4.19.0&#8243; _module_preset=&#8220;default&#8220; global_colors_info=&#8220;{}&#8220;][et_pb_column type=&#8220;4_4&#8243; _builder_version=&#8220;4.19.0&#8243; _module_preset=&#8220;default&#8220; global_colors_info=&#8220;{}&#8220;][et_pb_text _builder_version=&#8220;4.19.0&#8243; _module_preset=&#8220;default&#8220; text_orientation=&#8220;center&#8220; global_colors_info=&#8220;{}&#8220;]<\/p>\n<p>Nezapome\u0148te, \u017ee na na\u0161em blogu pravideln\u011b publikujeme kvalitn\u00ed obsah. Jist\u011b v\u00e1s zaj\u00edm\u00e1, jak \u017e\u00e1dat o p\u016fj\u010dku, nebo nap\u0159\u00edklad jak\u00e9 jsou p\u0159edschv\u00e1len\u00e9 p\u016fj\u010dky mezi mnoha dal\u0161\u00edmi pochybnostmi.<\/p>\n<p>Pod\u00edvejte se na nejnov\u011bj\u0161\u00ed p\u0159\u00edsp\u011bvky, kter\u00e9 jsme zve\u0159ejnili! Douf\u00e1me, \u017ee pro v\u00e1s budou u\u017eite\u010dn\u00e9.<\/p>\n<p>[\/et_pb_text][et_pb_blog fullwidth=&#8220;off&#8220; posts_number=&#8220;3&#8243; include_categories=&#8220;all&#8220; excerpt_length=&#8220;150&#8243; show_author=&#8220;off&#8220; show_date=&#8220;off&#8220; use_overlay=&#8220;on&#8220; overlay_icon_color=&#8220;#FFFFFF&#8220; hover_overlay_color=&#8220;rgba(14,234,197,0.69)&#8220; hover_icon=&#8220;&#xf4d5;||fa||400&#8243; _builder_version=&#8220;4.27.2&#8243; _module_preset=&#8220;default&#8220; meta_text_color=&#8220;#0EEAC5&#8243; pagination_text_color=&#8220;#0EEAC5&#8243; hover_enabled=&#8220;0&#8243; border_width_bottom_image=&#8220;2px&#8220; border_color_bottom_image=&#8220;#0EEAC5&#8243; box_shadow_style=&#8220;preset2&#8243; global_colors_info=&#8220;{}&#8220; sticky_enabled=&#8220;0&#8243;][\/et_pb_blog][\/et_pb_column][\/et_pb_row][\/et_pb_section]<\/p>\n","protected":false},"excerpt":{"rendered":"<p>Jsem Clara Duarte, va\u0161e odbornice na p\u016fj\u010dky a tipy na \u00fasporu pen\u011bz. Poskytnu v\u00e1m nejlep\u0161\u00ed n\u00e1pady na \u00fasporu pen\u011bz a tipy, jak analyzovat a vybrat nejlep\u0161\u00ed p\u016fj\u010dky pro va\u0161e osobn\u00ed pot\u0159eby. Kdy\u017e p\u0159em\u00fd\u0161l\u00edme o \u017e\u00e1dosti o p\u016fj\u010dku nebo hled\u00e1me nov\u00e9 zp\u016fsoby spo\u0159en\u00ed, v\u017edy se objev\u00ed pochybnosti. Proto, pokud m\u00e1te n\u011bjak\u00e9 pochybnosti, m\u016f\u017eete tak u\u010dinit pomoc\u00ed [&hellip;]<\/p>\n","protected":false},"author":5,"featured_media":0,"parent":0,"menu_order":0,"comment_status":"closed","ping_status":"closed","template":"","meta":{"_et_pb_use_builder":"on","_et_pb_old_content":"","_et_gb_content_width":"","footnotes":""},"class_list":["post-3029","page","type-page","status-publish","hentry"],"_links":{"self":[{"href":"https:\/\/www.banksandsaving.com\/cs\/wp-json\/wp\/v2\/pages\/3029","targetHints":{"allow":["GET"]}}],"collection":[{"href":"https:\/\/www.banksandsaving.com\/cs\/wp-json\/wp\/v2\/pages"}],"about":[{"href":"https:\/\/www.banksandsaving.com\/cs\/wp-json\/wp\/v2\/types\/page"}],"author":[{"embeddable":true,"href":"https:\/\/www.banksandsaving.com\/cs\/wp-json\/wp\/v2\/users\/5"}],"replies":[{"embeddable":true,"href":"https:\/\/www.banksandsaving.com\/cs\/wp-json\/wp\/v2\/comments?post=3029"}],"version-history":[{"count":4,"href":"https:\/\/www.banksandsaving.com\/cs\/wp-json\/wp\/v2\/pages\/3029\/revisions"}],"predecessor-version":[{"id":5267,"href":"https:\/\/www.banksandsaving.com\/cs\/wp-json\/wp\/v2\/pages\/3029\/revisions\/5267"}],"wp:attachment":[{"href":"https:\/\/www.banksandsaving.com\/cs\/wp-json\/wp\/v2\/media?parent=3029"}],"curies":[{"name":"wp","href":"https:\/\/api.w.org\/{rel}","templated":true}]}}