{"id":3014,"date":"2024-10-29T11:58:11","date_gmt":"2024-10-29T10:58:11","guid":{"rendered":"https:\/\/www.banksandsaving.com\/pravni-upozorneni\/"},"modified":"2024-11-04T13:20:09","modified_gmt":"2024-11-04T12:20:09","slug":"pravni-upozorneni","status":"publish","type":"page","link":"https:\/\/www.banksandsaving.com\/cs\/pravni-upozorneni\/","title":{"rendered":"Pr\u00e1vn\u00ed upozorn\u011bn\u00ed"},"content":{"rendered":"<p>OBECN\u00c9 PODM\u00cdNKY POU\u017d\u00cdV\u00c1N\u00cd WEBOV\u00c9HO PORT\u00c1LU Obecn\u00e9 podm\u00ednky obsa\u017een\u00e9 v tomto pr\u00e1vn\u00edm ozn\u00e1men\u00ed upravuj\u00ed p\u0159\u00edstup a pou\u017e\u00edv\u00e1n\u00ed webov\u00fdch str\u00e1nek, kter\u00e9 spole\u010dnost ADSALSA, S.L.U., v z\u00e1sad\u011b bezplatn\u011b zp\u0159\u00edstup\u0148uje u\u017eivatel\u016fm internetu, ani\u017e by byla dot\u010dena skute\u010dnost, \u017ee se tato okolnost m\u016f\u017ee v budoucnu zm\u011bnit. P\u0159\u00edstup k nim znamen\u00e1 bezv\u00fdhradn\u00fd souhlas s t\u011bmito podm\u00ednkami. Pou\u017e\u00edv\u00e1n\u00ed n\u011bkter\u00fdch slu\u017eeb nab\u00edzen\u00fdch na t\u011bchto str\u00e1nk\u00e1ch se rovn\u011b\u017e \u0159\u00edd\u00ed zvl\u00e1\u0161tn\u00edmi podm\u00ednkami stanoven\u00fdmi pro ka\u017ed\u00fd p\u0159\u00edpad, kter\u00e9 se pova\u017euj\u00ed za p\u0159ijat\u00e9 ji\u017e samotn\u00fdm pou\u017e\u00edv\u00e1n\u00edm t\u011bchto slu\u017eeb. AUTORIZACE Prohl\u00ed\u017een\u00ed, tisk a \u010d\u00e1ste\u010dn\u00e9 stahov\u00e1n\u00ed obsahu webov\u00fdch str\u00e1nek je povoleno pouze a v\u00fdhradn\u011b za n\u00e1sleduj\u00edc\u00edch podm\u00ednek:<\/p>\n<p>1. \u017ee je to slu\u010diteln\u00e9 s \u00fa\u010delem webov\u00fdch str\u00e1nek.<br \/>\n2.\u017de je prov\u00e1d\u011bno v\u00fdhradn\u011b za \u00fa\u010delem z\u00edsk\u00e1n\u00ed informac\u00ed v nich obsa\u017een\u00fdch pro osobn\u00ed a soukrom\u00e9 pou\u017eit\u00ed. Jejich pou\u017eit\u00ed pro komer\u010dn\u00ed \u00fa\u010dely nebo pro jejich \u0161\u00ed\u0159en\u00ed, ve\u0159ejn\u00e9 sd\u011blov\u00e1n\u00ed, transformaci \u010di dekompilaci je v\u00fdslovn\u011b zak\u00e1z\u00e1no.<br \/>\n3. \u017de \u017e\u00e1dn\u00fd z obsah\u016f souvisej\u00edc\u00edch s webov\u00fdmi str\u00e1nkami nen\u00ed \u017e\u00e1dn\u00fdm zp\u016fsobem upravov\u00e1n.<br \/>\n4. \u017de \u017e\u00e1dn\u00e1 grafika, ikona nebo obr\u00e1zek, kter\u00e9 jsou na webov\u00fdch str\u00e1nk\u00e1ch k dispozici, nebudou pou\u017e\u00edv\u00e1ny, kop\u00edrov\u00e1ny nebo \u0161\u00ed\u0159eny odd\u011blen\u011b od ostatn\u00edch obr\u00e1zk\u016f, kter\u00e9 je doprov\u00e1zej\u00ed.<br \/>\n5. Neopr\u00e1vn\u011bn\u00e9 pou\u017eit\u00ed informac\u00ed obsa\u017een\u00fdch na webov\u00fdch str\u00e1nk\u00e1ch, jejich dal\u0161\u00ed prodej, jako\u017e i jak\u00e9koli poru\u0161en\u00ed pr\u00e1v du\u0161evn\u00edho nebo pr\u016fmyslov\u00e9ho vlastnictv\u00ed spole\u010dnosti ADSALSA, S.L.U., m\u00e1 za n\u00e1sledek vznik z\u00e1konem stanoven\u00e9 odpov\u011bdnosti. ODPOV\u011aDNOSTI &gt; V\u0160EOBECN\u011a Za p\u0159\u00edstup na tyto webov\u00e9 str\u00e1nky i za p\u0159\u00edpadn\u00e9 neopr\u00e1vn\u011bn\u00e9 pou\u017eit\u00ed informac\u00ed na nich obsa\u017een\u00fdch nese v\u00fdhradn\u00ed odpov\u011bdnost u\u017eivatel. Provoz a dostupnost webov\u00fdch str\u00e1nek: Spole\u010dnost ADSALSA, S.L.U. si vyhrazuje pr\u00e1vo kdykoli a bez p\u0159edchoz\u00edho upozorn\u011bn\u00ed prov\u00e1d\u011bt zm\u011bny a aktualizace informac\u00ed obsa\u017een\u00fdch na webov\u00fdch str\u00e1nk\u00e1ch, jejich konfigurace a prezentace a podm\u00ednek p\u0159\u00edstupu.<\/p>\n<p>Spole\u010dnost ADSALSA, S.L.U. nep\u0159eb\u00edr\u00e1 \u017e\u00e1dnou odpov\u011bdnost za p\u0159\u00edpadn\u00e9 bezpe\u010dnostn\u00ed chyby, kter\u00e9 mohou nastat, ani za \u0161kody, kter\u00e9 mohou b\u00fdt zp\u016fsobeny na po\u010d\u00edta\u010dov\u00e9m syst\u00e9mu u\u017eivatele (hardwaru a softwaru) nebo na souborech \u010di dokumentech v n\u011bm ulo\u017een\u00fdch, v d\u016fsledku 1. P\u0159\u00edtomnost viru v po\u010d\u00edta\u010di u\u017eivatele, kter\u00fd je pou\u017e\u00edv\u00e1n k p\u0159ipojen\u00ed ke slu\u017eb\u00e1m a obsahu webov\u00fdch str\u00e1nek;<\/p>\n<p>2. Porucha prohl\u00ed\u017ee\u010de;<\/p>\n<p>3. Pou\u017eit\u00ed jeho neaktualizovan\u00e9 verze.<\/p>\n<p>Spole\u010dnost ADSALSA, S.L.U. pou\u017e\u00edv\u00e1 programy pro detekci vir\u016f ke kontrole ve\u0161ker\u00e9ho obsahu, kter\u00fd na webov\u00e9 str\u00e1nky vkl\u00e1d\u00e1. Spole\u010dnost ADSALSA, S.L.U. v\u0161ak nezaru\u010duje, \u017ee se na Webov\u00e9 str\u00e1nce nevyskytuj\u00ed viry nebo jin\u00e9 prvky, kter\u00e9 na ni zanesly t\u0159et\u00ed strany nespojen\u00e9 se spole\u010dnost\u00ed ADSALSA, S.L.U. a kter\u00e9 mohou zp\u016fsobit zm\u011bny ve fyzick\u00fdch nebo logick\u00fdch syst\u00e9mech U\u017eivatel\u016f nebo v elektronick\u00fdch dokumentech a souborech ulo\u017een\u00fdch v jejich syst\u00e9mech. Spole\u010dnost ADSALSA, S.L.U. proto v \u017e\u00e1dn\u00e9m p\u0159\u00edpad\u011b neodpov\u00edd\u00e1 za \u0161kody jak\u00e9hokoli druhu, kter\u00e9 mohou vzniknout v d\u016fsledku p\u0159\u00edtomnosti vir\u016f nebo jin\u00fdch prvk\u016f, kter\u00e9 mohou zp\u016fsobit zm\u011bny ve fyzick\u00fdch nebo logick\u00fdch syst\u00e9mech, elektronick\u00fdch dokumentech nebo souborech u\u017eivatel\u016f.<\/p>\n<p>Stejn\u011b tak spole\u010dnost ADSALSA, S.L.U. pou\u017e\u00edv\u00e1 r\u016fzn\u00e1 opat\u0159en\u00ed na ochranu sv\u00fdch webov\u00fdch str\u00e1nek p\u0159ed po\u010d\u00edta\u010dov\u00fdmi \u00fatoky t\u0159et\u00edch stran. Spole\u010dnost ADSALSA, S.L.U. v\u0161ak nezaru\u010duje, \u017ee neopr\u00e1vn\u011bn\u00e9 t\u0159et\u00ed strany nebudou m\u00edt p\u0159\u00edstup k typu pou\u017e\u00edv\u00e1n\u00ed Webov\u00fdch str\u00e1nek U\u017eivatelem nebo k podm\u00ednk\u00e1m, vlastnostem a okolnostem, za kter\u00fdch je toto pou\u017e\u00edv\u00e1n\u00ed prov\u00e1d\u011bno. Spole\u010dnost ADSALSA, S.L.U. proto v \u017e\u00e1dn\u00e9m p\u0159\u00edpad\u011b neodpov\u00edd\u00e1 za \u0161kody, kter\u00e9 mohou vzniknout v d\u016fsledku takov\u00e9ho neopr\u00e1vn\u011bn\u00e9ho p\u0159\u00edstupu. Spole\u010dnost ADSALSA, S.L.U. nezaru\u010duje, \u017ee nedojde k p\u0159eru\u0161en\u00ed nebo chyb\u00e1m v p\u0159\u00edstupu na webov\u00e9 str\u00e1nky nebo k jejich obsahu, ani \u017ee budou aktu\u00e1ln\u00ed. Spole\u010dnost ADSALSA, S.L.U. provede, pokud neexistuj\u00ed p\u0159\u00ed\u010diny, kter\u00e9 by znemo\u017enily nebo zt\u00ed\u017eily jej\u00ed proveden\u00ed, a jakmile se dozv\u00ed o chyb\u00e1ch, p\u0159eru\u0161en\u00edch spojen\u00ed nebo nedostate\u010dn\u00e9 aktualizaci obsahu, v\u0161echny \u00fakoly zam\u011b\u0159en\u00e9 na opravu chyb, obnoven\u00ed komunikace a aktualizaci obsahu.<\/p>\n<p>Spole\u010dnost ADSALSA, S.L.U. si vyhrazuje pr\u00e1vo kdykoli a bez p\u0159edchoz\u00edho upozorn\u011bn\u00ed p\u0159eru\u0161it p\u0159\u00edstup ke sv\u00fdm webov\u00fdm str\u00e1nk\u00e1m nebo k jak\u00e9mukoli jejich obsahu. 1. O obsahu a kvalit\u011b slu\u017eby<\/p>\n<p>Spole\u010dnost ADSALSA, S.L.U. nep\u0159eb\u00edr\u00e1 \u017e\u00e1dnou odpov\u011bdnost za obsah odkazovan\u00fd na webov\u00e9 str\u00e1nky, pokud s nimi nesouvis\u00ed, ani nezaru\u010duje, \u017ee neobsahuj\u00ed viry nebo jin\u00e9 prvky, kter\u00e9 by mohly zp\u016fsobit zm\u011bny v po\u010d\u00edta\u010dov\u00e9m syst\u00e9mu (hardwaru a softwaru), v dokumentech nebo souborech u\u017eivatele, a vylu\u010duje jakoukoli odpov\u011bdnost za \u0161kody jak\u00e9hokoli druhu zp\u016fsoben\u00e9 u\u017eivateli z tohoto d\u016fvodu.<\/p>\n<p>V p\u0159\u00edpad\u011b, \u017ee by se kter\u00fdkoli u\u017eivatel, klient nebo t\u0159et\u00ed osoba domn\u00edval, \u017ee obsah nebo slu\u017eby poskytovan\u00e9 odkazovan\u00fdmi str\u00e1nkami jsou nez\u00e1konn\u00e9 nebo po\u0161kozuj\u00ed majetek nebo pr\u00e1va samotn\u00e9ho u\u017eivatele, klienta nebo t\u0159et\u00ed osoby odpov\u011bdn\u00e9 za n\u00e1hradu \u0161kody, a zejm\u00e9na spo\u010d\u00edvaj\u00ed v tom, \u017ee<\/p>\n<p>1. \u010cinnosti nebo obsah, kter\u00e9 mohou b\u00fdt podle \u0161pan\u011blsk\u00e9ho trestn\u00edho pr\u00e1va pova\u017eov\u00e1ny za trestn\u00e9.<\/p>\n<p>2. \u010cinnosti nebo obsah, kter\u00e9 poru\u0161uj\u00ed pr\u00e1va du\u0161evn\u00edho nebo pr\u016fmyslov\u00e9ho vlastnictv\u00ed.<\/p>\n<p>3. \u010cinnosti nebo obsahy, kter\u00e9 ohro\u017euj\u00ed ve\u0159ejn\u00fd po\u0159\u00e1dek, vy\u0161et\u0159ov\u00e1n\u00ed trestn\u00fdch \u010din\u016f, ve\u0159ejnou bezpe\u010dnost a obranu st\u00e1tu.<\/p>\n<p>4. \u010cinnosti nebo obsah, kter\u00e9 ohro\u017euj\u00ed ochranu ve\u0159ejn\u00e9ho zdrav\u00ed, respektov\u00e1n\u00ed lidsk\u00e9 d\u016fstojnosti a z\u00e1sady nediskriminace a ochranu zdrav\u00ed a d\u011bt\u00ed. Spole\u010dnost ADSALSA, S.L.U. m\u016f\u017ee spole\u010dnost ADSALSA, S.L.U. upozornit, av\u0161ak p\u0159ijet\u00ed takov\u00e9ho upozorn\u011bn\u00ed nep\u0159edstavuje v\u011bdomost pro \u00fa\u010dely odpov\u011bdnosti stanoven\u00e9 v \u010dl\u00e1nku 17 LSSICE Spole\u010dnost ADSALSA, S.L.U. nenese \u017e\u00e1dnou odpov\u011bdnost za nedostate\u010dnou u\u017eite\u010dnost nebo vhodnost pro konkr\u00e9tn\u00ed pou\u017eit\u00ed t\u011bchto webov\u00fdch str\u00e1nek. Stejn\u011b tak neodpov\u00edd\u00e1 za \u0161kody, kter\u00e9 mohou u\u017eivateli vzniknout v d\u016fsledku chyb nebo opomenut\u00ed v obsahu t\u011bchto webov\u00fdch str\u00e1nek, a\u010dkoli se zavazuje pravideln\u011b ov\u011b\u0159ovat a sledovat obsah a informace na nich obsa\u017een\u00e9. 1. Pou\u017eit\u00ed.<\/p>\n<p>Spole\u010dnost ADSALSA, S.L.U. za \u017e\u00e1dn\u00fdch okolnost\u00ed neodpov\u00edd\u00e1 za pou\u017eit\u00ed webov\u00fdch str\u00e1nek nebo jejich obsahu u\u017eivateli, ani za p\u0159\u00edpadn\u00e9 \u0161kody, kter\u00e9 z toho mohou vzniknout.<\/p>\n<p>1. Odkazy na jin\u00e9 webov\u00e9 str\u00e1nky<\/p>\n<p>Ve\u0161ker\u00e9 odkazy t\u0159et\u00edch stran na Webov\u00e9 str\u00e1nky mus\u00ed sm\u011b\u0159ovat na jejich domovskou str\u00e1nku a \u201ehlubok\u00e9 odkazy\u201c, \u201er\u00e1mov\u00e1n\u00ed\u201c a jak\u00e9koli jin\u00e9 pou\u017eit\u00ed obsahu Webov\u00fdch str\u00e1nek neopr\u00e1vn\u011bn\u00fdmi t\u0159et\u00edmi stranami je v\u00fdslovn\u011b zak\u00e1z\u00e1no.<\/p>\n<p>Prost\u0159ednictv\u00edm t\u00e9to Webov\u00e9 str\u00e1nky m\u016f\u017ee U\u017eivatel p\u0159istupovat na webov\u00e9 str\u00e1nky pat\u0159\u00edc\u00ed a\/nebo spravovan\u00e9 t\u0159et\u00edmi stranami.<\/p>\n<p>P\u0159\u00edtomnost takov\u00fdch odkaz\u016f m\u00e1 pouze informativn\u00ed charakter a v \u017e\u00e1dn\u00e9m p\u0159\u00edpad\u011b nep\u0159edstavuje v\u00fdzvu k uzav\u0159en\u00ed smlouvy na produkty nebo slu\u017eby nab\u00edzen\u00e9 na c\u00edlov\u00e9 webov\u00e9 str\u00e1nce. U\u017eivatel p\u0159istupuje k obsahu na vlastn\u00ed odpov\u011bdnost a za podm\u00ednek pou\u017eit\u00ed, kter\u00e9 je upravuj\u00ed. U\u017eivatel bere na v\u011bdom\u00ed a souhlas\u00ed s t\u00edm, \u017ee spole\u010dnost ADSALSA, S.L.U. nenese \u017e\u00e1dnou p\u0159\u00edmou ani nep\u0159\u00edmou odpov\u011bdnost za p\u0159\u00edpadn\u00e9 \u0161kody zp\u016fsoben\u00e9 p\u0159\u00edstupem k takov\u00fdm odkaz\u016fm. V p\u0159\u00edpad\u011b, \u017ee se spole\u010dnost ADSALSA, S.L.U. dozv\u00ed, \u017ee informace nebo \u010dinnost, na kterou odkazuje z uveden\u00fdch odkaz\u016f, je nez\u00e1konn\u00e1, p\u0159edstavuje trestn\u00fd \u010din nebo m\u016f\u017ee po\u0161kodit majetek nebo pr\u00e1va t\u0159et\u00ed strany, kter\u00e1 je povinna k n\u00e1hrad\u011b \u0161kody, bude jednat s nezbytnou pe\u010dlivost\u00ed, aby p\u0159\u00edslu\u0161n\u00fd odkaz co nejd\u0159\u00edve odstranila nebo zak\u00e1zala.<\/p>\n<p>PR\u016eMYSLOV\u00c9 VLASTNICTV\u00cd<br \/>\nPou\u017e\u00edv\u00e1n\u00ed t\u011bchto webov\u00fdch str\u00e1nek neposkytuje u\u017eivateli \u017e\u00e1dn\u00e1 pr\u00e1va k ochrann\u00fdm zn\u00e1mk\u00e1m, obchodn\u00edm n\u00e1zv\u016fm, rozli\u0161ovac\u00edm znak\u016fm nebo vzor\u016fm jak\u00e9hokoli druhu, kter\u00e9 se na t\u011bchto webov\u00fdch str\u00e1nk\u00e1ch objevuj\u00ed. \u010cl\u00e1nky, zpr\u00e1vy, pr\u00e1vn\u00ed p\u0159edpisy a dal\u0161\u00ed ve\u0159ejn\u00fd obsah, jejich\u017e pr\u00e1va du\u0161evn\u00edho vlastnictv\u00ed nepat\u0159\u00ed spole\u010dnosti ADSALSA, S.L.U., jsou zve\u0159ej\u0148ov\u00e1ny v\u00fdhradn\u011b za \u00fa\u010delem informov\u00e1n\u00ed u\u017eivatel\u016f t\u011bchto webov\u00fdch str\u00e1nek.<br \/>\nSpole\u010dnost ADSALSA, S.L.U. je vlastn\u00edkem zdrojov\u00e9ho k\u00f3du, designu, naviga\u010dn\u00ed struktury, datab\u00e1z\u00ed a r\u016fzn\u00fdch softwarov\u00fdch prvk\u016f webov\u00fdch str\u00e1nek, jako\u017e i pr\u00e1v pr\u016fmyslov\u00e9ho a du\u0161evn\u00edho vlastnictv\u00ed vztahuj\u00edc\u00edch se k obsahu, kter\u00fd je na nich obsa\u017een.<\/p>\n","protected":false},"excerpt":{"rendered":"<p>OBECN\u00c9 PODM\u00cdNKY POU\u017d\u00cdV\u00c1N\u00cd WEBOV\u00c9HO PORT\u00c1LU Obecn\u00e9 podm\u00ednky obsa\u017een\u00e9 v tomto pr\u00e1vn\u00edm ozn\u00e1men\u00ed upravuj\u00ed p\u0159\u00edstup a pou\u017e\u00edv\u00e1n\u00ed webov\u00fdch str\u00e1nek, kter\u00e9 spole\u010dnost ADSALSA, S.L.U., v z\u00e1sad\u011b bezplatn\u011b zp\u0159\u00edstup\u0148uje u\u017eivatel\u016fm internetu, ani\u017e by byla dot\u010dena skute\u010dnost, \u017ee se tato okolnost m\u016f\u017ee v budoucnu zm\u011bnit. P\u0159\u00edstup k nim znamen\u00e1 bezv\u00fdhradn\u00fd souhlas s t\u011bmito podm\u00ednkami. Pou\u017e\u00edv\u00e1n\u00ed n\u011bkter\u00fdch slu\u017eeb nab\u00edzen\u00fdch na [&hellip;]<\/p>\n","protected":false},"author":1,"featured_media":0,"parent":0,"menu_order":0,"comment_status":"closed","ping_status":"closed","template":"","meta":{"_et_pb_use_builder":"","_et_pb_old_content":"","_et_gb_content_width":"","footnotes":""},"class_list":["post-3014","page","type-page","status-publish","hentry"],"_links":{"self":[{"href":"https:\/\/www.banksandsaving.com\/cs\/wp-json\/wp\/v2\/pages\/3014","targetHints":{"allow":["GET"]}}],"collection":[{"href":"https:\/\/www.banksandsaving.com\/cs\/wp-json\/wp\/v2\/pages"}],"about":[{"href":"https:\/\/www.banksandsaving.com\/cs\/wp-json\/wp\/v2\/types\/page"}],"author":[{"embeddable":true,"href":"https:\/\/www.banksandsaving.com\/cs\/wp-json\/wp\/v2\/users\/1"}],"replies":[{"embeddable":true,"href":"https:\/\/www.banksandsaving.com\/cs\/wp-json\/wp\/v2\/comments?post=3014"}],"version-history":[{"count":1,"href":"https:\/\/www.banksandsaving.com\/cs\/wp-json\/wp\/v2\/pages\/3014\/revisions"}],"predecessor-version":[{"id":4622,"href":"https:\/\/www.banksandsaving.com\/cs\/wp-json\/wp\/v2\/pages\/3014\/revisions\/4622"}],"wp:attachment":[{"href":"https:\/\/www.banksandsaving.com\/cs\/wp-json\/wp\/v2\/media?parent=3014"}],"curies":[{"name":"wp","href":"https:\/\/api.w.org\/{rel}","templated":true}]}}